{"id":4329,"date":"2025-10-12T09:35:07","date_gmt":"2025-10-12T09:35:07","guid":{"rendered":"https:\/\/prostarsolar.com\/rack-mount-lithium-battery-system-25-6-38-4-51-2-76-8-102-4-192-256vdc\/"},"modified":"2025-10-12T09:35:11","modified_gmt":"2025-10-12T09:35:11","slug":"rack-mount-lithium-battery-system-25-6-38-4-51-2-76-8-102-4-192-256vdc","status":"publish","type":"product","link":"https:\/\/prostarsolar.com\/fr\/rack-mount-lithium-battery-system-25-6-38-4-51-2-76-8-102-4-192-256vdc\/","title":{"rendered":"Syst\u00e8me de batterie au lithium \u00e0 montage en rack (25,6\/38,4\/51,2\/76,8\/102,4\/192\/256VDC)"},"content":{"rendered":"<div class=\"p_infoItem\"> <link href=\"https:\/\/m2cdn.fastindexs.com\/npmanager\/static\/lib\/ckeditor5\/preview.css?v=1.3.047\" rel=\"stylesheet\">\n<p>Le syst\u00e8me de piles au lithium \u00e0 montage en rack de la s\u00e9rie PER-LS de Prostar, con\u00e7u pour les applications d'ASI essentielles, la s\u00e9rie PRL-2U offre une alimentation de secours prolong\u00e9e avec des taux de d\u00e9charge tr\u00e8s \u00e9lev\u00e9s (jusqu'\u00e0 7C). Dot\u00e9e d'options de tension \u00e9volutives (25,6-256 VDC) et de la technologie LiFePO4 de pointe, elle garantit plus de 10 ans de service fiable dans les environnements \u00e0 forte demande. Son format compact 2U r\u00e9duit l'encombrement de 33% par rapport aux solutions plomb-acide, tandis que le BMS intelligent int\u00e9gr\u00e9 garantit une protection compl\u00e8te de la s\u00e9curit\u00e9. Con\u00e7u pour une extension parall\u00e8le transparente (jusqu'\u00e0 4 unit\u00e9s), ce syst\u00e8me offre une base d'alimentation \u00e0 l'\u00e9preuve du temps pour les centres de donn\u00e9es modernes, les installations industrielles et les infrastructures de t\u00e9l\u00e9communications.<\/p>\n<p>\u00a0<\/p>\n<hr>\n<p>\u00a0<\/p>\n<h2><span style=\"font-size:18px;\"><strong>Caract\u00e9ristiques Introduction<\/strong><\/span><\/h2>\n<p>\u00a0<\/p>\n<ul>\n<li>\n<h3><span style=\"font-size:14px;\">Cellules LiFePO4 : Stabilit\u00e9 \u00e9lev\u00e9e et s\u00e9curit\u00e9 accrue<\/span><\/h3>\n<\/li>\n<li>\n<h3><span style=\"font-size:14px;\">Interfaces doubles : Ports de communication standard RS232\/RS485<\/span><\/h3>\n<\/li>\n<li>\n<h3><span style=\"font-size:14px;\">Smart BMS : protection int\u00e9gr\u00e9e contre la surcharge, la surd\u00e9charge, la surchauffe, la surintensit\u00e9 et les courts-circuits.<\/span><\/h3>\n<\/li>\n<li>\n<h3><span style=\"font-size:14px;\">Sauvegarde \u00e9tendue : Dur\u00e9e de d\u00e9charge jusqu'\u00e0 30 minutes<\/span><\/h3>\n<\/li>\n<li>\n<h3><span style=\"font-size:14px;\">Long\u00e9vit\u00e9 \u00e9lev\u00e9e : Dur\u00e9e de vie de la batterie Li-ion &gt;2000 cycles<\/span><\/h3>\n<\/li>\n<li>\n<h3><span style=\"font-size:14px;\">Chargement prolong\u00e9 des flotteurs : Con\u00e7u pour une dur\u00e9e de vie prolong\u00e9e du flotteur<\/span><\/h3>\n<\/li>\n<li>\n<h3><span style=\"font-size:14px;\">Conception compacte : 33% plus petit que les \u00e9quivalents au plomb-acide<\/span><\/h3>\n<\/li>\n<li>\n<h3><span style=\"font-size:14px;\">L\u00e9g\u00e8ret\u00e9 : r\u00e9duction du poids de la 66% par rapport aux batteries plomb-acide<\/span><\/h3>\n<\/li>\n<li>\n<h3><span style=\"font-size:14px;\">Long\u00e9vit\u00e9 : dur\u00e9e de vie de 4 \u00e0 5 fois et dur\u00e9e de vie calendaire de plus de 10 ans<\/span><\/h3>\n<\/li>\n<li>\n<h3><span style=\"font-size:14px;\">\u00c9volutif : Possibilit\u00e9 d'extension en parall\u00e8le jusqu'\u00e0 4 unit\u00e9s de batterie<\/span><\/h3>\n<\/li>\n<\/ul>\n<h2 style=\"font-style:italic;\">\u00a0<\/h2>\n<hr>\n<p>\u00a0<\/p>\n<h2><span style=\"font-size:16px;\"><big><strong>Diagramme d'application<\/strong><\/big><\/span><\/h2>\n<p>\u00a0<\/p>\n<p style=\"text-align:center;\"><img decoding=\"async\" class=\"image_resized\" id=\"1977288666066944000\" src=\"https:\/\/omo-oss-image.thefastimg.com\/portal-saas\/new2022060220505010624\/cms\/image\/e770d147-4e6e-4a86-ba00-6a0fc314e8eb.jpg\" style=\"max-width:none;width:75%;\"><\/p>\n<p>\u00a0<\/p>\n<hr>\n<p>\u00a0<\/p>\n<\/p><\/div>","protected":false},"excerpt":{"rendered":"<p class=\"e_text-32 s_summary\">\n    Syst\u00e8me de batterie au lithium \u00e0 montage en rack de la s\u00e9rie PER-LS | Tension de la batterie : 25,6VDC\/38,4VDC\/51,2VDC\/76,8VDC\/102,4VDC\/192VDC\/256VDC<\/p>","protected":false},"featured_media":0,"comment_status":"closed","ping_status":"closed","template":"","meta":{"_acf_changed":false},"product_cat":[15],"product_tag":[],"acf":[],"_links":{"self":[{"href":"https:\/\/prostarsolar.com\/fr\/wp-json\/wp\/v2\/product\/4329"}],"collection":[{"href":"https:\/\/prostarsolar.com\/fr\/wp-json\/wp\/v2\/product"}],"about":[{"href":"https:\/\/prostarsolar.com\/fr\/wp-json\/wp\/v2\/types\/product"}],"replies":[{"embeddable":true,"href":"https:\/\/prostarsolar.com\/fr\/wp-json\/wp\/v2\/comments?post=4329"}],"wp:attachment":[{"href":"https:\/\/prostarsolar.com\/fr\/wp-json\/wp\/v2\/media?parent=4329"}],"wp:term":[{"taxonomy":"product_cat","embeddable":true,"href":"https:\/\/prostarsolar.com\/fr\/wp-json\/wp\/v2\/product_cat?post=4329"},{"taxonomy":"product_tag","embeddable":true,"href":"https:\/\/prostarsolar.com\/fr\/wp-json\/wp\/v2\/product_tag?post=4329"}],"curies":[{"name":"wp","href":"https:\/\/api.w.org\/{rel}","templated":true}]}}