{"id":4308,"date":"2025-10-12T07:36:20","date_gmt":"2025-10-12T07:36:20","guid":{"rendered":"https:\/\/prostarsolar.com\/line-interactive-lithium-ups-500va-10kva-1-1-pf0-6-110vac-120vac-220vac-230vac\/"},"modified":"2025-10-12T07:36:23","modified_gmt":"2025-10-12T07:36:23","slug":"line-interactive-lithium-ups-500va-10kva-1-1-pf0-6-110vac-120vac-220vac-230vac","status":"publish","type":"product","link":"https:\/\/prostarsolar.com\/fr\/line-interactive-lithium-ups-500va-10kva-1-1-pf0-6-110vac-120vac-220vac-230vac\/","title":{"rendered":"Line Interactive Lithium UPS 500VA-10kVA (1\/1 PF:0.6 110VAC\/120VAC\/220VAC\/230VAC )"},"content":{"rendered":"<div class=\"p_infoItem\"> <link href=\"https:\/\/m2cdn.fastindexs.com\/npmanager\/static\/lib\/ckeditor5\/preview.css?v=1.3.047\" rel=\"stylesheet\">\n<p>L'onduleur au lithium interactif en ligne de la s\u00e9rie PLT+Li de Prostar int\u00e8gre un contr\u00f4le num\u00e9rique avanc\u00e9 afin d'offrir une sortie sinuso\u00efdale pure, garantissant une qualit\u00e9 d'alimentation sup\u00e9rieure pour les charges sensibles. Sa conception \u00e0 fr\u00e9quence industrielle offre une immunit\u00e9 robuste contre les surtensions, tandis que le BMS intelligent prot\u00e8ge la batterie LiFePO4 int\u00e9gr\u00e9e gr\u00e2ce \u00e0 une protection multicouche (surcharge\/d\u00e9charge\/temp\u00e9rature\/courant\/court-circuit). La prise en charge de la tension\/courant de charge r\u00e9glable et les deux modes de fonctionnement permettent une recharge rapide aliment\u00e9e par le r\u00e9seau\/g\u00e9n\u00e9rateur et une sauvegarde transparente de l'infrastructure critique.<\/p>\n<p>\u00a0<\/p>\n<hr>\n<p>\u00a0<\/p>\n<h2><span style=\"font-size:16px;\"><big><strong>Caract\u00e9ristiques Introduction<\/strong><\/big><\/span><\/h2>\n<p>\u00a0<\/p>\n<ul>\n<li>\n<h3><span style=\"font-size:14px;\">BMS intelligent avec protection contre les surcharges, les surd\u00e9charges, les surchauffes, les surintensit\u00e9s et les courts-circuits.<\/span><\/h3>\n<\/li>\n<li>\n<h3><span style=\"font-size:14px;\">Batterie LiFePO4 int\u00e9gr\u00e9e : grande stabilit\u00e9, excellente s\u00e9curit\u00e9<\/span><\/h3>\n<\/li>\n<li>\n<h3><span style=\"font-size:14px;\">Technologie de commutation \u00e0 haute fr\u00e9quence<\/span><\/h3>\n<\/li>\n<li>\n<h3><span style=\"font-size:14px;\">Courant de charge \u00e9lev\u00e9 \u00e0 partir du r\u00e9seau pour une charge rapide<\/span><\/h3>\n<\/li>\n<li>\n<h3><span style=\"font-size:14px;\">Technologies de protection multiples<\/span><\/h3>\n<\/li>\n<li>\n<h3><span style=\"font-size:14px;\">Tension de charge r\u00e9glable pour l'adaptation de la batterie<\/span><\/h3>\n<\/li>\n<li>\n<h3><span style=\"font-size:14px;\">Courant de charge r\u00e9glable pour une plus grande flexibilit\u00e9 de la capacit\u00e9<\/span><\/h3>\n<\/li>\n<li>\n<h3><span style=\"font-size:14px;\">Deux modes de fonctionnement s\u00e9lectionnables<\/span><\/h3>\n<\/li>\n<li>\n<h3><span style=\"font-size:14px;\">Possibilit\u00e9 de raccordement d'un g\u00e9n\u00e9rateur<\/span><\/h3>\n<\/li>\n<li>\n<h3><span style=\"font-size:14px;\">Port de sortie DC et interface de chargement USB<\/span><\/h3>\n<\/li>\n<\/ul>\n<p>\u00a0<\/p>\n<hr>\n<p>\u00a0<\/p>\n<h2><span style=\"font-size:16px;\"><big><strong>Diagramme d'application<\/strong><\/big><\/span><\/h2>\n<p>\u00a0<\/p>\n<p style=\"text-align:center;\"><img decoding=\"async\" class=\"image_resized\" id=\"1977263120052269056\" src=\"https:\/\/omo-oss-image.thefastimg.com\/portal-saas\/new2022060220505010624\/cms\/image\/acc7f285-9c87-4a9f-9357-7819d1880cff.jpg\" style=\"width:75%;\"><\/p>\n<p style=\"text-align:center;\">\u00a0<\/p>\n<hr>\n<p>\u00a0<\/p>\n<\/p><\/div>","protected":false},"excerpt":{"rendered":"<p class=\"e_text-32 s_summary\">\n    S\u00e9rie PLT Line Interactive UPS | Capacit\u00e9 : 500VA-10kVA | Facteur de puissance : 0.6 | Phase : 1\/1 | Tension d'entr\u00e9e\/sortie : 100VAC\/110VAC\/115VAC\/120VAC\/127VAC\/220VAC\/230VAC\/240VAC | Fr\u00e9quence : 50Hz\/60Hz<\/p>","protected":false},"featured_media":0,"comment_status":"closed","ping_status":"closed","template":"","meta":{"_acf_changed":false},"product_cat":[15],"product_tag":[],"acf":[],"_links":{"self":[{"href":"https:\/\/prostarsolar.com\/fr\/wp-json\/wp\/v2\/product\/4308"}],"collection":[{"href":"https:\/\/prostarsolar.com\/fr\/wp-json\/wp\/v2\/product"}],"about":[{"href":"https:\/\/prostarsolar.com\/fr\/wp-json\/wp\/v2\/types\/product"}],"replies":[{"embeddable":true,"href":"https:\/\/prostarsolar.com\/fr\/wp-json\/wp\/v2\/comments?post=4308"}],"wp:attachment":[{"href":"https:\/\/prostarsolar.com\/fr\/wp-json\/wp\/v2\/media?parent=4308"}],"wp:term":[{"taxonomy":"product_cat","embeddable":true,"href":"https:\/\/prostarsolar.com\/fr\/wp-json\/wp\/v2\/product_cat?post=4308"},{"taxonomy":"product_tag","embeddable":true,"href":"https:\/\/prostarsolar.com\/fr\/wp-json\/wp\/v2\/product_tag?post=4308"}],"curies":[{"name":"wp","href":"https:\/\/api.w.org\/{rel}","templated":true}]}}