{"id":4299,"date":"2025-10-12T05:41:07","date_gmt":"2025-10-12T05:41:07","guid":{"rendered":"https:\/\/prostarsolar.com\/lithium-ups-6kva-40kva-1-1-3-3-pf0-8-220vac-230vac-240vac\/"},"modified":"2025-10-12T05:41:09","modified_gmt":"2025-10-12T05:41:09","slug":"lithium-ups-6kva-40kva-1-1-3-3-pf0-8-220vac-230vac-240vac","status":"publish","type":"product","link":"https:\/\/prostarsolar.com\/fr\/lithium-ups-6kva-40kva-1-1-3-3-pf0-8-220vac-230vac-240vac\/","title":{"rendered":"Onduleur au lithium 6kVA-40kVA (1\/1 3\/3 PF:0.8 220VAC\/230VAC\/240VAC)"},"content":{"rendered":"<div class=\"p_infoItem\"> <link href=\"https:\/\/m2cdn.fastindexs.com\/npmanager\/static\/lib\/ckeditor5\/preview.css?v=1.3.047\" rel=\"stylesheet\">\n<p>Les onduleurs monophas\u00e9s au lithium de la s\u00e9rie E+Li de Prostar repr\u00e9sentent l'\u00e9volution de la protection de l'alimentation critique, con\u00e7ue pour les applications critiques exigeant une fiabilit\u00e9 sans compromis. Cette plateforme de nouvelle g\u00e9n\u00e9ration int\u00e8gre la technologie lithium-ion avec une v\u00e9ritable topologie de double conversion en ligne, offrant une qualit\u00e9 d'alimentation et une r\u00e9silience sup\u00e9rieures. Le contr\u00f4le num\u00e9rique DSP avanc\u00e9 et la modulation SVPWM IGBT assurent une gestion pr\u00e9cise de l'entr\u00e9e hybride service public\/batterie, tandis que le BMS propri\u00e9taire prot\u00e8ge contre les risques thermiques et optimise la long\u00e9vit\u00e9 des cellules gr\u00e2ce \u00e0 une surveillance en temps r\u00e9el de la tension, du courant et de la temp\u00e9rature. Con\u00e7ue pour les r\u00e9seaux faibles et les charges \u00e0 fort impact, sa capacit\u00e9 de charge rapide 3x minimise les temps d'arr\u00eat, et le mode ECO permet d'atteindre une efficacit\u00e9 de 98%. La solution am\u00e9liore encore la continuit\u00e9 op\u00e9rationnelle gr\u00e2ce \u00e0 la prise en charge de la redondance parall\u00e8le et \u00e0 la surveillance \u00e0 distance compl\u00e8te via des interfaces multiprotocoles (RS485\/CAN\/SNMP\/WiFi).<\/p>\n<p>\u00a0<\/p>\n<hr>\n<p>\u00a0<\/p>\n<h2><span style=\"font-size:16px;\"><big><strong>Caract\u00e9ristiques Introduction<\/strong><\/big><\/span><\/h2>\n<p>\u00a0<\/p>\n<ul>\n<li>\n<h3><span style=\"font-size:14px;\">Le BMS int\u00e9gr\u00e9 emp\u00eache les surcharges, les d\u00e9charges profondes, les courts-circuits et l'emballement thermique.<\/span><\/h3>\n<\/li>\n<li>\n<h3><span style=\"font-size:14px;\">Surveillance en temps r\u00e9el de la tension, du courant, de la temp\u00e9rature, du SoC et du SoH des cellules Li-ion<\/span><\/h3>\n<\/li>\n<li>\n<h3><span style=\"font-size:14px;\">La technologie d'alimentation hybride combine l'alimentation \u00e9lectrique et la batterie, avec une distribution r\u00e9glable. Id\u00e9ale pour les r\u00e9seaux faibles et les charges \u00e9lev\u00e9es<\/span><\/h3>\n<\/li>\n<li>\n<h3><span style=\"font-size:14px;\">La charge rapide (jusqu'\u00e0 3 fois) r\u00e9duit les temps d'arr\u00eat et acc\u00e9l\u00e8re le r\u00e9tablissement.<\/span><\/h3>\n<\/li>\n<li>\n<h3><span style=\"font-size:14px;\">Le mode ECO offre une efficacit\u00e9 allant jusqu'\u00e0 98% et permet un fonctionnement en parall\u00e8le.<\/span><\/h3>\n<\/li>\n<li>\n<h3><span style=\"font-size:14px;\">L'adaptabilit\u00e9 \u00e0 la charge permet de supporter des charges motrices et des charges d'impact<\/span><\/h3>\n<\/li>\n<li>\n<h3><span style=\"font-size:14px;\">Le contr\u00f4le num\u00e9rique int\u00e9gral DSP offre des performances accrues<\/span><\/h3>\n<\/li>\n<li>\n<h3><span style=\"font-size:14px;\">\u00c9quip\u00e9 de fonctions compl\u00e8tes d'enregistrement des d\u00e9fauts, d'enregistrement des op\u00e9rations et d'enregistrement de l'\u00e9tat, facilitant l'entretien et la r\u00e9paration.<\/span><\/h3>\n<\/li>\n<li>\n<h3><span style=\"font-size:14px;\">Prend en charge RS232, RS485, CAN, USB, contact sec, carte SNMP, carte WiFi\/GPRS, etc.<\/span><\/h3>\n<\/li>\n<li>\n<h3><span style=\"font-size:14px;\">Un \u00e9cran tactile capacitif LCD de 5 pouces permet une utilisation intuitive.<\/span><\/h3>\n<\/li>\n<\/ul>\n<p>\u00a0<\/p>\n<hr>\n<p>\u00a0<\/p>\n<h2><span style=\"font-size:16px;\"><big><strong>Technologie des batteries lithium-ion<\/strong><\/big><\/span><\/h2>\n<p>\u00a0<\/p>\n<p>La technologie lithium-ion est en train de r\u00e9volutionner les batteries des onduleurs. Compar\u00e9es aux batteries traditionnelles au plomb-acide \u00e0 r\u00e9gulation par soupape (VRLA), les batteries Prostar au lithium-ion offrent une densit\u00e9 de puissance consid\u00e9rablement plus \u00e9lev\u00e9e, une dur\u00e9e de vie jusqu'\u00e0 trois fois plus longue, des temps de recharge plus rapides et peuvent supporter jusqu'\u00e0 dix fois plus de cycles de d\u00e9charge. Elles sont assorties d'une garantie standard de 5 ans et offrent une dur\u00e9e de vie utile plus que doubl\u00e9e et un temps de fonctionnement nettement plus long.<\/p>\n<p>\u00a0<\/p>\n<hr>\n<p>\u00a0<\/p>\n<p><span style=\"font-size:16px;\"><big><strong>Batterie lithium-ion VS VRLA<\/strong><\/big><\/span><\/p>\n<p>\u00a0<\/p>\n<p style=\"text-align:center;\">\u00a0<\/p>\n<figure class=\"table\" style=\"width:945px;\">\n<table align=\"center\" class=\"Table\" style='border-collapse:collapse;font-family:\"Times New Roman\";font-size:13px;margin-left:9px;margin-right:9px;'>\n<tbody>\n<tr>\n<td style=\"border:1px solid #7f7f7f;padding:8px 11px;width:289px;\" valign=\"center\">\n<p style=\"text-indent: 0pt; text-align: center;\"><span style=\"color:#000000;font-family:Arial;font-size:9.0000pt;\"><span style=\"letter-spacing:0.2500pt;line-height:12.0000pt;vertical-align:middle;\"><strong>Fonctionnalit\u00e9<\/strong><\/span><\/span><\/p>\n<\/td>\n<td style=\"border:1px solid #7f7f7f;padding:8px 11px;width:247px;\" valign=\"center\">\n<p style=\"text-indent: 0pt; text-align: center;\"><span style=\"color:#000000;font-family:Arial;font-size:9.0000pt;\"><span style=\"letter-spacing:0.2500pt;line-height:12.0000pt;vertical-align:middle;\"><strong>Batterie VRLA<\/strong><\/span><\/span><\/p>\n<\/td>\n<td style=\"border:1px solid #7f7f7f;padding:8px 11px;width:247px;\" valign=\"center\">\n<p style=\"text-indent: 0pt; text-align: center;\"><span style=\"color:#000000;font-family:Arial;font-size:9.0000pt;\"><span style=\"letter-spacing:0.2500pt;line-height:12.0000pt;vertical-align:middle;\"><strong>Batterie LiFePO4<\/strong><\/span><\/span><\/p>\n<\/td>\n<td style=\"border:1px solid #7f7f7f;padding:8px 11px;width:633px;\" valign=\"center\">\n<p style=\"text-indent: 0pt; text-align: center;\"><span style=\"color:#000000;font-family:Arial;font-size:9.0000pt;\"><span style=\"letter-spacing:0.2500pt;line-height:12.0000pt;vertical-align:middle;\"><strong>Avantages de la batterie lithium-ion<\/strong><\/span><\/span><\/p>\n<\/td>\n<\/tr>\n<tr>\n<td style=\"border-bottom:1px solid #7f7f7f;border-left:1px solid #7f7f7f;border-right:1px solid #7f7f7f;border-top-style:none;padding:8px 11px;width:289px;\" valign=\"center\">\n<p style=\"text-indent: 0pt; text-align: center;\"><span style=\"color:#000000;font-family:Arial;font-size:9.0000pt;\"><span style=\"letter-spacing:0.1500pt;line-height:12.0000pt;vertical-align:middle;\">Autonomie en veille<\/span><\/span><\/p>\n<\/td>\n<td style=\"border-bottom:1px solid #7f7f7f;border-left:1px solid #7f7f7f;border-right:1px solid #7f7f7f;border-top-style:none;padding:8px 11px;width:247px;\" valign=\"center\">\n<p style=\"text-indent: 0pt; text-align: center;\"><span style=\"color:#000000;font-family:Arial;font-size:9.0000pt;\"><span style=\"letter-spacing:0.1500pt;line-height:12.0000pt;vertical-align:middle;\">3-5 ans<\/span><\/span><\/p>\n<\/td>\n<td style=\"border-bottom:1px solid #7f7f7f;border-left:1px solid #7f7f7f;border-right:1px solid #7f7f7f;border-top-style:none;padding:8px 11px;width:247px;\" valign=\"center\">\n<p style=\"text-indent: 0pt; text-align: center;\"><span style=\"color:#000000;font-family:Arial;font-size:9.0000pt;\"><span style=\"letter-spacing:0.1500pt;line-height:12.0000pt;vertical-align:middle;\">Plus de 10 ans<\/span><\/span><\/p>\n<\/td>\n<td style=\"border-bottom:1px solid #7f7f7f;border-left:1px solid #7f7f7f;border-right:1px solid #7f7f7f;border-top-style:none;padding:8px 11px;width:633px;\" valign=\"center\">\n<p style=\"text-indent: 0pt; text-align: center;\"><span style=\"color:#000000;font-family:Arial;font-size:9.0000pt;\"><span style=\"letter-spacing:0.1500pt;line-height:12.0000pt;vertical-align:middle;\">Dur\u00e9e de vie jusqu'\u00e0 3 fois plus longue.<\/span><\/span><\/p>\n<\/td>\n<\/tr>\n<tr>\n<td style=\"border-bottom:1px solid #7f7f7f;border-left:1px solid #7f7f7f;border-right:1px solid #7f7f7f;border-top-style:none;padding:8px 11px;width:289px;\" valign=\"center\">\n<p style=\"text-indent: 0pt; text-align: center;\"><span style=\"color:#000000;font-family:Arial;font-size:9.0000pt;\"><span style=\"letter-spacing:0.1500pt;line-height:12.0000pt;vertical-align:middle;\">Dur\u00e9e de vie typique<\/span><\/span><\/p>\n<\/td>\n<td style=\"border-bottom:1px solid #7f7f7f;border-left:1px solid #7f7f7f;border-right:1px solid #7f7f7f;border-top-style:none;padding:8px 11px;width:247px;\" valign=\"center\">\n<p style=\"text-indent: 0pt; text-align: center;\"><span style=\"color:#000000;font-family:Arial;font-size:9.0000pt;\"><span style=\"letter-spacing:0.1500pt;line-height:12.0000pt;vertical-align:middle;\">260-300<\/span><\/span><\/p>\n<\/td>\n<td style=\"border-bottom:1px solid #7f7f7f;border-left:1px solid #7f7f7f;border-right:1px solid #7f7f7f;border-top-style:none;padding:8px 11px;width:247px;\" valign=\"center\">\n<p style=\"text-indent: 0pt; text-align: center;\"><span style=\"color:#000000;font-family:Arial;font-size:9.0000pt;\"><span style=\"letter-spacing:0.1500pt;line-height:12.0000pt;vertical-align:middle;\">Plus de 3000<\/span><\/span><\/p>\n<\/td>\n<td style=\"border-bottom:1px solid #7f7f7f;border-left:1px solid #7f7f7f;border-right:1px solid #7f7f7f;border-top-style:none;padding:8px 11px;width:633px;\" valign=\"center\">\n<p style=\"text-indent: 0pt; text-align: center;\"><span style=\"color:#000000;font-family:Arial;font-size:9.0000pt;\"><span style=\"letter-spacing:0.1500pt;line-height:12.0000pt;vertical-align:middle;\">Jusqu'\u00e0 10 fois plus de cycles de d\u00e9charge\/recharge disponibles.<\/span><\/span><\/p>\n<\/td>\n<\/tr>\n<tr>\n<td style=\"border-bottom:1px solid #7f7f7f;border-left:1px solid #7f7f7f;border-right:1px solid #7f7f7f;border-top-style:none;padding:8px 11px;width:289px;\" valign=\"center\">\n<p style=\"text-indent: 0pt; text-align: center;\"><span style=\"color:#000000;font-family:Arial;font-size:9.0000pt;\"><span style=\"letter-spacing:0.1500pt;line-height:12.0000pt;vertical-align:middle;\">Temps de recharge de la batterie<\/span><\/span><\/p>\n<\/td>\n<td style=\"border-bottom:1px solid #7f7f7f;border-left:1px solid #7f7f7f;border-right:1px solid #7f7f7f;border-top-style:none;padding:8px 11px;width:247px;\" valign=\"center\">\n<p style=\"text-indent: 0pt; text-align: center;\"><span style=\"color:#000000;font-family:Arial;font-size:9.0000pt;\"><span style=\"letter-spacing:0.1500pt;line-height:12.0000pt;vertical-align:middle;\">3-8 heures<\/span><\/span><\/p>\n<\/td>\n<td style=\"border-bottom:1px solid #7f7f7f;border-left:1px solid #7f7f7f;border-right:1px solid #7f7f7f;border-top-style:none;padding:8px 11px;width:247px;\" valign=\"center\">\n<p style=\"text-indent: 0pt; text-align: center;\"><span style=\"color:#000000;font-family:Arial;font-size:9.0000pt;\"><span style=\"letter-spacing:0.1500pt;line-height:12.0000pt;vertical-align:middle;\">&lt; 2 heures<\/span><\/span><\/p>\n<\/td>\n<td style=\"border-bottom:1px solid #7f7f7f;border-left:1px solid #7f7f7f;border-right:1px solid #7f7f7f;border-top-style:none;padding:8px 11px;width:633px;\" valign=\"center\">\n<p style=\"text-indent: 0pt; text-align: center;\"><span style=\"color:#000000;font-family:Arial;font-size:9.0000pt;\"><span style=\"letter-spacing:0.1500pt;line-height:12.0000pt;vertical-align:middle;\">Temps de r\u00e9cup\u00e9ration rapide, plusieurs pannes peuvent \u00eatre g\u00e9r\u00e9es sur une courte p\u00e9riode.<\/span><\/span><\/p>\n<\/td>\n<\/tr>\n<tr>\n<td style=\"border-bottom:1px solid #7f7f7f;border-left:1px solid #7f7f7f;border-right:1px solid #7f7f7f;border-top-style:none;padding:8px 11px;width:289px;\" valign=\"center\">\n<p style=\"text-indent: 0pt; text-align: center;\"><span style=\"color:#000000;font-family:Arial;font-size:9.0000pt;\"><span style=\"letter-spacing:0.1500pt;line-height:12.0000pt;vertical-align:middle;\">Poids de la batterie<\/span><\/span><\/p>\n<\/td>\n<td style=\"border-bottom:1px solid #7f7f7f;border-left:1px solid #7f7f7f;border-right:1px solid #7f7f7f;border-top-style:none;padding:8px 11px;width:247px;\" valign=\"center\">\n<p style=\"text-indent: 0pt; text-align: center;\"><span style=\"color:#000000;font-family:Arial;font-size:9.0000pt;\"><span style=\"letter-spacing:0.1500pt;line-height:12.0000pt;vertical-align:middle;\">Lourd<\/span><\/span><\/p>\n<\/td>\n<td style=\"border-bottom:1px solid #7f7f7f;border-left:1px solid #7f7f7f;border-right:1px solid #7f7f7f;border-top-style:none;padding:8px 11px;width:247px;\" valign=\"center\">\n<p style=\"text-indent: 0pt; text-align: center;\"><span style=\"color:#000000;font-family:Arial;font-size:9.0000pt;\"><span style=\"letter-spacing:0.1500pt;line-height:12.0000pt;vertical-align:middle;\">Lumi\u00e8re<\/span><\/span><\/p>\n<\/td>\n<td style=\"border-bottom:1px solid #7f7f7f;border-left:1px solid #7f7f7f;border-right:1px solid #7f7f7f;border-top-style:none;padding:8px 11px;width:633px;\" valign=\"center\">\n<p style=\"text-indent: 0pt; text-align: center;\"><span style=\"color:#000000;font-family:Arial;font-size:9.0000pt;\"><span style=\"letter-spacing:0.1500pt;line-height:12.0000pt;vertical-align:middle;\">Pr\u00e8s de 40% de r\u00e9duction de poids, adapt\u00e9 aux petits espaces et aux racks muraux.<\/span><\/span><\/p>\n<\/td>\n<\/tr>\n<tr>\n<td style=\"border-bottom:1px solid #7f7f7f;border-left:1px solid #7f7f7f;border-right:1px solid #7f7f7f;border-top-style:none;padding:8px 11px;width:289px;\" valign=\"center\">\n<p style=\"text-indent: 0pt; text-align: center;\"><span style=\"color:#000000;font-family:Arial;font-size:9.0000pt;\"><span style=\"letter-spacing:0.1500pt;line-height:12.0000pt;vertical-align:middle;\">Garantie<\/span><\/span><\/p>\n<\/td>\n<td style=\"border-bottom:1px solid #7f7f7f;border-left:1px solid #7f7f7f;border-right:1px solid #7f7f7f;border-top-style:none;padding:8px 11px;width:247px;\" valign=\"center\">\n<p style=\"text-indent: 0pt; text-align: center;\"><span style=\"color:#000000;font-family:Arial;font-size:9.0000pt;\"><span style=\"letter-spacing:0.1500pt;line-height:12.0000pt;vertical-align:middle;\">1 \u00e0 2 ans<\/span><\/span><\/p>\n<\/td>\n<td style=\"border-bottom:1px solid #7f7f7f;border-left:1px solid #7f7f7f;border-right:1px solid #7f7f7f;border-top-style:none;padding:8px 11px;width:247px;\" valign=\"center\">\n<p style=\"text-indent: 0pt; text-align: center;\"><span style=\"color:#000000;font-family:Arial;font-size:9.0000pt;\"><span style=\"letter-spacing:0.1500pt;line-height:12.0000pt;vertical-align:middle;\">5 ans<\/span><\/span><\/p>\n<\/td>\n<td style=\"border-bottom:1px solid #7f7f7f;border-left:1px solid #7f7f7f;border-right:1px solid #7f7f7f;border-top-style:none;padding:8px 11px;width:633px;\" valign=\"center\">\n<p style=\"text-indent: 0pt; text-align: center;\"><span style=\"color:#000000;font-family:Arial;font-size:9.0000pt;\"><span style=\"letter-spacing:0.1500pt;line-height:12.0000pt;vertical-align:middle;\">Installer et partir - id\u00e9al pour les endroits \u00e9loign\u00e9s ou sans personnel.<\/span><\/span><\/p>\n<\/td>\n<\/tr>\n<\/tbody>\n<\/table>\n<\/figure>\n<p>\u00a0<\/p>\n<hr>\n<p>\u00a0<\/p>\n<h2><span style=\"font-size:16px;\"><big><strong>Diagramme d'application<\/strong><\/big><\/span><\/h2>\n<p>\u00a0<\/p>\n<p style=\"text-align:center;\"><img decoding=\"async\" class=\"image_resized\" id=\"1977219505430011904\" src=\"https:\/\/omo-oss-image.thefastimg.com\/portal-saas\/new2022060220505010624\/cms\/image\/4c5d9d5c-1c6d-436f-8914-029494a65316.jpg\" style=\"width:75%;\"><\/p>\n<p>\u00a0<\/p>\n<hr>\n<p>\u00a0<\/p>\n<\/p><\/div>","protected":false},"excerpt":{"rendered":"<p class=\"e_text-32 s_summary\">\n    Onduleur lithium monophas\u00e9 de la s\u00e9rie E+Li | Capacit\u00e9 : 6kVA-40kVA | Facteur de puissance : 0.8 | Phase : 1\/1 3\/1 | Tension de sortie : 220VAC\/230VAC\/240AC | Fr\u00e9quence : 50Hz\/60Hz<\/p>","protected":false},"featured_media":0,"comment_status":"closed","ping_status":"closed","template":"","meta":{"_acf_changed":false},"product_cat":[15],"product_tag":[],"acf":[],"_links":{"self":[{"href":"https:\/\/prostarsolar.com\/fr\/wp-json\/wp\/v2\/product\/4299"}],"collection":[{"href":"https:\/\/prostarsolar.com\/fr\/wp-json\/wp\/v2\/product"}],"about":[{"href":"https:\/\/prostarsolar.com\/fr\/wp-json\/wp\/v2\/types\/product"}],"replies":[{"embeddable":true,"href":"https:\/\/prostarsolar.com\/fr\/wp-json\/wp\/v2\/comments?post=4299"}],"wp:attachment":[{"href":"https:\/\/prostarsolar.com\/fr\/wp-json\/wp\/v2\/media?parent=4299"}],"wp:term":[{"taxonomy":"product_cat","embeddable":true,"href":"https:\/\/prostarsolar.com\/fr\/wp-json\/wp\/v2\/product_cat?post=4299"},{"taxonomy":"product_tag","embeddable":true,"href":"https:\/\/prostarsolar.com\/fr\/wp-json\/wp\/v2\/product_tag?post=4299"}],"curies":[{"name":"wp","href":"https:\/\/api.w.org\/{rel}","templated":true}]}}