{"id":4294,"date":"2025-10-12T04:08:08","date_gmt":"2025-10-12T04:08:08","guid":{"rendered":"https:\/\/prostarsolar.com\/lithium-ups-1kva-10kva-1-1-pf1-0-208-220-230-240vac\/"},"modified":"2025-10-12T04:08:10","modified_gmt":"2025-10-12T04:08:10","slug":"lithium-ups-1kva-10kva-1-1-pf1-0-208-220-230-240vac","status":"publish","type":"product","link":"https:\/\/prostarsolar.com\/fr\/lithium-ups-1kva-10kva-1-1-pf1-0-208-220-230-240vac\/","title":{"rendered":"Onduleur au lithium 1kVA-10kVA (1\/1 PF:1.0 208\/220\/230\/240VAC)"},"content":{"rendered":"<div class=\"p_infoItem\"> <link href=\"https:\/\/m2cdn.fastindexs.com\/npmanager\/static\/lib\/ckeditor5\/preview.css?v=1.3.047\" rel=\"stylesheet\">\n<p>La s\u00e9rie Prostar PET+Li repr\u00e9sente une solution d'alimentation sans coupure au lithium de nouvelle g\u00e9n\u00e9ration con\u00e7ue pour les applications basse tension essentielles. Combinant la technologie de double conversion contr\u00f4l\u00e9e par DSP et la chimie des batteries LiFePO4, cette plateforme offre une qualit\u00e9 d'alimentation sup\u00e9rieure (sortie PF 1.0) tout en permettant une dur\u00e9e de sauvegarde trois fois plus longue que celle des syst\u00e8mes au plomb-acide. Sa fen\u00eatre d'entr\u00e9e ultra large 110-300VAC et l'adaptabilit\u00e9 de la fr\u00e9quence 50\/60Hz assurent la r\u00e9silience op\u00e9rationnelle dans divers environnements \u00e9lectriques, y compris la compatibilit\u00e9 avec les groupes \u00e9lectrog\u00e8nes. Avec un cycle de vie de la batterie de &gt;2000 cycles et une protection BMS intelligente, la s\u00e9rie r\u00e9duit le co\u00fbt total de possession gr\u00e2ce \u00e0 des performances durables et des capacit\u00e9s de surveillance MODBUS int\u00e9gr\u00e9es.<\/p>\n<p>\u00a0<\/p>\n<hr>\n<p>\u00a0<\/p>\n<h2><span style=\"font-size:18px;\"><strong>Caract\u00e9ristiques Introduction<\/strong><\/span><\/h2>\n<p>\u00a0<\/p>\n<ul>\n<li>\n<h3><span style=\"font-size:14px;\">Contr\u00f4le DSP<\/span><\/h3>\n<\/li>\n<li>\n<h3><span style=\"font-size:14px;\">Facteur de puissance de sortie : 1,0<\/span><\/h3>\n<\/li>\n<li>\n<h3><span style=\"font-size:14px;\">Chimie des batteries LiFePO4 (stabilit\u00e9, s\u00e9curit\u00e9 et fiabilit\u00e9 accrues)<\/span><\/h3>\n<\/li>\n<li>\n<h3><span style=\"font-size:14px;\">Dur\u00e9e de vie de la batterie Li-ion &gt;2000 cycles<\/span><\/h3>\n<\/li>\n<li>\n<h3><span style=\"font-size:14px;\">Temps de sauvegarde 3x plus long (par rapport \u00e0 l'onduleur plomb-acide)<\/span><\/h3>\n<\/li>\n<li>\n<h3><span style=\"font-size:14px;\">BMS intelligent (protection contre la surcharge, la d\u00e9charge, la temp\u00e9rature, le courant et les courts-circuits)<\/span><\/h3>\n<\/li>\n<li>\n<h3><span style=\"font-size:14px;\">Chargement Li-ion CC\/CV\/Float (3 \u00e9tapes)<\/span><\/h3>\n<\/li>\n<li>\n<h3><span style=\"font-size:14px;\">Compatibilit\u00e9 des g\u00e9n\u00e9rateurs<\/span><\/h3>\n<\/li>\n<li>\n<h3><span style=\"font-size:14px;\">110-300VAC Plage de tension d'entr\u00e9e ultra large<\/span><\/h3>\n<\/li>\n<li>\n<h3><span style=\"font-size:14px;\">50\/60Hz Mode du convertisseur de fr\u00e9quence<\/span><\/h3>\n<\/li>\n<li>\n<h3><span style=\"font-size:14px;\">Configuration personnalis\u00e9e de la batterie<\/span><\/h3>\n<\/li>\n<li>\n<h3><span style=\"font-size:14px;\">Mode ECO et fonction de d\u00e9marrage \u00e0 froid<\/span><\/h3>\n<\/li>\n<\/ul>\n<p>\u00a0<\/p>\n<hr>\n<p>\u00a0<\/p>\n<h2><span style=\"font-size:16px;\"><big><strong>Diagramme d'application<\/strong><\/big><\/span><\/h2>\n<p>\u00a0<\/p>\n<p>\u00a0<\/p>\n<p style=\"text-align:center;\"><img decoding=\"async\" class=\"image_resized\" id=\"1977202842090483712\" src=\"https:\/\/omo-oss-image.thefastimg.com\/portal-saas\/new2022060220505010624\/cms\/image\/4b28fa66-9e30-41df-bcfc-76fe45745e3a.jpg\" style=\"width:75%;\"><\/p>\n<p style=\"text-align:center;\">\u00a0<\/p>\n<hr>\n<p>\u00a0<\/p>\n<\/p><\/div>","protected":false},"excerpt":{"rendered":"<p class=\"e_text-32 s_summary\">\n    PET+Li Series Single Phase Lithium UPS | Capacit\u00e9 : 1kVA-10kVA | Facteur de puissance : 1.0 | Phase : 1\/1 | Tension d'entr\u00e9e\/sortie : 208VAC\/220VAC\/230VAC\/240VAC | Fr\u00e9quence : 50Hz\/60Hz<\/p>","protected":false},"featured_media":0,"comment_status":"closed","ping_status":"closed","template":"","meta":{"_acf_changed":false},"product_cat":[15],"product_tag":[],"acf":[],"_links":{"self":[{"href":"https:\/\/prostarsolar.com\/fr\/wp-json\/wp\/v2\/product\/4294"}],"collection":[{"href":"https:\/\/prostarsolar.com\/fr\/wp-json\/wp\/v2\/product"}],"about":[{"href":"https:\/\/prostarsolar.com\/fr\/wp-json\/wp\/v2\/types\/product"}],"replies":[{"embeddable":true,"href":"https:\/\/prostarsolar.com\/fr\/wp-json\/wp\/v2\/comments?post=4294"}],"wp:attachment":[{"href":"https:\/\/prostarsolar.com\/fr\/wp-json\/wp\/v2\/media?parent=4294"}],"wp:term":[{"taxonomy":"product_cat","embeddable":true,"href":"https:\/\/prostarsolar.com\/fr\/wp-json\/wp\/v2\/product_cat?post=4294"},{"taxonomy":"product_tag","embeddable":true,"href":"https:\/\/prostarsolar.com\/fr\/wp-json\/wp\/v2\/product_tag?post=4294"}],"curies":[{"name":"wp","href":"https:\/\/api.w.org\/{rel}","templated":true}]}}