{"id":4286,"date":"2025-04-17T03:40:12","date_gmt":"2025-04-17T03:40:12","guid":{"rendered":"https:\/\/prostarsolar.com\/modular-ups-90kva-300kva-3-3-pf1-0-380vac-400vac-415vac\/"},"modified":"2025-04-17T03:40:15","modified_gmt":"2025-04-17T03:40:15","slug":"modular-ups-90kva-300kva-3-3-pf1-0-380vac-400vac-415vac","status":"publish","type":"product","link":"https:\/\/prostarsolar.com\/fr\/modular-ups-90kva-300kva-3-3-pf1-0-380vac-400vac-415vac\/","title":{"rendered":"ASI modulaire 90kVA-300kVA (3\/3 PF:1.0 380VAC\/400VAC\/415VAC)"},"content":{"rendered":"<div class=\"p_infoItem\">\n<p>L'onduleur modulaire Prostar de la s\u00e9rie Mars utilise une technologie de double conversion en ligne tr\u00e8s efficace, atteignant un taux d'efficacit\u00e9 de 94,5%. Il s'int\u00e8gre parfaitement aux conceptions les plus r\u00e9centes des centres de donn\u00e9es, offrant ainsi un syst\u00e8me ASI modulaire hautement fiable, redondant et \u00e9volutif. Le syst\u00e8me ASI modulaire de la s\u00e9rie Mars pr\u00e9sente une architecture extr\u00eamement flexible, et ses modules d'alimentation utilisent une conception de remplacement \u00e0 chaud en ligne. Ceux-ci peuvent \u00eatre facilement retir\u00e9s, install\u00e9s et entretenus pendant que le syst\u00e8me fonctionne sans affecter son fonctionnement ou sa production, ce qui permet de r\u00e9aliser des plans d'investissement en fonction des besoins. Cette conception permet non seulement de r\u00e9pondre aux besoins d'extension future des \u00e9quipements des utilisateurs, mais aussi de r\u00e9duire les co\u00fbts d'achat initiaux.<\/p>\n<p>\u00a0<\/p>\n<hr>\n<p style=\"color: rgb(76, 76, 76); white-space: normal; text-align: center;\">\u00a0<\/p>\n<h2><span style=\"font-size:16px;\"><big><b>Caract\u00e9ristiques Introduction<\/b><\/big><\/span><\/h2>\n<p>\u00a0<\/p>\n<h3><span style=\"font-size:14px;\">1. Technologie de double conversion en ligne \u00e0 haut rendement<br \/>\n2. Grande \u00e9volutivit\u00e9<br \/>\n3. Facteur de puissance de sortie unitaire<br \/>\n4. La conception modulaire r\u00e9duit le MTTR (temps moyen de r\u00e9paration)<br \/>\n5. Facilit\u00e9 d'installation et d'entretien<br \/>\n6. La configuration flexible de la batterie s'adapte \u00e0 diff\u00e9rentes applications<br \/>\n7. Courant de charge r\u00e9glable<br \/>\n8. Capacit\u00e9 de surcharge \u00e9lev\u00e9e<br \/>\n9. \u00c9cran graphique LCD de 5,7\u2033 pour une gestion ais\u00e9e<br \/>\n10. Redondance parall\u00e8le N+1 ou N+X pour la garantie de puissance<\/span><\/h3>\n<p>\u00a0<\/p>\n<hr>\n<p>\u00a0<\/p>\n<\/p><\/div>","protected":false},"excerpt":{"rendered":"<p class=\"e_text-32 s_summary\">\n    Mars Series Modular UPS | Capacit\u00e9 : 90kVA-300kVA | Facteur de puissance : 1.0 | Phase : 3\/3 | Tension d'entr\u00e9e\/sortie : 380VAC\/400VAC\/415VAC | Fr\u00e9quence : 50Hz\/60Hz<\/p>","protected":false},"featured_media":0,"comment_status":"closed","ping_status":"closed","template":"","meta":{"_acf_changed":false},"product_cat":[15],"product_tag":[],"acf":[],"_links":{"self":[{"href":"https:\/\/prostarsolar.com\/fr\/wp-json\/wp\/v2\/product\/4286"}],"collection":[{"href":"https:\/\/prostarsolar.com\/fr\/wp-json\/wp\/v2\/product"}],"about":[{"href":"https:\/\/prostarsolar.com\/fr\/wp-json\/wp\/v2\/types\/product"}],"replies":[{"embeddable":true,"href":"https:\/\/prostarsolar.com\/fr\/wp-json\/wp\/v2\/comments?post=4286"}],"wp:attachment":[{"href":"https:\/\/prostarsolar.com\/fr\/wp-json\/wp\/v2\/media?parent=4286"}],"wp:term":[{"taxonomy":"product_cat","embeddable":true,"href":"https:\/\/prostarsolar.com\/fr\/wp-json\/wp\/v2\/product_cat?post=4286"},{"taxonomy":"product_tag","embeddable":true,"href":"https:\/\/prostarsolar.com\/fr\/wp-json\/wp\/v2\/product_tag?post=4286"}],"curies":[{"name":"wp","href":"https:\/\/api.w.org\/{rel}","templated":true}]}}