{"id":4284,"date":"2025-04-15T09:21:06","date_gmt":"2025-04-15T09:21:06","guid":{"rendered":"https:\/\/prostarsolar.com\/3-phase-lithium-ups-10kva-200kva-3-3-pf1-0-380vac-400vac-415vac\/"},"modified":"2025-04-15T09:21:08","modified_gmt":"2025-04-15T09:21:08","slug":"3-phase-lithium-ups-10kva-200kva-3-3-pf1-0-380vac-400vac-415vac","status":"publish","type":"product","link":"https:\/\/prostarsolar.com\/fr\/3-phase-lithium-ups-10kva-200kva-3-3-pf1-0-380vac-400vac-415vac\/","title":{"rendered":"Onduleur lithium 3 phases 10kVA-200kVA (3\/3 PF:1.0 380VAC\/400VAC\/415VAC)"},"content":{"rendered":"<div class=\"p_infoItem\">\n<p>Les onduleurs au lithium triphas\u00e9s de la s\u00e9rie ET LI de Prostar red\u00e9finissent la r\u00e9silience en mati\u00e8re d'alimentation critique gr\u00e2ce \u00e0 la technologie lithium-ion avanc\u00e9e, offrant une charge ultra rapide (acc\u00e9l\u00e9ration 3x) pour minimiser les temps d'arr\u00eat et un BMS int\u00e9gr\u00e9 garantissant la s\u00e9curit\u00e9 gr\u00e2ce \u00e0 la surveillance en temps r\u00e9el de la tension, de la temp\u00e9rature, du SoC et du SoH. Son architecture hybride contr\u00f4l\u00e9e par DSP \u00e9quilibre dynamiquement la puissance du r\u00e9seau et de la batterie pour une stabilit\u00e9 dans les r\u00e9seaux faibles ou les charges extr\u00eames, tandis que le support de charge d\u00e9s\u00e9quilibr\u00e9e 100% g\u00e8re les demandes de phase complexes. Optimis\u00e9e par le mode ECO (efficacit\u00e9 de 98%) et la connectivit\u00e9 multi protocole, cette s\u00e9rie illustre la sup\u00e9riorit\u00e9 des ASI au lithium : haute densit\u00e9 \u00e9nerg\u00e9tique, s\u00e9curit\u00e9 intelligente et adaptabilit\u00e9 op\u00e9rationnelle pour sauvegarder les op\u00e9rations critiques avec un encombrement et des co\u00fbts de cycle de vie r\u00e9duits.<\/p>\n<p>\u00a0<\/p>\n<hr>\n<p>\u00a0<\/p>\n<h2><span style=\"font-size:16px;\"><big><b>Caract\u00e9ristiques Introduction<\/b><\/big><\/span><\/h2>\n<h3>\n<span style=\"font-size:14px;\">1. la charge rapide (jusqu'\u00e0 3x) r\u00e9duit les temps d'arr\u00eat et acc\u00e9l\u00e8re le r\u00e9tablissement.<br \/>\n2. le BMS int\u00e9gr\u00e9 emp\u00eache les surcharges, les d\u00e9charges profondes, les courts-circuits et l'emballement thermique.<br \/>\n3. surveille en temps r\u00e9el la tension, le courant, la temp\u00e9rature, le SoC et le SoH de la cellule Li-ion.<br \/>\n4. le contr\u00f4le num\u00e9rique DSP garantit des performances optimales.<br \/>\n5. la technologie d'alimentation hybride combine l'alimentation \u00e9lectrique et la batterie, avec une distribution r\u00e9glable. Id\u00e9ale pour les r\u00e9seaux faibles et les charges \u00e9lev\u00e9es.<br \/>\n6. supporte les charges d\u00e9s\u00e9quilibr\u00e9es 100%, y compris les charges compl\u00e8tes monophas\u00e9es ou biphas\u00e9es.<br \/>\n7 Certains mod\u00e8les sont dot\u00e9s d'un acc\u00e8s frontal pour l'entretien et d'un montage mural.<br \/>\n8. le mode ECO offre un rendement allant jusqu'\u00e0 98% et permet un fonctionnement en parall\u00e8le.<br \/>\nL'\u00e9cran tactile LCD de 9,7 pouces simplifie l'utilisation. Des enregistrements complets facilitent l'entretien.<br \/>\n10. connectivit\u00e9 : RS232, RS485, CAN, USB, contact sec, SNMP, WiFi\/GPRS.<\/span><\/h3>\n<p>\u00a0<\/p>\n<hr>\n<p>\u00a0<\/p>\n<h2><span style=\"font-size:16px;\"><big><b>Technologie des batteries lithium-ion<\/b><\/big><\/span><\/h2>\n<p>\u00a0<\/p>\n<p>La technologie lithium-ion est en train de r\u00e9volutionner les batteries des onduleurs. Compar\u00e9es aux batteries traditionnelles au plomb-acide \u00e0 r\u00e9gulation par soupape (VRLA), les batteries Prostar au lithium-ion offrent une densit\u00e9 de puissance consid\u00e9rablement plus \u00e9lev\u00e9e, une dur\u00e9e de vie jusqu'\u00e0 trois fois plus longue, des temps de recharge plus rapides et peuvent supporter jusqu'\u00e0 dix fois plus de cycles de d\u00e9charge. Elles sont assorties d'une garantie standard de 5 ans et offrent une dur\u00e9e de vie utile plus que doubl\u00e9e et un temps de fonctionnement nettement plus long.<\/p>\n<p>\u00a0<\/p>\n<table align=\"center\" class=\"Table\" style='border-collapse:collapse; width:945px; margin-left:9px; margin-right:9px; border:none; font-family:\"Times New Roman\"; font-size:13px'>\n<tbody>\n<tr>\n<td style=\"border-bottom:1px solid black; width:223px; padding:8px 11px 8px 11px; border-top:1px solid black; border-right:1px solid black; border-left:1px solid black\" valign=\"center\">\n<p align=\"center\" style=\"text-indent:0.0000pt; text-align:center\"><span style=\"font-size:10.5pt\"><span style=\"vertical-align:middle\"><span style=\"line-height:12.0000pt\"><span style=\"font-family:Calibri\"><b><span style=\"font-size:9.0000pt\"><span style=\"font-family:Arial\"><span style=\"letter-spacing:0.2500pt\"><span style=\"font-weight:bold\">Fonctionnalit\u00e9<\/span><\/span><\/span><\/span><\/b><\/span><\/span><\/span><\/span><\/p>\n<\/td>\n<td style=\"border-bottom:1px solid black; width:191px; padding:8px 11px 8px 11px; border-top:1px solid black; border-right:1px solid black; border-left:none\" valign=\"center\">\n<p align=\"center\" style=\"text-indent:0.0000pt; text-align:center\"><span style=\"font-size:10.5pt\"><span style=\"vertical-align:middle\"><span style=\"line-height:12.0000pt\"><span style=\"font-family:Calibri\"><b><span style=\"font-size:9.0000pt\"><span style=\"font-family:Arial\"><span style=\"letter-spacing:0.2500pt\"><span style=\"font-weight:bold\">Batterie VRLA<\/span><\/span><\/span><\/span><\/b><\/span><\/span><\/span><\/span><\/p>\n<\/td>\n<td style=\"border-bottom:1px solid black; width:191px; padding:8px 11px 8px 11px; border-top:1px solid black; border-right:1px solid black; border-left:none\" valign=\"center\">\n<p align=\"center\" style=\"text-indent:0.0000pt; text-align:center\"><span style=\"font-size:10.5pt\"><span style=\"vertical-align:middle\"><span style=\"line-height:12.0000pt\"><span style=\"font-family:Calibri\"><b><span style=\"font-size:9.0000pt\"><span style=\"font-family:Arial\"><span style=\"letter-spacing:0.2500pt\"><span style=\"font-weight:bold\">Batterie LiFePO4<\/span><\/span><\/span><\/span><\/b><\/span><\/span><\/span><\/span><\/p>\n<\/td>\n<td style=\"border-bottom:1px solid black; width:488px; padding:8px 11px 8px 11px; border-top:1px solid black; border-right:1px solid black; border-left:none\" valign=\"center\">\n<p align=\"center\" style=\"text-indent:0.0000pt; text-align:center\"><span style=\"font-size:10.5pt\"><span style=\"vertical-align:middle\"><span style=\"line-height:12.0000pt\"><span style=\"font-family:Calibri\"><b><span style=\"font-size:9.0000pt\"><span style=\"font-family:Arial\"><span style=\"letter-spacing:0.2500pt\"><span style=\"font-weight:bold\">Avantages de la batterie lithium-ion<\/span><\/span><\/span><\/span><\/b><\/span><\/span><\/span><\/span><\/p>\n<\/td>\n<\/tr>\n<tr>\n<td style=\"border-bottom:1px solid black; width:223px; padding:8px 11px 8px 11px; border-top:none; border-right:1px solid black; border-left:1px solid black\" valign=\"center\">\n<p align=\"center\" style=\"text-indent:0.0000pt; text-align:center\"><span style=\"font-size:10.5pt\"><span style=\"vertical-align:middle\"><span style=\"line-height:12.0000pt\"><span style=\"font-family:Calibri\"><span style=\"font-size:9.0000pt\"><span style=\"font-family:Arial\"><span style=\"letter-spacing:0.1500pt\">Autonomie en veille<\/span><\/span><\/span><\/span><\/span><\/span><\/span><\/p>\n<\/td>\n<td style=\"border-bottom:1px solid black; width:191px; padding:8px 11px 8px 11px; border-top:none; border-right:1px solid black; border-left:none\" valign=\"center\">\n<p align=\"center\" style=\"text-indent:0.0000pt; text-align:center\"><span style=\"font-size:10.5pt\"><span style=\"vertical-align:middle\"><span style=\"line-height:12.0000pt\"><span style=\"font-family:Calibri\"><span style=\"font-size:9.0000pt\"><span style=\"font-family:Arial\"><span style=\"letter-spacing:0.1500pt\">3-5 ans<\/span><\/span><\/span><\/span><\/span><\/span><\/span><\/p>\n<\/td>\n<td style=\"border-bottom:1px solid black; width:191px; padding:8px 11px 8px 11px; border-top:none; border-right:1px solid black; border-left:none\" valign=\"center\">\n<p align=\"center\" style=\"text-indent:0.0000pt; text-align:center\"><span style=\"font-size:10.5pt\"><span style=\"vertical-align:middle\"><span style=\"line-height:12.0000pt\"><span style=\"font-family:Calibri\"><span style=\"font-size:9.0000pt\"><span style=\"font-family:Arial\"><span style=\"letter-spacing:0.1500pt\">Plus de 10 ans<\/span><\/span><\/span><\/span><\/span><\/span><\/span><\/p>\n<\/td>\n<td style=\"border-bottom:1px solid black; width:488px; padding:8px 11px 8px 11px; border-top:none; border-right:1px solid black; border-left:none\" valign=\"center\">\n<p align=\"center\" style=\"text-indent:0.0000pt; text-align:center\"><span style=\"font-size:10.5pt\"><span style=\"vertical-align:middle\"><span style=\"line-height:12.0000pt\"><span style=\"font-family:Calibri\"><span style=\"font-size:9.0000pt\"><span style=\"font-family:Arial\"><span style=\"letter-spacing:0.1500pt\">Dur\u00e9e de vie jusqu'\u00e0 3 fois plus longue.<\/span><\/span><\/span><\/span><\/span><\/span><\/span><\/p>\n<\/td>\n<\/tr>\n<tr>\n<td style=\"border-bottom:1px solid black; width:223px; padding:8px 11px 8px 11px; border-top:none; border-right:1px solid black; border-left:1px solid black\" valign=\"center\">\n<p align=\"center\" style=\"text-indent:0.0000pt; text-align:center\"><span style=\"font-size:10.5pt\"><span style=\"vertical-align:middle\"><span style=\"line-height:12.0000pt\"><span style=\"font-family:Calibri\"><span style=\"font-size:9.0000pt\"><span style=\"font-family:Arial\"><span style=\"letter-spacing:0.1500pt\">Dur\u00e9e de vie typique<\/span><\/span><\/span><\/span><\/span><\/span><\/span><\/p>\n<\/td>\n<td style=\"border-bottom:1px solid black; width:191px; padding:8px 11px 8px 11px; border-top:none; border-right:1px solid black; border-left:none\" valign=\"center\">\n<p align=\"center\" style=\"text-indent:0.0000pt; text-align:center\"><span style=\"font-size:10.5pt\"><span style=\"vertical-align:middle\"><span style=\"line-height:12.0000pt\"><span style=\"font-family:Calibri\"><span style=\"font-size:9.0000pt\"><span style=\"font-family:Arial\"><span style=\"letter-spacing:0.1500pt\">260-300<\/span><\/span><\/span><\/span><\/span><\/span><\/span><\/p>\n<\/td>\n<td style=\"border-bottom:1px solid black; width:191px; padding:8px 11px 8px 11px; border-top:none; border-right:1px solid black; border-left:none\" valign=\"center\">\n<p align=\"center\" style=\"text-indent:0.0000pt; text-align:center\"><span style=\"font-size:10.5pt\"><span style=\"vertical-align:middle\"><span style=\"line-height:12.0000pt\"><span style=\"font-family:Calibri\"><span style=\"font-size:9.0000pt\"><span style=\"font-family:Arial\"><span style=\"letter-spacing:0.1500pt\">Plus de 3000<\/span><\/span><\/span><\/span><\/span><\/span><\/span><\/p>\n<\/td>\n<td style=\"border-bottom:1px solid black; width:488px; padding:8px 11px 8px 11px; border-top:none; border-right:1px solid black; border-left:none\" valign=\"center\">\n<p align=\"center\" style=\"text-indent:0.0000pt; text-align:center\"><span style=\"font-size:10.5pt\"><span style=\"vertical-align:middle\"><span style=\"line-height:12.0000pt\"><span style=\"font-family:Calibri\"><span style=\"font-size:9.0000pt\"><span style=\"font-family:Arial\"><span style=\"letter-spacing:0.1500pt\">Jusqu'\u00e0 10 fois plus de cycles de d\u00e9charge\/recharge disponibles.<\/span><\/span><\/span><\/span><\/span><\/span><\/span><\/p>\n<\/td>\n<\/tr>\n<tr>\n<td style=\"border-bottom:1px solid black; width:223px; padding:8px 11px 8px 11px; border-top:none; border-right:1px solid black; border-left:1px solid black\" valign=\"center\">\n<p align=\"center\" style=\"text-indent:0.0000pt; text-align:center\"><span style=\"font-size:10.5pt\"><span style=\"vertical-align:middle\"><span style=\"line-height:12.0000pt\"><span style=\"font-family:Calibri\"><span style=\"font-size:9.0000pt\"><span style=\"font-family:Arial\"><span style=\"letter-spacing:0.1500pt\">Temps de recharge de la batterie<\/span><\/span><\/span><\/span><\/span><\/span><\/span><\/p>\n<\/td>\n<td style=\"border-bottom:1px solid black; width:191px; padding:8px 11px 8px 11px; border-top:none; border-right:1px solid black; border-left:none\" valign=\"center\">\n<p align=\"center\" style=\"text-indent:0.0000pt; text-align:center\"><span style=\"font-size:10.5pt\"><span style=\"vertical-align:middle\"><span style=\"line-height:12.0000pt\"><span style=\"font-family:Calibri\"><span style=\"font-size:9.0000pt\"><span style=\"font-family:Arial\"><span style=\"letter-spacing:0.1500pt\">3-8 heures<\/span><\/span><\/span><\/span><\/span><\/span><\/span><\/p>\n<\/td>\n<td style=\"border-bottom:1px solid black; width:191px; padding:8px 11px 8px 11px; border-top:none; border-right:1px solid black; border-left:none\" valign=\"center\">\n<p align=\"center\" style=\"text-indent:0.0000pt; text-align:center\"><span style=\"font-size:10.5pt\"><span style=\"vertical-align:middle\"><span style=\"line-height:12.0000pt\"><span style=\"font-family:Calibri\"><span style=\"font-size:9.0000pt\"><span style=\"font-family:Arial\"><span style=\"letter-spacing:0.1500pt\">&lt; 2 heures<\/span><\/span><\/span><\/span><\/span><\/span><\/span><\/p>\n<\/td>\n<td style=\"border-bottom:1px solid black; width:488px; padding:8px 11px 8px 11px; border-top:none; border-right:1px solid black; border-left:none\" valign=\"center\">\n<p align=\"center\" style=\"text-indent:0.0000pt; text-align:center\"><span style=\"font-size:10.5pt\"><span style=\"vertical-align:middle\"><span style=\"line-height:12.0000pt\"><span style=\"font-family:Calibri\"><span style=\"font-size:9.0000pt\"><span style=\"font-family:Arial\"><span style=\"letter-spacing:0.1500pt\">Temps de r\u00e9cup\u00e9ration rapide, plusieurs pannes peuvent \u00eatre g\u00e9r\u00e9es sur une courte p\u00e9riode.<\/span><\/span><\/span><\/span><\/span><\/span><\/span><\/p>\n<\/td>\n<\/tr>\n<tr>\n<td style=\"border-bottom:1px solid black; width:223px; padding:8px 11px 8px 11px; border-top:none; border-right:1px solid black; border-left:1px solid black\" valign=\"center\">\n<p align=\"center\" style=\"text-indent:0.0000pt; text-align:center\"><span style=\"font-size:10.5pt\"><span style=\"vertical-align:middle\"><span style=\"line-height:12.0000pt\"><span style=\"font-family:Calibri\"><span style=\"font-size:9.0000pt\"><span style=\"font-family:Arial\"><span style=\"letter-spacing:0.1500pt\">Poids de la batterie<\/span><\/span><\/span><\/span><\/span><\/span><\/span><\/p>\n<\/td>\n<td style=\"border-bottom:1px solid black; width:191px; padding:8px 11px 8px 11px; border-top:none; border-right:1px solid black; border-left:none\" valign=\"center\">\n<p align=\"center\" style=\"text-indent:0.0000pt; text-align:center\"><span style=\"font-size:10.5pt\"><span style=\"vertical-align:middle\"><span style=\"line-height:12.0000pt\"><span style=\"font-family:Calibri\"><span style=\"font-size:9.0000pt\"><span style=\"font-family:Arial\"><span style=\"letter-spacing:0.1500pt\">Lourd<\/span><\/span><\/span><\/span><\/span><\/span><\/span><\/p>\n<\/td>\n<td style=\"border-bottom:1px solid black; width:191px; padding:8px 11px 8px 11px; border-top:none; border-right:1px solid black; border-left:none\" valign=\"center\">\n<p align=\"center\" style=\"text-indent:0.0000pt; text-align:center\"><span style=\"font-size:10.5pt\"><span style=\"vertical-align:middle\"><span style=\"line-height:12.0000pt\"><span style=\"font-family:Calibri\"><span style=\"font-size:9.0000pt\"><span style=\"font-family:Arial\"><span style=\"letter-spacing:0.1500pt\">Lumi\u00e8re<\/span><\/span><\/span><\/span><\/span><\/span><\/span><\/p>\n<\/td>\n<td style=\"border-bottom:1px solid black; width:488px; padding:8px 11px 8px 11px; border-top:none; border-right:1px solid black; border-left:none\" valign=\"center\">\n<p align=\"center\" style=\"text-indent:0.0000pt; text-align:center\"><span style=\"font-size:10.5pt\"><span style=\"vertical-align:middle\"><span style=\"line-height:12.0000pt\"><span style=\"font-family:Calibri\"><span style=\"font-size:9.0000pt\"><span style=\"font-family:Arial\"><span style=\"letter-spacing:0.1500pt\">Pr\u00e8s de 40% de r\u00e9duction de poids, adapt\u00e9 aux petits espaces et aux racks muraux.<\/span><\/span><\/span><\/span><\/span><\/span><\/span><\/p>\n<\/td>\n<\/tr>\n<tr>\n<td style=\"border-bottom:1px solid black; width:223px; padding:8px 11px 8px 11px; border-top:none; border-right:1px solid black; border-left:1px solid black\" valign=\"center\">\n<p align=\"center\" style=\"text-indent:0.0000pt; text-align:center\"><span style=\"font-size:10.5pt\"><span style=\"vertical-align:middle\"><span style=\"line-height:12.0000pt\"><span style=\"font-family:Calibri\"><span style=\"font-size:9.0000pt\"><span style=\"font-family:Arial\"><span style=\"letter-spacing:0.1500pt\">Garantie<\/span><\/span><\/span><\/span><\/span><\/span><\/span><\/p>\n<\/td>\n<td style=\"border-bottom:1px solid black; width:191px; padding:8px 11px 8px 11px; border-top:none; border-right:1px solid black; border-left:none\" valign=\"center\">\n<p align=\"center\" style=\"text-indent:0.0000pt; text-align:center\"><span style=\"font-size:10.5pt\"><span style=\"vertical-align:middle\"><span style=\"line-height:12.0000pt\"><span style=\"font-family:Calibri\"><span style=\"font-size:9.0000pt\"><span style=\"font-family:Arial\"><span style=\"letter-spacing:0.1500pt\">1 \u00e0 2 ans<\/span><\/span><\/span><\/span><\/span><\/span><\/span><\/p>\n<\/td>\n<td style=\"border-bottom:1px solid black; width:191px; padding:8px 11px 8px 11px; border-top:none; border-right:1px solid black; border-left:none\" valign=\"center\">\n<p align=\"center\" style=\"text-indent:0.0000pt; text-align:center\"><span style=\"font-size:10.5pt\"><span style=\"vertical-align:middle\"><span style=\"line-height:12.0000pt\"><span style=\"font-family:Calibri\"><span style=\"font-size:9.0000pt\"><span style=\"font-family:Arial\"><span style=\"letter-spacing:0.1500pt\">5 ans<\/span><\/span><\/span><\/span><\/span><\/span><\/span><\/p>\n<\/td>\n<td style=\"border-bottom:1px solid black; width:488px; padding:8px 11px 8px 11px; border-top:none; border-right:1px solid black; border-left:none\" valign=\"center\">\n<p align=\"center\" style=\"text-indent:0.0000pt; text-align:center\"><span style=\"font-size:10.5pt\"><span style=\"vertical-align:middle\"><span style=\"line-height:12.0000pt\"><span style=\"font-family:Calibri\"><span style=\"font-size:9.0000pt\"><span style=\"font-family:Arial\"><span style=\"letter-spacing:0.1500pt\">Installer et partir - id\u00e9al pour les endroits \u00e9loign\u00e9s ou sans personnel.<\/span><\/span><\/span><\/span><\/span><\/span><\/span><\/p>\n<\/td>\n<\/tr>\n<\/tbody>\n<\/table>\n<p>\u00a0<\/p>\n<hr>\n<p>\u00a0<\/p>\n<\/p><\/div>","protected":false},"excerpt":{"rendered":"<p class=\"e_text-32 s_summary\">\n    ET LI Series 3 Phase Lithium UPS | Capacit\u00e9 : 10kVA-200kVA | Facteur de puissance : 1.0 | Phase : 3\/3 | Tension d'entr\u00e9e\/sortie : 380VAC\/400VAC\/415AC | Fr\u00e9quence : 40Hz-70Hz<\/p>","protected":false},"featured_media":0,"comment_status":"closed","ping_status":"closed","template":"","meta":{"_acf_changed":false},"product_cat":[15],"product_tag":[],"acf":[],"_links":{"self":[{"href":"https:\/\/prostarsolar.com\/fr\/wp-json\/wp\/v2\/product\/4284"}],"collection":[{"href":"https:\/\/prostarsolar.com\/fr\/wp-json\/wp\/v2\/product"}],"about":[{"href":"https:\/\/prostarsolar.com\/fr\/wp-json\/wp\/v2\/types\/product"}],"replies":[{"embeddable":true,"href":"https:\/\/prostarsolar.com\/fr\/wp-json\/wp\/v2\/comments?post=4284"}],"wp:attachment":[{"href":"https:\/\/prostarsolar.com\/fr\/wp-json\/wp\/v2\/media?parent=4284"}],"wp:term":[{"taxonomy":"product_cat","embeddable":true,"href":"https:\/\/prostarsolar.com\/fr\/wp-json\/wp\/v2\/product_cat?post=4284"},{"taxonomy":"product_tag","embeddable":true,"href":"https:\/\/prostarsolar.com\/fr\/wp-json\/wp\/v2\/product_tag?post=4284"}],"curies":[{"name":"wp","href":"https:\/\/api.w.org\/{rel}","templated":true}]}}