{"id":4277,"date":"2024-10-19T08:41:04","date_gmt":"2024-10-19T08:41:04","guid":{"rendered":"https:\/\/prostarsolar.com\/high-voltage-lithium-battery-system-192vdc-384vdc-614vdc\/"},"modified":"2024-10-19T08:41:06","modified_gmt":"2024-10-19T08:41:06","slug":"high-voltage-lithium-battery-system-192vdc-384vdc-614vdc","status":"publish","type":"product","link":"https:\/\/prostarsolar.com\/fr\/high-voltage-lithium-battery-system-192vdc-384vdc-614vdc\/","title":{"rendered":"Syst\u00e8me de batterie lithium haute tension (192VDC\/384VDC\/614VDC)"},"content":{"rendered":"<div class=\"p_infoItem\">\n<p>La s\u00e9rie Prostar EHV repr\u00e9sente le summum de la technologie des piles au lithium haute tension, m\u00e9ticuleusement con\u00e7ues pour compl\u00e9ter les syst\u00e8mes d'alimentation sans coupure en ligne de la marque Prostar. Con\u00e7ues dans un souci d'int\u00e9gration transparente, de l\u00e9g\u00e8ret\u00e9 et de surveillance centralis\u00e9e intelligente, ces batteries red\u00e9finissent la fiabilit\u00e9 et l'efficacit\u00e9 des solutions d'alimentation de secours. La s\u00e9rie EHV est disponible en trois variantes adapt\u00e9es aux syst\u00e8mes UPS Prostar EU, EP et ET, avec des niveaux de tension de 192V, \u00b1192V (384V) et 614V, respectivement. Les capacit\u00e9s vont de 25Ah \u00e0 200Ah, ce qui permet de r\u00e9pondre aux diverses exigences en mati\u00e8re de dur\u00e9e de sauvegarde dans les diff\u00e9rentes configurations d'ASI.<\/p>\n<p>\u00a0<\/p>\n<hr>\n<p>\u00a0<\/p>\n<p><strong><span style=\"font-size:18px;\">Caract\u00e9ristiques Introduction<\/span><\/strong><\/p>\n<p>\u00a0<\/p>\n<p>1. Installation rapide avec un module standard de 19 pouces int\u00e9gr\u00e9 pour une installation et une maintenance ais\u00e9es.<br \/>\n2. Le mat\u00e9riau de la cathode est constitu\u00e9 de LiFePO4, qui offre des performances s\u00fbres et une longue dur\u00e9e de vie.<br \/>\n3. Le module a une faible autod\u00e9charge et peut rester non charg\u00e9 sur une \u00e9tag\u00e8re pendant 6 mois. Il n'y a pas d'effet m\u00e9moire et il pr\u00e9sente d'excellentes performances pour les cycles de charge et de d\u00e9charge peu profonds.<br \/>\n4. \u00c9quip\u00e9 de fonctions de protection telles que la surd\u00e9charge, la surcharge, la surintensit\u00e9 et la temp\u00e9rature trop \u00e9lev\u00e9e ou trop basse.<br \/>\n5. Le syst\u00e8me peut g\u00e9rer automatiquement l'\u00e9tat de charge et de d\u00e9charge et \u00e9quilibrer le courant et la tension de chaque batterie.<br \/>\n6. L'ensemble du module est non toxique, non polluant et respectueux de l'environnement.<br \/>\n7. Plusieurs modules de batterie peuvent \u00eatre connect\u00e9s en parall\u00e8le pour augmenter la capacit\u00e9 et la puissance.<br \/>\n8. Prise en charge de la mise \u00e0 niveau USB, de la mise \u00e0 niveau Wi-Fi et de la mise \u00e0 niveau \u00e0 distance.<br \/>\n9. Plage de temp\u00e9rature de fonctionnement de -20\u00b0C \u00e0 55\u00b0C avec d'excellentes performances de d\u00e9charge et de dur\u00e9e de vie.<\/p>\n<h2 style=\"font-style:italic;\">\u00a0<\/h2>\n<hr>\n<p>\u00a0<\/p>\n<\/p><\/div>","protected":false},"excerpt":{"rendered":"<p class=\"e_text-32 s_summary\">\n    Syst\u00e8me de batterie au lithium haute tension de la s\u00e9rie EHV | Tension de la batterie\uff1a192VDC\/384VDC\/614VDC<\/p>","protected":false},"featured_media":0,"comment_status":"open","ping_status":"closed","template":"","meta":{"_acf_changed":false},"product_cat":[15],"product_tag":[],"acf":[],"_links":{"self":[{"href":"https:\/\/prostarsolar.com\/fr\/wp-json\/wp\/v2\/product\/4277"}],"collection":[{"href":"https:\/\/prostarsolar.com\/fr\/wp-json\/wp\/v2\/product"}],"about":[{"href":"https:\/\/prostarsolar.com\/fr\/wp-json\/wp\/v2\/types\/product"}],"replies":[{"embeddable":true,"href":"https:\/\/prostarsolar.com\/fr\/wp-json\/wp\/v2\/comments?post=4277"}],"wp:attachment":[{"href":"https:\/\/prostarsolar.com\/fr\/wp-json\/wp\/v2\/media?parent=4277"}],"wp:term":[{"taxonomy":"product_cat","embeddable":true,"href":"https:\/\/prostarsolar.com\/fr\/wp-json\/wp\/v2\/product_cat?post=4277"},{"taxonomy":"product_tag","embeddable":true,"href":"https:\/\/prostarsolar.com\/fr\/wp-json\/wp\/v2\/product_tag?post=4277"}],"curies":[{"name":"wp","href":"https:\/\/api.w.org\/{rel}","templated":true}]}}