{"id":4275,"date":"2024-10-19T07:44:03","date_gmt":"2024-10-19T07:44:03","guid":{"rendered":"https:\/\/prostarsolar.com\/rack-mount-low-voltage-lithium-ups-1kva-3kva-1-1-pf0-8-110vac-120ac\/"},"modified":"2024-10-19T07:44:05","modified_gmt":"2024-10-19T07:44:05","slug":"rack-mount-low-voltage-lithium-ups-1kva-3kva-1-1-pf0-8-110vac-120ac","status":"publish","type":"product","link":"https:\/\/prostarsolar.com\/fr\/rack-mount-low-voltage-lithium-ups-1kva-3kva-1-1-pf0-8-110vac-120ac\/","title":{"rendered":"Onduleur basse tension au lithium pour montage en rack 1kVA-3kVA (1\/1 PF:0.8 110VAC\/120AC)"},"content":{"rendered":"<div class=\"p_infoItem\">\n<p>L'onduleur au lithium de la s\u00e9rie PLRL de Prostar est une solution haute performance con\u00e7ue pour les applications \u00e0 basse tension, offrant une protection \u00e9lectrique robuste dans un format compact de montage en rack. Cet onduleur utilise la technologie de double conversion en ligne \u00e0 haute fr\u00e9quence contr\u00f4l\u00e9e par DSP, ce qui garantit une qualit\u00e9 et une fiabilit\u00e9 optimales de l'alimentation. Avec une correction active du facteur de puissance d'entr\u00e9e sup\u00e9rieure \u00e0 0,99, il garantit une utilisation efficace de l'\u00e9nergie. La s\u00e9rie est \u00e9quip\u00e9e d'une batterie lithium-ion qui prolonge consid\u00e9rablement le temps de sauvegarde - jusqu'\u00e0 trois fois plus que les batteries plomb-acide traditionnelles. Cette caract\u00e9ristique est particuli\u00e8rement avantageuse pour les applications n\u00e9cessitant des dur\u00e9es de fonctionnement prolong\u00e9es sans avoir \u00e0 remplacer fr\u00e9quemment les batteries. L'onduleur prend \u00e9galement en charge une large plage de tension et de fr\u00e9quence d'entr\u00e9e, et est compatible avec les g\u00e9n\u00e9rateurs, ce qui lui conf\u00e8re une grande souplesse dans divers environnements \u00e9lectriques. La fonction de d\u00e9marrage \u00e0 froid et le mode ECO am\u00e9liorent son adaptabilit\u00e9, tandis que la fonction de fr\u00e9quence \u00e0 d\u00e9tection automatique et le mode convertisseur de fr\u00e9quence r\u00e9pondent aux applications internationales. L'interface MODBUS int\u00e9gr\u00e9e avec le BMS permet une surveillance et une gestion transparentes du syst\u00e8me.<\/p>\n<p>\u00a0<\/p>\n<p>La s\u00e9rie PLRL se distingue par sa technologie lithium avanc\u00e9e, qui non seulement prolonge la dur\u00e9e de vie de la batterie au-del\u00e0 de 2000 cycles, mais minimise \u00e9galement les besoins de maintenance. L'interface \u00e0 contact sec pour le contr\u00f4le du BMS et le chargeur de batterie Li-ion personnalisable r\u00e9pondent aux besoins sp\u00e9cifiques des clients, ce qui rend l'onduleur hautement configurable. Sa conception, avec une base solide en fibre de verre et un rev\u00eatement conforme, garantit sa durabilit\u00e9 et sa r\u00e9sistance aux conditions difficiles. Cela fait de la s\u00e9rie PLRL un choix id\u00e9al pour les centres de donn\u00e9es, les armoires de r\u00e9seau et d'autres applications critiques o\u00f9 une alimentation \u00e9lectrique fiable est essentielle.<\/p>\n<p>\u00a0<\/p>\n<hr>\n<p>\u00a0<\/p>\n<p><strong><span style=\"font-size:18px;\">Caract\u00e9ristiques Introduction<\/span><\/strong><\/p>\n<p>\u00a0<\/p>\n<p>1. Double conversion en ligne \u00e0 haute fr\u00e9quence<br \/>\n2. Contr\u00f4le par DSP (Digital Signal Processors)<br \/>\n3. Correction du facteur de puissance de l'entr\u00e9e active \u00e0 &gt;0,99<br \/>\n4. Longue dur\u00e9e de vie de la batterie (plus de 2 000 cycles)<br \/>\n5. Compatible avec les g\u00e9n\u00e9rateurs<br \/>\n6. D\u00e9marrage \u00e0 froid et mode de fonctionnement \u00e9conomique (ECO)<br \/>\n7. Large plage de tension d'entr\u00e9e de 60V \u00e0 145V et plage de fr\u00e9quence de 40Hz \u00e0 70Hz<br \/>\n8. D\u00e9tection automatique de la fr\u00e9quence 50Hz\/60Hz<br \/>\n9. Mode convertisseur de fr\u00e9quence : Entr\u00e9e 50Hz vers sortie 60Hz ou entr\u00e9e 60Hz vers sortie 50Hz<br \/>\n10. La batterie Li-ion offre une dur\u00e9e de sauvegarde jusqu'\u00e0 trois fois sup\u00e9rieure \u00e0 celle des onduleurs classiques au plomb.<br \/>\n11. Interface de contact sec pour le contr\u00f4le dominant du syst\u00e8me de gestion de la batterie (BMS)<br \/>\n12. Interface MODBUS (RS485) int\u00e9gr\u00e9e avec le BMS<br \/>\n13. Chargeur de batterie Li-ion : Un chargeur \u00e0 courant et tension constants, flottant et \u00e0 4 \u00e9tats d'arr\u00eat pour les batteries Li-ion, personnalisable pour les packs de batteries sp\u00e9cifi\u00e9s par le client.<\/p>\n<h2 style=\"font-style:italic;\">\u00a0<\/h2>\n<hr>\n<p>\u00a0<\/p>\n<\/p><\/div>","protected":false},"excerpt":{"rendered":"<p class=\"e_text-32 s_summary\">\n    Onduleur basse tension au lithium de la s\u00e9rie PLRL | Capacit\u00e9 : 1kVA-3kVA | Facteur de puissance : 0.8 | Phase : 1\/1 | Tension d'entr\u00e9e\/sortie : 110VAC\/120VAC | Fr\u00e9quence : 50Hz\/60Hz | Tension de la batterie\uff1a48VDC<\/p>","protected":false},"featured_media":0,"comment_status":"open","ping_status":"closed","template":"","meta":{"_acf_changed":false},"product_cat":[15],"product_tag":[],"acf":[],"_links":{"self":[{"href":"https:\/\/prostarsolar.com\/fr\/wp-json\/wp\/v2\/product\/4275"}],"collection":[{"href":"https:\/\/prostarsolar.com\/fr\/wp-json\/wp\/v2\/product"}],"about":[{"href":"https:\/\/prostarsolar.com\/fr\/wp-json\/wp\/v2\/types\/product"}],"replies":[{"embeddable":true,"href":"https:\/\/prostarsolar.com\/fr\/wp-json\/wp\/v2\/comments?post=4275"}],"wp:attachment":[{"href":"https:\/\/prostarsolar.com\/fr\/wp-json\/wp\/v2\/media?parent=4275"}],"wp:term":[{"taxonomy":"product_cat","embeddable":true,"href":"https:\/\/prostarsolar.com\/fr\/wp-json\/wp\/v2\/product_cat?post=4275"},{"taxonomy":"product_tag","embeddable":true,"href":"https:\/\/prostarsolar.com\/fr\/wp-json\/wp\/v2\/product_tag?post=4275"}],"curies":[{"name":"wp","href":"https:\/\/api.w.org\/{rel}","templated":true}]}}