{"id":4273,"date":"2024-10-19T07:41:04","date_gmt":"2024-10-19T07:41:04","guid":{"rendered":"https:\/\/prostarsolar.com\/rack-mount-lithium-ups-1kva-3kva-1-1-pf0-8-220vac-230ac-240vc\/"},"modified":"2024-10-19T07:41:06","modified_gmt":"2024-10-19T07:41:06","slug":"rack-mount-lithium-ups-1kva-3kva-1-1-pf0-8-220vac-230ac-240vc","status":"publish","type":"product","link":"https:\/\/prostarsolar.com\/fr\/rack-mount-lithium-ups-1kva-3kva-1-1-pf0-8-220vac-230ac-240vc\/","title":{"rendered":"ASI au lithium pour montage en rack 1kVA-3kVA (1\/1 PF:0.8 220VAC\/230AC\/240VC)"},"content":{"rendered":"<div class=\"p_infoItem\">\n<p>L'onduleur au lithium de la s\u00e9rie PLRH de Prostar offre une solution d'alimentation \u00e0 haute densit\u00e9 avec des fonctions avanc\u00e9es adapt\u00e9es aux centres de donn\u00e9es et aux environnements informatiques modernes. Cet onduleur \u00e0 montage en rack se distingue par sa technologie de double conversion en ligne \u00e0 haute fr\u00e9quence, qui assure une protection sans faille contre les perturbations de l'alimentation. Contr\u00f4l\u00e9 par DSP pour un fonctionnement pr\u00e9cis, il atteint une correction active du facteur de puissance d'entr\u00e9e de 0,99, optimisant ainsi l'utilisation de l'\u00e9nergie. La s\u00e9rie est con\u00e7ue pour une fiabilit\u00e9 \u00e0 long terme, avec une batterie lithium-ion qui dure plus de 2000 cycles, ce qui est nettement sup\u00e9rieur aux batteries plomb-acide traditionnelles. Elle prend \u00e9galement en charge une large gamme de tensions et de fr\u00e9quences d'entr\u00e9e et est compatible avec les g\u00e9n\u00e9rateurs, ce qui en fait un choix polyvalent pour diverses infrastructures \u00e9lectriques. La fonction de d\u00e9marrage \u00e0 froid et le mode ECO am\u00e9liorent son adaptabilit\u00e9, tandis que la fonction de fr\u00e9quence \u00e0 d\u00e9tection automatique et le mode convertisseur de fr\u00e9quence offrent une flexibilit\u00e9 suppl\u00e9mentaire pour les applications internationales. L'interface MODBUS int\u00e9gr\u00e9e avec le BMS rationalise encore la gestion et la surveillance du syst\u00e8me ASI.<\/p>\n<p>\u00a0<\/p>\n<p>La s\u00e9rie PLRH n'est pas seulement une solution de sauvegarde de l'alimentation, c'est un investissement dans l'efficacit\u00e9 et la fiabilit\u00e9. Avec une batterie lithium-ion offrant une sauvegarde jusqu'\u00e0 3 fois plus longue que les produits UPS conventionnels, elle minimise le besoin de remplacer fr\u00e9quemment les batteries. L'ASI est \u00e0 l'\u00e9preuve du temps gr\u00e2ce \u00e0 son interface \u00e0 contact sec pour le contr\u00f4le dominant du BMS et \u00e0 son chargeur de batterie Li-ion personnalisable, qui r\u00e9pond aux besoins sp\u00e9cifiques des clients. La s\u00e9rie est construite pour durer, avec une conception robuste qui comprend une base en fibre de verre, un circuit imprim\u00e9 double face et un rev\u00eatement conforme, garantissant la durabilit\u00e9 et la r\u00e9sistance aux conditions difficiles. Cela fait de la s\u00e9rie PLRH un choix id\u00e9al pour les applications exigeant une qualit\u00e9 d'alimentation et un temps de fonctionnement \u00e9lev\u00e9s.<\/p>\n<p>\u00a0<\/p>\n<hr>\n<p>\u00a0<\/p>\n<p><strong><span style=\"font-size:18px;\">Caract\u00e9ristiques Introduction<\/span><\/strong><\/p>\n<p>\u00a0<\/p>\n<p>1. Double conversion en ligne \u00e0 haute fr\u00e9quence<br \/>\n2. Contr\u00f4le par DSP (Digital Signal Processors)<br \/>\n3. Correction du facteur de puissance de l'entr\u00e9e active \u00e0 0,99<br \/>\n4. Longue dur\u00e9e de vie de la batterie, sup\u00e9rieure \u00e0 2000 cycles<br \/>\n5. Compatible avec les g\u00e9n\u00e9rateurs<br \/>\n6. D\u00e9marrage \u00e0 froid et mode de fonctionnement \u00e9conomique (ECO)<br \/>\n7. Large plage de tension d'entr\u00e9e de 60V \u00e0 145V et plage de fr\u00e9quence de 40Hz \u00e0 70Hz<br \/>\n8. D\u00e9tection automatique de la fr\u00e9quence 50Hz\/60Hz<br \/>\n9. Mode convertisseur de fr\u00e9quence : Entr\u00e9e 50Hz vers sortie 60Hz ou entr\u00e9e 60Hz vers sortie 50Hz<br \/>\n10. La batterie Li-ion offre une dur\u00e9e de sauvegarde jusqu'\u00e0 trois fois sup\u00e9rieure \u00e0 celle des onduleurs classiques au plomb.<br \/>\n11. Interface de contact sec pour le contr\u00f4le dominant du BMS (Battery Management System)<br \/>\n12. Interface MODBUS (RS485) int\u00e9gr\u00e9e avec le BMS<br \/>\n13. Chargeur de batterie Li-ion : Un chargeur \u00e0 courant constant, tension constante, flottant, \u00e9teint, \u00e0 4 \u00e9tats pour les batteries Li-ion, ouvert \u00e0 la personnalisation du comportement logique pour les packs de batteries sp\u00e9cifi\u00e9s par le client.<\/p>\n<h2 style=\"font-style:italic;\">\u00a0<\/h2>\n<hr>\n<p>\u00a0<\/p>\n<\/p><\/div>","protected":false},"excerpt":{"rendered":"<p class=\"e_text-32 s_summary\">\n    ASI au lithium de la s\u00e9rie PLRH | Capacit\u00e9 : 1kVA-3kVA | Facteur de puissance : 0.8 | Phase : 1\/1 | Tension d'entr\u00e9e\/sortie : 220VAC\/230VAC\/240VAC | Fr\u00e9quence : 50Hz\/60Hz | Tension de la batterie\uff1a48VDC<\/p>","protected":false},"featured_media":0,"comment_status":"open","ping_status":"closed","template":"","meta":{"_acf_changed":false},"product_cat":[15],"product_tag":[],"acf":[],"_links":{"self":[{"href":"https:\/\/prostarsolar.com\/fr\/wp-json\/wp\/v2\/product\/4273"}],"collection":[{"href":"https:\/\/prostarsolar.com\/fr\/wp-json\/wp\/v2\/product"}],"about":[{"href":"https:\/\/prostarsolar.com\/fr\/wp-json\/wp\/v2\/types\/product"}],"replies":[{"embeddable":true,"href":"https:\/\/prostarsolar.com\/fr\/wp-json\/wp\/v2\/comments?post=4273"}],"wp:attachment":[{"href":"https:\/\/prostarsolar.com\/fr\/wp-json\/wp\/v2\/media?parent=4273"}],"wp:term":[{"taxonomy":"product_cat","embeddable":true,"href":"https:\/\/prostarsolar.com\/fr\/wp-json\/wp\/v2\/product_cat?post=4273"},{"taxonomy":"product_tag","embeddable":true,"href":"https:\/\/prostarsolar.com\/fr\/wp-json\/wp\/v2\/product_tag?post=4273"}],"curies":[{"name":"wp","href":"https:\/\/api.w.org\/{rel}","templated":true}]}}