{"id":4271,"date":"2024-10-19T07:38:04","date_gmt":"2024-10-19T07:38:04","guid":{"rendered":"https:\/\/prostarsolar.com\/low-voltage-lithium-ups-1kva-3kva-1-1-pf0-8-110vac-120vc\/"},"modified":"2024-10-19T07:38:06","modified_gmt":"2024-10-19T07:38:06","slug":"low-voltage-lithium-ups-1kva-3kva-1-1-pf0-8-110vac-120vc","status":"publish","type":"product","link":"https:\/\/prostarsolar.com\/fr\/low-voltage-lithium-ups-1kva-3kva-1-1-pf0-8-110vac-120vc\/","title":{"rendered":"Onduleur basse tension au lithium 1kVA-3kVA (1\/1 PF:0.8 110VAC\/120VC)"},"content":{"rendered":"<div class=\"p_infoItem\">\n<p>Les onduleurs au lithium de la s\u00e9rie PLTL de Prostar sont con\u00e7us pour offrir une protection fiable de l'alimentation dans les environnements \u00e0 faible tension, en mettant l'accent sur l'efficacit\u00e9 et l'adaptabilit\u00e9. Cette s\u00e9rie utilise la technologie de double conversion en ligne \u00e0 haute fr\u00e9quence contr\u00f4l\u00e9e par DSP pour un fonctionnement pr\u00e9cis, assurant une sortie stable avec une correction active du facteur de puissance d'entr\u00e9e sup\u00e9rieure \u00e0 0,99. La batterie lithium-ion offre un avantage significatif avec plus de 2000 cycles, assurant des dur\u00e9es de sauvegarde plus longues et r\u00e9duisant le besoin de remplacements fr\u00e9quents par rapport aux batteries plomb-acide traditionnelles. L'onduleur est con\u00e7u pour fonctionner dans diff\u00e9rentes conditions d'alimentation, avec une large plage de tension et de fr\u00e9quence d'entr\u00e9e, et il est compatible avec les g\u00e9n\u00e9rateurs, ce qui le rend adapt\u00e9 \u00e0 diverses applications. La fonction de d\u00e9marrage \u00e0 froid et le mode ECO am\u00e9liorent sa r\u00e9silience, tandis que les modes de fr\u00e9quence \u00e0 d\u00e9tection automatique et de convertisseur de fr\u00e9quence s'adaptent \u00e0 diff\u00e9rentes sources d'alimentation. Une interface MODBUS int\u00e9gr\u00e9e avec BMS permet une surveillance et une gestion compl\u00e8tes du syst\u00e8me, rationalisant ainsi les processus de maintenance et de contr\u00f4le.<\/p>\n<p>\u00a0<\/p>\n<p>La s\u00e9rie PLTL se distingue par sa technologie lithium avanc\u00e9e, qui prolonge le temps de sauvegarde jusqu'\u00e0 trois fois plus longtemps que les produits UPS conventionnels. Son interface \u00e0 contact sec pour le contr\u00f4le du BMS et son chargeur de batterie Li-ion personnalisable la rendent hautement configurable pour des applications sp\u00e9cifiques. La s\u00e9rie est con\u00e7ue pour durer, avec une conception robuste qui comprend une base en fibre de verre, un circuit imprim\u00e9 double face et un rev\u00eatement conforme, garantissant la durabilit\u00e9 et la r\u00e9sistance aux conditions difficiles. Cela fait de la s\u00e9rie PLTL un excellent choix pour les applications exigeant une qualit\u00e9 d'alimentation et une disponibilit\u00e9 \u00e9lev\u00e9es, telles que les centres de donn\u00e9es, les armoires de r\u00e9seau et autres installations critiques.<\/p>\n<p>\u00a0<\/p>\n<hr>\n<p>\u00a0<\/p>\n<p><strong><span style=\"font-size:18px;\">Caract\u00e9ristiques Introduction<\/span><\/strong><\/p>\n<p>\u00a0<\/p>\n<p>1. Double conversion en ligne \u00e0 haute fr\u00e9quence<br \/>\n2. Contr\u00f4le par DSP (Digital Signal Processors)<br \/>\n3. Correction du facteur de puissance de l'entr\u00e9e active \u00e0 &gt;0,99<br \/>\n4. Longue dur\u00e9e de vie de la batterie (plus de 2 000 cycles)<br \/>\n5. Compatible avec les g\u00e9n\u00e9rateurs<br \/>\n6. D\u00e9marrage \u00e0 froid et mode de fonctionnement \u00e9conomique (ECO)<br \/>\n7. Large plage de tension d'entr\u00e9e de 60V \u00e0 145V et plage de fr\u00e9quence de 40Hz \u00e0 70Hz<br \/>\n8. D\u00e9tection automatique de la fr\u00e9quence 50Hz\/60Hz<br \/>\n9. Mode convertisseur de fr\u00e9quence : Entr\u00e9e 50Hz vers sortie 60Hz ou entr\u00e9e 60Hz vers sortie 50Hz<br \/>\n10. La batterie Li-ion offre une dur\u00e9e de sauvegarde jusqu'\u00e0 trois fois sup\u00e9rieure \u00e0 celle des onduleurs classiques au plomb.<br \/>\n11. Interface de contact sec pour le contr\u00f4le dominant du syst\u00e8me de gestion de la batterie (BMS)<br \/>\n12. Interface MODBUS (RS485) int\u00e9gr\u00e9e avec le BMS<br \/>\n13. Chargeur de batterie Li-ion : Un chargeur \u00e0 courant et tension constants, flottant et \u00e0 4 \u00e9tats d'arr\u00eat pour les batteries Li-ion, personnalisable pour les packs de batteries sp\u00e9cifi\u00e9s par le client.<\/p>\n<h2 style=\"font-style:italic;\">\u00a0<\/h2>\n<hr>\n<p>\u00a0<\/p>\n<\/p><\/div>","protected":false},"excerpt":{"rendered":"<p class=\"e_text-32 s_summary\">\n    Onduleur basse tension au lithium de la s\u00e9rie PLTL | Capacit\u00e9 : 1kVA-3kVA | Facteur de puissance : 0.8 | Phase : 1\/1 | Tension d'entr\u00e9e\/sortie : 110VAC\/120VAC | Fr\u00e9quence : 50Hz\/60Hz | Tension de la batterie\uff1a48VDC<\/p>","protected":false},"featured_media":0,"comment_status":"open","ping_status":"closed","template":"","meta":{"_acf_changed":false},"product_cat":[15],"product_tag":[],"acf":[],"_links":{"self":[{"href":"https:\/\/prostarsolar.com\/fr\/wp-json\/wp\/v2\/product\/4271"}],"collection":[{"href":"https:\/\/prostarsolar.com\/fr\/wp-json\/wp\/v2\/product"}],"about":[{"href":"https:\/\/prostarsolar.com\/fr\/wp-json\/wp\/v2\/types\/product"}],"replies":[{"embeddable":true,"href":"https:\/\/prostarsolar.com\/fr\/wp-json\/wp\/v2\/comments?post=4271"}],"wp:attachment":[{"href":"https:\/\/prostarsolar.com\/fr\/wp-json\/wp\/v2\/media?parent=4271"}],"wp:term":[{"taxonomy":"product_cat","embeddable":true,"href":"https:\/\/prostarsolar.com\/fr\/wp-json\/wp\/v2\/product_cat?post=4271"},{"taxonomy":"product_tag","embeddable":true,"href":"https:\/\/prostarsolar.com\/fr\/wp-json\/wp\/v2\/product_tag?post=4271"}],"curies":[{"name":"wp","href":"https:\/\/api.w.org\/{rel}","templated":true}]}}