{"id":4269,"date":"2024-10-19T07:35:04","date_gmt":"2024-10-19T07:35:04","guid":{"rendered":"https:\/\/prostarsolar.com\/lithium-ups-1kva-3kva-1-1-pf0-8-220vac-230ac-240vc\/"},"modified":"2024-10-19T07:35:06","modified_gmt":"2024-10-19T07:35:06","slug":"lithium-ups-1kva-3kva-1-1-pf0-8-220vac-230ac-240vc","status":"publish","type":"product","link":"https:\/\/prostarsolar.com\/fr\/lithium-ups-1kva-3kva-1-1-pf0-8-220vac-230ac-240vc\/","title":{"rendered":"Onduleur au lithium 1kVA-3kVA (1\/1 PF:0.8 220VAC\/230AC\/240VC)"},"content":{"rendered":"<div class=\"p_infoItem\">\n<p>L'onduleur au lithium de la s\u00e9rie PLTH de Prostar est une solution compacte et efficace pour les applications \u00e0 basse tension, combinant une technologie de pointe \u00e0 une conception robuste pour assurer une alimentation continue. Cet onduleur \u00e0 double conversion en ligne \u00e0 haute fr\u00e9quence est contr\u00f4l\u00e9 par un DSP pour un fonctionnement pr\u00e9cis et dispose d'une correction active du facteur de puissance d'entr\u00e9e sup\u00e9rieure \u00e0 0,99, ce qui r\u00e9duit consid\u00e9rablement la distorsion harmonique et am\u00e9liore l'efficacit\u00e9 \u00e9nerg\u00e9tique. La s\u00e9rie est \u00e9quip\u00e9e d'une batterie lithium-ion, connue pour son cycle de vie plus long de plus de 2000 cycles, offrant une solution de secours plus durable et plus rentable que les batteries plomb-acide traditionnelles. L'onduleur est con\u00e7u pour s'adapter \u00e0 diff\u00e9rents environnements \u00e9lectriques gr\u00e2ce \u00e0 une large plage de tension et de fr\u00e9quence d'entr\u00e9e, et il est compatible avec les groupes \u00e9lectrog\u00e8nes, offrant ainsi une grande flexibilit\u00e9 dans diff\u00e9rents sc\u00e9narios. La fonction de d\u00e9marrage \u00e0 froid et le mode ECO permettent \u00e0 l'onduleur de fonctionner dans des conditions extr\u00eames avec des capacit\u00e9s d'\u00e9conomie d'\u00e9nergie. En outre, la fonction de d\u00e9tection automatique de la fr\u00e9quence et le mode convertisseur de fr\u00e9quence rendent la s\u00e9rie PLTH adapt\u00e9e \u00e0 une utilisation internationale ou \u00e0 des applications avec des sources d'alimentation variables. Une interface MODBUS int\u00e9gr\u00e9e avec BMS permet une surveillance et une gestion transparentes du syst\u00e8me ASI, am\u00e9liorant ainsi sa fiabilit\u00e9 et sa convivialit\u00e9.<\/p>\n<p>\u00a0<\/p>\n<p>La s\u00e9rie PLTH se distingue par sa technologie avanc\u00e9e au lithium, qui prolonge le temps de sauvegarde jusqu'\u00e0 trois fois plus longtemps que les onduleurs classiques au plomb. L'interface \u00e0 contact sec pour le contr\u00f4le du BMS et le chargeur de batterie Li-ion personnalisable r\u00e9pondent aux besoins sp\u00e9cifiques des clients, ce qui rend l'onduleur hautement configurable pour diverses applications. Sa conception, qui comprend une base solide en fibre de verre et un rev\u00eatement conforme, garantit sa durabilit\u00e9 et sa r\u00e9sistance aux conditions difficiles. Cela fait de la s\u00e9rie PLTH un choix id\u00e9al pour les centres de donn\u00e9es, les armoires r\u00e9seau et d'autres applications critiques o\u00f9 une alimentation \u00e9lectrique fiable est essentielle. Avec son long cycle de vie de batterie et son fonctionnement \u00e9conome en \u00e9nergie, la s\u00e9rie PLTH n'est pas seulement une solution de secours, c'est un investissement dans l'avenir de la gestion de l'\u00e9nergie.<\/p>\n<p>\u00a0<\/p>\n<hr>\n<p>\u00a0<\/p>\n<p><strong><span style=\"font-size:18px;\">Caract\u00e9ristiques Introduction<\/span><\/strong><\/p>\n<p>\u00a0<\/p>\n<p>1. Double conversion en ligne \u00e0 haute fr\u00e9quence<br \/>\n2. Contr\u00f4le par DSP (Digital Signal Processors)<br \/>\n3. Correction du facteur de puissance de l'entr\u00e9e active \u00e0 &gt;0,99<br \/>\n4. Longue dur\u00e9e de vie de la batterie (plus de 2 000 cycles)<br \/>\n5. Compatible avec les g\u00e9n\u00e9rateurs<br \/>\n6. D\u00e9marrage \u00e0 froid et mode de fonctionnement \u00e9conomique (ECO)<br \/>\n7. Large plage de tension d'entr\u00e9e de 90V \u00e0 300V et plage de fr\u00e9quence de 40Hz \u00e0 70Hz<br \/>\n8. D\u00e9tection automatique de la fr\u00e9quence 50Hz\/60Hz<br \/>\n9. Mode convertisseur de fr\u00e9quence : Entr\u00e9e 50Hz vers sortie 60Hz ou entr\u00e9e 60Hz vers sortie 50Hz<br \/>\n10. La batterie Li-ion offre une dur\u00e9e de sauvegarde jusqu'\u00e0 trois fois sup\u00e9rieure \u00e0 celle des onduleurs classiques au plomb.<br \/>\n11. Interface de contact sec pour le contr\u00f4le dominant du syst\u00e8me de gestion de la batterie (BMS)<br \/>\n12. Interface MODBUS (RS485) int\u00e9gr\u00e9e avec le BMS<br \/>\n13. Chargeur de batterie Li-ion : Un chargeur \u00e0 courant et tension constants, flottant et \u00e0 4 \u00e9tats d'arr\u00eat pour les batteries Li-ion, personnalisable pour les packs de batteries sp\u00e9cifi\u00e9s par le client.<\/p>\n<h2 style=\"font-style:italic;\">\u00a0<\/h2>\n<hr>\n<p>\u00a0<\/p>\n<\/p><\/div>","protected":false},"excerpt":{"rendered":"<p class=\"e_text-32 s_summary\">\n    ASI au lithium de la s\u00e9rie PLTH | Capacit\u00e9 : 1kVA-3kVA | Facteur de puissance : 0.8 | Phase : 1\/1 | Tension d'entr\u00e9e\/sortie : 220VAC\/230VAC\/240VAC | Fr\u00e9quence : 50Hz\/60Hz | Tension de la batterie\uff1a48VDC<\/p>","protected":false},"featured_media":0,"comment_status":"open","ping_status":"closed","template":"","meta":{"_acf_changed":false},"product_cat":[15],"product_tag":[],"acf":[],"_links":{"self":[{"href":"https:\/\/prostarsolar.com\/fr\/wp-json\/wp\/v2\/product\/4269"}],"collection":[{"href":"https:\/\/prostarsolar.com\/fr\/wp-json\/wp\/v2\/product"}],"about":[{"href":"https:\/\/prostarsolar.com\/fr\/wp-json\/wp\/v2\/types\/product"}],"replies":[{"embeddable":true,"href":"https:\/\/prostarsolar.com\/fr\/wp-json\/wp\/v2\/comments?post=4269"}],"wp:attachment":[{"href":"https:\/\/prostarsolar.com\/fr\/wp-json\/wp\/v2\/media?parent=4269"}],"wp:term":[{"taxonomy":"product_cat","embeddable":true,"href":"https:\/\/prostarsolar.com\/fr\/wp-json\/wp\/v2\/product_cat?post=4269"},{"taxonomy":"product_tag","embeddable":true,"href":"https:\/\/prostarsolar.com\/fr\/wp-json\/wp\/v2\/product_tag?post=4269"}],"curies":[{"name":"wp","href":"https:\/\/api.w.org\/{rel}","templated":true}]}}