{"id":4265,"date":"2024-10-19T04:20:05","date_gmt":"2024-10-19T04:20:05","guid":{"rendered":"https:\/\/prostarsolar.com\/low-voltage-rack-mount-online-ups-1kva-3kva-1-1-pf0-9-110vac-120vac\/"},"modified":"2024-10-19T04:20:07","modified_gmt":"2024-10-19T04:20:07","slug":"low-voltage-rack-mount-online-ups-1kva-3kva-1-1-pf0-9-110vac-120vac","status":"publish","type":"product","link":"https:\/\/prostarsolar.com\/fr\/low-voltage-rack-mount-online-ups-1kva-3kva-1-1-pf0-9-110vac-120vac\/","title":{"rendered":"Onduleur en ligne basse tension \u00e0 monter en rack 1kVA-3kVA (1\/1 PF:0.9 110VAC\/120VAC)"},"content":{"rendered":"<div class=\"p_infoItem\">\n<p>Les onduleurs en ligne basse tension \u00e0 montage en rack de la s\u00e9rie PHRL de Prostar offrent une solution robuste pour les applications n\u00e9cessitant une protection fiable de l'alimentation. Avec des capacit\u00e9s allant de 1kVA \u00e0 3kVA et con\u00e7us pour les syst\u00e8mes 110VAC\/120VAC, ces onduleurs sont \u00e9quip\u00e9s d'une technologie de double conversion en ligne \u00e0 haute fr\u00e9quence pour une qualit\u00e9 d'alimentation constante. Le contr\u00f4le DSP et la correction active du facteur de puissance d'entr\u00e9e garantissent un facteur de puissance d'entr\u00e9e sup\u00e9rieur \u00e0 0,99, ce qui am\u00e9liore l'efficacit\u00e9 \u00e9nerg\u00e9tique et r\u00e9duit la charge sur l'infrastructure \u00e9lectrique. Les syst\u00e8mes sont capables de d\u00e9marrer sans batterie, ce qui leur conf\u00e8re une certaine r\u00e9silience, m\u00eame en cas de coupure de courant. Ils se caract\u00e9risent \u00e9galement par une large plage de tension d'entr\u00e9e allant de 60 \u00e0 145 V et une plage de fr\u00e9quence allant de 40 \u00e0 70 Hz, ce qui leur permet de s'adapter \u00e0 divers environnements \u00e9lectriques. La capacit\u00e9 de d\u00e9marrage \u00e0 froid et la fonction marche\/arr\u00eat \u00e0 distance en option ajoutent \u00e0 la flexibilit\u00e9 du syst\u00e8me, tandis que le mode de fonctionnement \u00e9conomique (ECO) optimise les co\u00fbts d'exploitation. La d\u00e9tection automatique de la fr\u00e9quence d'entr\u00e9e et le mode convertisseur de fr\u00e9quence permettent \u00e0 l'onduleur de s'adapter \u00e0 diff\u00e9rentes sources d'alimentation en toute transparence. La s\u00e9rie PHRL est \u00e9galement con\u00e7ue pour accueillir des charges sp\u00e9cialis\u00e9es telles que des imprimantes laser et des syst\u00e8mes \u00e0 ultrasons, d\u00e9montrant ainsi sa polyvalence dans le traitement des applications critiques.\u00a0<\/p>\n<p>\u00a0<\/p>\n<p>En termes de communication, la s\u00e9rie PHRL est \u00e9quip\u00e9e en standard d'une interface RS232 et propose en option des cartes USB\/MODBUS\/RS485\/SNMP\/AS400 pour l'int\u00e9gration avec diff\u00e9rents syst\u00e8mes de surveillance. Les syst\u00e8mes ASI sont construits de mani\u00e8re fiable, avec une base solide en fibre de verre, une ventilation bien con\u00e7ue et un rev\u00eatement conforme, ce qui garantit une durabilit\u00e9 et des performances \u00e0 long terme dans les applications critiques. La s\u00e9rie PHRL n'est donc pas seulement une solution de protection de l'alimentation, mais aussi un composant fiable dans la strat\u00e9gie globale de gestion de l'alimentation pour les entreprises et les institutions.\u00a0<\/p>\n<p>\u00a0<\/p>\n<hr>\n<p>\u00a0<\/p>\n<p><strong><span style=\"font-size:18px;\">Caract\u00e9ristiques Introduction<\/span><\/strong><\/p>\n<p>\u00a0<\/p>\n<p>1. Double conversion en ligne \u00e0 haute fr\u00e9quence<br \/>\n2. Contr\u00f4le DSP (processeurs de signaux num\u00e9riques)<br \/>\n3. Correction active du facteur de puissance d'entr\u00e9e, avec un facteur de puissance d'entr\u00e9e &gt; 0,99<br \/>\n4. D\u00e9marrage de l'ASI sans batterie<br \/>\n5. Large plage de tension d'entr\u00e9e : 60V \u00e0 145V<br \/>\n6. Large gamme de fr\u00e9quences d'entr\u00e9e : 40Hz \u00e0 70Hz<br \/>\n7. Compatible avec les g\u00e9n\u00e9rateurs<br \/>\n8. Capacit\u00e9 de d\u00e9marrage \u00e0 froid<br \/>\n9. Fonction marche\/arr\u00eat \u00e0 distance (ROO) (en option)<br \/>\n10. Mode de fonctionnement \u00e9conomique (ECO)<br \/>\n11. D\u00e9tection automatique de la fr\u00e9quence 50Hz\/60Hz<br \/>\n12. Mode convertisseur de fr\u00e9quence : Entr\u00e9e 50Hz\/sortie 60Hz ou entr\u00e9e 60Hz\/sortie 50Hz<br \/>\n13. Acceptable pour les charges d'imprimantes laser et de syst\u00e8mes \u00e0 ultrasons (personnalis\u00e9s)<br \/>\n14. Communications : RS232 (standard), cartes USB\/MODBUS\/RS485\/SNMP\/AS400 (en option)<br \/>\n15. Conception fiable, avec une base solide en fibre de verre (FR4), un circuit imprim\u00e9 double face, une ventilation bien con\u00e7ue et un rev\u00eatement conforme.<\/p>\n<h2 style=\"font-style:italic;\">\u00a0<\/h2>\n<hr>\n<p>\u00a0<\/p>\n<\/p><\/div>","protected":false},"excerpt":{"rendered":"<p class=\"e_text-32 s_summary\">\n    Onduleur en ligne basse tension \u00e0 montage en rack de la s\u00e9rie PHRL | Capacit\u00e9 : 1kVA-3kVA | Facteur de puissance : 0.9 | Phase : 1\/1 | Tension d'entr\u00e9e\/sortie : 110VAC\/120VAC | Fr\u00e9quence : 50Hz\/60Hz<\/p>","protected":false},"featured_media":0,"comment_status":"open","ping_status":"closed","template":"","meta":{"_acf_changed":false},"product_cat":[15],"product_tag":[],"acf":[],"_links":{"self":[{"href":"https:\/\/prostarsolar.com\/fr\/wp-json\/wp\/v2\/product\/4265"}],"collection":[{"href":"https:\/\/prostarsolar.com\/fr\/wp-json\/wp\/v2\/product"}],"about":[{"href":"https:\/\/prostarsolar.com\/fr\/wp-json\/wp\/v2\/types\/product"}],"replies":[{"embeddable":true,"href":"https:\/\/prostarsolar.com\/fr\/wp-json\/wp\/v2\/comments?post=4265"}],"wp:attachment":[{"href":"https:\/\/prostarsolar.com\/fr\/wp-json\/wp\/v2\/media?parent=4265"}],"wp:term":[{"taxonomy":"product_cat","embeddable":true,"href":"https:\/\/prostarsolar.com\/fr\/wp-json\/wp\/v2\/product_cat?post=4265"},{"taxonomy":"product_tag","embeddable":true,"href":"https:\/\/prostarsolar.com\/fr\/wp-json\/wp\/v2\/product_tag?post=4265"}],"curies":[{"name":"wp","href":"https:\/\/api.w.org\/{rel}","templated":true}]}}