{"id":4261,"date":"2024-10-19T04:14:04","date_gmt":"2024-10-19T04:14:04","guid":{"rendered":"https:\/\/prostarsolar.com\/rack-mount-online-ups-6kva-10kva-1-1-pf0-9-220vac-230vac-240vc\/"},"modified":"2024-10-19T04:14:06","modified_gmt":"2024-10-19T04:14:06","slug":"rack-mount-online-ups-6kva-10kva-1-1-pf0-9-220vac-230vac-240vc","status":"publish","type":"product","link":"https:\/\/prostarsolar.com\/fr\/rack-mount-online-ups-6kva-10kva-1-1-pf0-9-220vac-230vac-240vc\/","title":{"rendered":"Onduleur en ligne en rack 6kVA-10kVA (1\/1 PF:0.9 220VAC\/230VAC\/240VC)"},"content":{"rendered":"<div class=\"p_infoItem\">\n<p>Les onduleurs en ligne mont\u00e9s en rack de la s\u00e9rie PHRH de Prostar constituent une solution compacte et puissante con\u00e7ue pour r\u00e9pondre aux besoins critiques en mati\u00e8re d'alimentation dans les syst\u00e8mes d'armoires \u00e9lectriques de 19 et 23 pouces. Avec une capacit\u00e9 de 6kVA \u00e0 10kVA et un facteur de puissance d'entr\u00e9e \u00e9lev\u00e9 de plus de 0,99, ces syst\u00e8mes d'alimentation sans coupure garantissent une alimentation \u00e9lectrique efficace et fiable pour les \u00e9quipements sensibles. La s\u00e9rie se distingue par sa technologie d'onduleur \u00e0 trois niveaux, qui minimise les harmoniques et am\u00e9liore l'efficacit\u00e9, fournissant une alimentation propre et stable m\u00eame pendant les op\u00e9rations critiques. La large plage de tension et de fr\u00e9quence d'entr\u00e9e s'adapte \u00e0 divers environnements \u00e9lectriques, ce qui rend la s\u00e9rie PHRH compatible avec les g\u00e9n\u00e9rateurs et adapt\u00e9e \u00e0 diverses applications.<\/p>\n<p>\u00a0<\/p>\n<p>Les syst\u00e8mes ASI sont fabriqu\u00e9s \u00e0 partir de mati\u00e8res premi\u00e8res de haute puret\u00e9, ce qui garantit une autod\u00e9charge minimale et le maintien de l'int\u00e9grit\u00e9 de l'alimentation au fil du temps. Ils int\u00e8grent \u00e9galement la technologie de recombinaison des gaz, qui augmente l'efficacit\u00e9 de la r\u00e9action d'\u00e9tanch\u00e9it\u00e9, emp\u00eache la pr\u00e9cipitation du brouillard et contribue \u00e0 leur s\u00e9curit\u00e9 et \u00e0 leur respect de l'environnement. Une conception sp\u00e9ciale pr\u00e9serve le liquide \u00e9lectrolytique, \u00e9liminant la n\u00e9cessit\u00e9 d'ajouter de l'eau pendant la dur\u00e9e de vie, et l'alliage unique de la grille r\u00e9sistant \u00e0 la corrosion prolonge consid\u00e9rablement la dur\u00e9e de vie du flotteur. La s\u00e9rie PHRH est \u00e9galement \u00e9quip\u00e9e d'options de communication avanc\u00e9es, y compris RS232 standard et carte USB\/MODBUS\/RS485\/SNMP\/AS400 en option, ce qui permet une int\u00e9gration flexible avec les syst\u00e8mes de surveillance existants. La conception fiable, avec une base solide en fibre de verre et un rev\u00eatement conforme, garantit la durabilit\u00e9 et les performances \u00e0 long terme, m\u00eame dans les conditions les plus exigeantes.<\/p>\n<p>\u00a0<\/p>\n<hr>\n<p>\u00a0<\/p>\n<p><strong><span style=\"font-size:18px;\">Caract\u00e9ristiques Introduction<\/span><\/strong><\/p>\n<p>\u00a0<\/p>\n<p>1. Contr\u00f4le DSP (processeurs de signaux num\u00e9riques)<br \/>\n2. Correction active du facteur de puissance d'entr\u00e9e, avec un facteur de puissance d'entr\u00e9e &gt; 0,99<br \/>\n3. Technologie d'onduleur \u00e0 trois niveaux, qui r\u00e9duit les harmoniques et augmente l'efficacit\u00e9<br \/>\n4. Large plage de tension d'entr\u00e9e de 90V \u00e0 300V et plage de fr\u00e9quence de 40Hz \u00e0 70Hz<br \/>\n5. Compatible avec les g\u00e9n\u00e9rateurs<br \/>\n6. Fonction de d\u00e9marrage \u00e0 froid<br \/>\n7. Fonction marche\/arr\u00eat \u00e0 distance (ROO) (en option)<br \/>\n8. Mode de fonctionnement \u00e9conomique (ECO)<br \/>\n9. D\u00e9tection automatique de la fr\u00e9quence 50Hz\/60Hz<br \/>\n10. Mode convertisseur de fr\u00e9quence : Entr\u00e9e 50Hz\/sortie 60Hz ou entr\u00e9e 60Hz\/sortie 50Hz<br \/>\n11. Acceptable pour les charges des imprimantes laser et des syst\u00e8mes \u00e0 ultrasons (personnalis\u00e9s)<br \/>\n12. Communications : RS232 (standard), carte USB\/MODBUS\/RS485\/SNMP\/AS400 (en option)<br \/>\n13. Conception fiable, avec une base solide en fibre de verre (FR4), un circuit imprim\u00e9 double face, une ventilation bien con\u00e7ue et un rev\u00eatement conforme.<\/p>\n<h2 style=\"font-style:italic;\">\u00a0<\/h2>\n<hr>\n<p>\u00a0<\/p>\n<\/p><\/div>","protected":false},"excerpt":{"rendered":"<p class=\"e_text-32 s_summary\">\n    ASI en ligne pour montage en rack de la s\u00e9rie PHRH | Capacit\u00e9 : 6kVA-10kVA | Facteur de puissance : 0.9 | Phase : 1\/1 | Tension d'entr\u00e9e\/sortie : 220VAC\/230VAC\/240VC | Fr\u00e9quence : 50Hz\/60Hz<\/p>","protected":false},"featured_media":0,"comment_status":"open","ping_status":"closed","template":"","meta":{"_acf_changed":false},"product_cat":[15],"product_tag":[],"acf":[],"_links":{"self":[{"href":"https:\/\/prostarsolar.com\/fr\/wp-json\/wp\/v2\/product\/4261"}],"collection":[{"href":"https:\/\/prostarsolar.com\/fr\/wp-json\/wp\/v2\/product"}],"about":[{"href":"https:\/\/prostarsolar.com\/fr\/wp-json\/wp\/v2\/types\/product"}],"replies":[{"embeddable":true,"href":"https:\/\/prostarsolar.com\/fr\/wp-json\/wp\/v2\/comments?post=4261"}],"wp:attachment":[{"href":"https:\/\/prostarsolar.com\/fr\/wp-json\/wp\/v2\/media?parent=4261"}],"wp:term":[{"taxonomy":"product_cat","embeddable":true,"href":"https:\/\/prostarsolar.com\/fr\/wp-json\/wp\/v2\/product_cat?post=4261"},{"taxonomy":"product_tag","embeddable":true,"href":"https:\/\/prostarsolar.com\/fr\/wp-json\/wp\/v2\/product_tag?post=4261"}],"curies":[{"name":"wp","href":"https:\/\/api.w.org\/{rel}","templated":true}]}}