{"id":4257,"date":"2024-10-18T11:28:05","date_gmt":"2024-10-18T11:28:05","guid":{"rendered":"https:\/\/prostarsolar.com\/dual-phase-high-frequency-ups-10kva-20kva-pf0-9-220vac-120vac\/"},"modified":"2024-10-18T11:28:07","modified_gmt":"2024-10-18T11:28:07","slug":"dual-phase-high-frequency-ups-10kva-20kva-pf0-9-220vac-120vac","status":"publish","type":"product","link":"https:\/\/prostarsolar.com\/fr\/dual-phase-high-frequency-ups-10kva-20kva-pf0-9-220vac-120vac\/","title":{"rendered":"Onduleur haute fr\u00e9quence biphas\u00e9 10kVA-20kVA (PF:0.9 220VAC\/120VAC)"},"content":{"rendered":"<div class=\"p_infoItem\">\n<p>Les onduleurs en ligne haute fr\u00e9quence biphas\u00e9s de la s\u00e9rie PHTD de Prostar constituent une solution robuste con\u00e7ue pour les applications exigeant une fiabilit\u00e9 et une protection de l'alimentation \u00e9lev\u00e9es. Avec des capacit\u00e9s allant de 10kVA \u00e0 20kVA et une sortie de 220VAC\/120VAC, ces syst\u00e8mes ASI sont \u00e9quip\u00e9s d'un transformateur d'isolation galvanique qui garantit la s\u00e9curit\u00e9 et la fiabilit\u00e9 dans tous les modes de fonctionnement. Contr\u00f4l\u00e9e par un DSP, la s\u00e9rie PHTD offre une vari\u00e9t\u00e9 de configurations de tension de sortie, r\u00e9pondant aux exigences monophas\u00e9es et biphas\u00e9es. La correction active du facteur de puissance d'entr\u00e9e, avec un facteur sup\u00e9rieur \u00e0 0,99, am\u00e9liore l'efficacit\u00e9 \u00e9nerg\u00e9tique et r\u00e9duit la charge sur l'infrastructure \u00e9lectrique. La technologie de l'onduleur \u00e0 trois niveaux r\u00e9duit les harmoniques, augmentant ainsi l'efficacit\u00e9 de l'alimentation des \u00e9quipements sensibles.<\/p>\n<p>\u00a0<\/p>\n<p>La s\u00e9rie PHTD est con\u00e7ue pour s'adapter \u00e0 une large gamme d'environnements \u00e9lectriques avec une tension d'entr\u00e9e de 90V \u00e0 300V et une fr\u00e9quence de 40 \u00e0 70Hz, ce qui la rend compatible avec les g\u00e9n\u00e9rateurs et divers r\u00e9seaux \u00e9lectriques. Il est dot\u00e9 d'une fonction de d\u00e9marrage \u00e0 froid pour fonctionner pendant les coupures de courant et d'une fonction marche\/arr\u00eat \u00e0 distance en option pour plus de commodit\u00e9. Le mode de fonctionnement \u00e9conomique (mode ECO) optimise les co\u00fbts d'exploitation, et la d\u00e9tection automatique des fr\u00e9quences d'entr\u00e9e permet une int\u00e9gration transparente avec diff\u00e9rentes sources d'\u00e9nergie. Le mode convertisseur de fr\u00e9quence et la capacit\u00e9 \u00e0 g\u00e9rer des charges sp\u00e9cialis\u00e9es, telles que les imprimantes laser et les syst\u00e8mes \u00e0 ultrasons, am\u00e9liorent encore la polyvalence de ces onduleurs. La communication RS232 standard et les cartes USB\/MODBUS\/RS485\/SNMP\/AS400 en option permettent l'int\u00e9gration avec diff\u00e9rents syst\u00e8mes de surveillance. La conception fiable, avec une base solide en fibre de verre, une ventilation efficace et un rev\u00eatement conforme, garantit la durabilit\u00e9 et la fiabilit\u00e9 \u00e0 long terme dans les applications critiques.<\/p>\n<p>\u00a0<\/p>\n<hr>\n<p>\u00a0<\/p>\n<p><strong><span style=\"font-size:18px;\">Caract\u00e9ristiques Introduction<\/span><\/strong><\/p>\n<p>\u00a0<\/p>\n<p>1. Sortie ASI avec transformateur d'isolation galvanique<br \/>\n2. Contr\u00f4le par DSP (Digital Signal Processors)<br \/>\n3. Diverses configurations de tension de sortie, y compris monophas\u00e9e 220V\/240V ou biphas\u00e9e 110V\/115V\/120V.<br \/>\n4. Transformateur d'isolation galvanique entre l'entr\u00e9e et la sortie AC dans tous les modes de fonctionnement<br \/>\n5. Correction active du facteur de puissance d'entr\u00e9e, avec un facteur de puissance d'entr\u00e9e &gt; 0,99<br \/>\n6. Technologie d'onduleur \u00e0 trois niveaux, qui r\u00e9duit les harmoniques et augmente l'efficacit\u00e9<br \/>\n7. Large plage de tension d'entr\u00e9e de 90V \u00e0 300V et plage de fr\u00e9quence de 40 \u00e0 70Hz<br \/>\n8. Compatible avec les g\u00e9n\u00e9rateurs<br \/>\n9. Fonction de d\u00e9marrage \u00e0 froid<br \/>\n10. Fonction marche\/arr\u00eat \u00e0 distance (ROO) (en option)<br \/>\n11. Mode de fonctionnement \u00e9conomique (ECO)<br \/>\n12. D\u00e9tection automatique de la fr\u00e9quence 50Hz\/60Hz<br \/>\n13. Mode convertisseur de fr\u00e9quence : Entr\u00e9e 50Hz vers sortie 60Hz ou entr\u00e9e 60Hz vers sortie 50Hz<br \/>\n14. Peut fonctionner avec une entr\u00e9e secteur monophas\u00e9e ou triphas\u00e9e sans r\u00e9glages complexes ni r\u00e9duction de puissance.<br \/>\n15. Communications : RS232 (standard), carte USB\/MODBUS\/RS485\/SNMP\/AS400 (en option)<br \/>\n16. Conception fiable, avec une base solide en fibre de verre (FR4), un circuit imprim\u00e9 double face, une ventilation bien con\u00e7ue et un rev\u00eatement conforme.<\/p>\n<h2 style=\"font-style:italic;\">\u00a0<\/h2>\n<hr>\n<p>\u00a0<\/p>\n<\/p><\/div>","protected":false},"excerpt":{"rendered":"<p class=\"e_text-32 s_summary\">\n    Onduleur en ligne haute fr\u00e9quence biphas\u00e9 de la s\u00e9rie PHTD | Capacit\u00e9 : 10kVA-20kVA | Facteur de puissance : 0,9 | Tension d'entr\u00e9e\/sortie : 220VAC\/120VAC | Fr\u00e9quence : 50Hz\/60Hz<\/p>","protected":false},"featured_media":0,"comment_status":"open","ping_status":"closed","template":"","meta":{"_acf_changed":false},"product_cat":[15],"product_tag":[],"acf":[],"_links":{"self":[{"href":"https:\/\/prostarsolar.com\/fr\/wp-json\/wp\/v2\/product\/4257"}],"collection":[{"href":"https:\/\/prostarsolar.com\/fr\/wp-json\/wp\/v2\/product"}],"about":[{"href":"https:\/\/prostarsolar.com\/fr\/wp-json\/wp\/v2\/types\/product"}],"replies":[{"embeddable":true,"href":"https:\/\/prostarsolar.com\/fr\/wp-json\/wp\/v2\/comments?post=4257"}],"wp:attachment":[{"href":"https:\/\/prostarsolar.com\/fr\/wp-json\/wp\/v2\/media?parent=4257"}],"wp:term":[{"taxonomy":"product_cat","embeddable":true,"href":"https:\/\/prostarsolar.com\/fr\/wp-json\/wp\/v2\/product_cat?post=4257"},{"taxonomy":"product_tag","embeddable":true,"href":"https:\/\/prostarsolar.com\/fr\/wp-json\/wp\/v2\/product_tag?post=4257"}],"curies":[{"name":"wp","href":"https:\/\/api.w.org\/{rel}","templated":true}]}}