{"id":4255,"date":"2024-10-18T11:25:04","date_gmt":"2024-10-18T11:25:04","guid":{"rendered":"https:\/\/prostarsolar.com\/dual-phase-high-frequency-ups-6kva-10kva-1-1-pf0-9-220vac-120vac\/"},"modified":"2024-10-18T11:25:07","modified_gmt":"2024-10-18T11:25:07","slug":"dual-phase-high-frequency-ups-6kva-10kva-1-1-pf0-9-220vac-120vac","status":"publish","type":"product","link":"https:\/\/prostarsolar.com\/fr\/dual-phase-high-frequency-ups-6kva-10kva-1-1-pf0-9-220vac-120vac\/","title":{"rendered":"Onduleur haute fr\u00e9quence biphas\u00e9 6kVA-10kVA (1\/1 PF:0.9 220VAC\/120VAC)"},"content":{"rendered":"<div class=\"p_infoItem\">\n<p>L'onduleur en ligne haute fr\u00e9quence biphas\u00e9 de la s\u00e9rie PHTD de Prostar est un \u00e9l\u00e9ment important de l'industrie des onduleurs, con\u00e7u pour offrir une protection fiable de l'alimentation pour une gamme d'applications. Avec des capacit\u00e9s de 6kVA \u00e0 10kVA et des tensions de sortie de 220VAC\/120VAC, cette s\u00e9rie se distingue par sa polyvalence et son efficacit\u00e9. Au c\u0153ur de la s\u00e9rie PHTD se trouve un syst\u00e8me de contr\u00f4le DSP qui assure une r\u00e9gulation pr\u00e9cise de la puissance, tandis que la correction active du facteur de puissance d'entr\u00e9e maintient un facteur de puissance d'entr\u00e9e sup\u00e9rieur \u00e0 0,99, ce qui est crucial pour l'efficacit\u00e9 \u00e9nerg\u00e9tique. La technologie de l'onduleur \u00e0 trois niveaux r\u00e9duit la distorsion harmonique, fournissant une alimentation propre aux \u00e9quipements sensibles. Les syst\u00e8mes ASI sont \u00e9galement dot\u00e9s d'un transformateur d'isolation galvanique entre l'entr\u00e9e et la sortie CA dans tous les modes de fonctionnement, ce qui renforce la s\u00e9curit\u00e9 et la fiabilit\u00e9.<\/p>\n<p>\u00a0<\/p>\n<p>La s\u00e9rie PHTD est con\u00e7ue pour s'adapter \u00e0 une large gamme d'environnements \u00e9lectriques avec une tension d'entr\u00e9e de 90 \u00e0 300 V et une fr\u00e9quence de 40 \u00e0 70 Hz, ce qui la rend compatible avec les g\u00e9n\u00e9rateurs et divers r\u00e9seaux \u00e9lectriques. La capacit\u00e9 de d\u00e9marrage \u00e0 froid et la fonction optionnelle de mise en marche et d'arr\u00eat \u00e0 distance ajoutent \u00e0 la flexibilit\u00e9 du syst\u00e8me, tandis que le mode de fonctionnement \u00e9conomique (mode ECO) optimise les co\u00fbts d'exploitation. Les syst\u00e8mes ASI peuvent d\u00e9tecter automatiquement les fr\u00e9quences d'entr\u00e9e de 50 ou 60 Hz et offrent un mode convertisseur de fr\u00e9quence, ce qui est avantageux pour les applications n\u00e9cessitant diff\u00e9rentes conversions de fr\u00e9quence. Ils sont \u00e9galement con\u00e7us pour g\u00e9rer des charges sp\u00e9cialis\u00e9es, telles que les imprimantes laser et les syst\u00e8mes \u00e0 ultrasons, et offrent une communication RS232 standard avec des cartes USB\/MODBUS\/RS485\/SNMP\/AS400 en option pour l'int\u00e9gration avec divers syst\u00e8mes de surveillance. La conception fiable, avec une base solide en fibre de verre, une ventilation efficace et un rev\u00eatement conforme, garantit la durabilit\u00e9 et la fiabilit\u00e9 \u00e0 long terme des applications critiques.<\/p>\n<p>\u00a0<\/p>\n<hr>\n<p>\u00a0<\/p>\n<p><strong><span style=\"font-size:18px;\">Caract\u00e9ristiques Introduction<\/span><\/strong><\/p>\n<p>\u00a0<\/p>\n<p>1. Contr\u00f4le DSP (Digital Signal Processor)<br \/>\n2. Diverses configurations de tension de sortie, y compris monophas\u00e9e 220V\/240V ou biphas\u00e9e 110V\/115V\/120V<br \/>\n3. Transformateur d'isolation galvanique entre l'entr\u00e9e et la sortie CA dans tous les modes de fonctionnement<br \/>\n4. Correction active du facteur de puissance d'entr\u00e9e, avec un facteur de puissance d'entr\u00e9e &gt; 0,99<br \/>\n5. Technologie d'onduleur \u00e0 trois niveaux, qui r\u00e9duit les harmoniques et augmente l'efficacit\u00e9<br \/>\n6. Large plage de tension d'entr\u00e9e de 90V \u00e0 300V et plage de fr\u00e9quence de 40 \u00e0 70Hz<br \/>\n7. Compatible avec les g\u00e9n\u00e9rateurs<br \/>\n8. Capacit\u00e9 de d\u00e9marrage \u00e0 froid<br \/>\n9. Fonction marche\/arr\u00eat \u00e0 distance (ROO) (en option)<br \/>\n10. Mode de fonctionnement \u00e9conomique (mode ECO)<br \/>\n11. D\u00e9tection automatique de la fr\u00e9quence 50Hz\/60Hz<br \/>\n12. Mode convertisseur de fr\u00e9quence : Entr\u00e9e 50Hz vers sortie 60Hz ou entr\u00e9e 60Hz vers sortie 50Hz<br \/>\n13. Communications : RS232 (standard), carte USB\/MODBUS\/RS485\/SNMP\/AS400 (en option)<br \/>\n14. Conception fiable, avec une base solide en fibre de verre (FR4), un circuit imprim\u00e9 double face, une ventilation bien con\u00e7ue et un rev\u00eatement conforme.<br \/>\n15. Sortie ASI avec transformateur d'isolation galvanique<\/p>\n<h2 style=\"font-style:italic;\">\u00a0<\/h2>\n<hr>\n<p>\u00a0<\/p>\n<\/p><\/div>","protected":false},"excerpt":{"rendered":"<p class=\"e_text-32 s_summary\">\n    Onduleur en ligne haute fr\u00e9quence biphas\u00e9 de la s\u00e9rie PHTD | Capacit\u00e9 : 6kVA-10kVA | Facteur de puissance : 0,9 | Phase : 1\/1 | Tension d'entr\u00e9e\/sortie : 220VAC\/120VAC | Fr\u00e9quence : 50Hz\/60Hz<\/p>","protected":false},"featured_media":0,"comment_status":"open","ping_status":"closed","template":"","meta":{"_acf_changed":false},"product_cat":[15],"product_tag":[],"acf":[],"_links":{"self":[{"href":"https:\/\/prostarsolar.com\/fr\/wp-json\/wp\/v2\/product\/4255"}],"collection":[{"href":"https:\/\/prostarsolar.com\/fr\/wp-json\/wp\/v2\/product"}],"about":[{"href":"https:\/\/prostarsolar.com\/fr\/wp-json\/wp\/v2\/types\/product"}],"replies":[{"embeddable":true,"href":"https:\/\/prostarsolar.com\/fr\/wp-json\/wp\/v2\/comments?post=4255"}],"wp:attachment":[{"href":"https:\/\/prostarsolar.com\/fr\/wp-json\/wp\/v2\/media?parent=4255"}],"wp:term":[{"taxonomy":"product_cat","embeddable":true,"href":"https:\/\/prostarsolar.com\/fr\/wp-json\/wp\/v2\/product_cat?post=4255"},{"taxonomy":"product_tag","embeddable":true,"href":"https:\/\/prostarsolar.com\/fr\/wp-json\/wp\/v2\/product_tag?post=4255"}],"curies":[{"name":"wp","href":"https:\/\/api.w.org\/{rel}","templated":true}]}}