{"id":4252,"date":"2024-10-18T08:51:04","date_gmt":"2024-10-18T08:51:04","guid":{"rendered":"https:\/\/prostarsolar.com\/low-frequency-ups-10kva-500kva-3-3-pf0-8\/"},"modified":"2024-10-18T08:51:07","modified_gmt":"2024-10-18T08:51:07","slug":"low-frequency-ups-10kva-500kva-3-3-pf0-8","status":"publish","type":"product","link":"https:\/\/prostarsolar.com\/fr\/low-frequency-ups-10kva-500kva-3-3-pf0-8\/","title":{"rendered":"Onduleur basse fr\u00e9quence 10kVA-500kVA (3\/3 PF:0.8)"},"content":{"rendered":"<div class=\"p_infoItem\">\n<p>L'onduleur en ligne basse fr\u00e9quence de la s\u00e9rie Uranus adopte une technologie de contr\u00f4le num\u00e9rique DSP avanc\u00e9e et une technique de modulation de largeur d'impulsion (PWM) \u00e0 haute fr\u00e9quence IGBT, ce qui en fait une solution d'alimentation \u00e9lectrique fiable et stable. La topologie en ligne \u00e0 double conversion produit une alimentation sinuso\u00efdale pure, qui filtre efficacement le bruit et les interf\u00e9rences dues aux fluctuations du r\u00e9seau \u00e9lectrique, et qui suit, verrouille en phase et r\u00e9gule la tension afin d'offrir une protection compl\u00e8te aux utilisateurs. Apr\u00e8s plus de 10 ans de conception \u00e9labor\u00e9e par le centre de R&amp;D de Prostar, la structure modulaire de l'onduleur est 5 fois plus fiable et stable que les onduleurs ordinaires, avec un MTBF de plus de 300 000 heures.<\/p>\n<p>\u00a0<\/p>\n<p>L'onduleur en ligne basse fr\u00e9quence de la s\u00e9rie Uranus est \u00e9quip\u00e9 de transformateurs d'isolation de sortie standard, d'un commutateur de d\u00e9rivation statique et d'un commutateur de maintien manuel, ce qui lui conf\u00e8re une grande capacit\u00e9 d'engagement en cas de court-circuit et lui permet d'\u00eatre utilis\u00e9 dans les pires environnements. Il dispose \u00e9galement de fonctions de protection parfaites et combine l'entr\u00e9e CA, la surtension, la sous-tension, la surtension de sortie, la protection contre les courts-circuits, l'onduleur, la protection contre la surchauffe du redresseur, l'avertissement de sous-tension, la protection contre la surcharge de la batterie et d'autres protections afin de garantir un fonctionnement stable et fiable du syst\u00e8me.<\/p>\n<p>\u00a0<\/p>\n<p>Les onduleurs basse fr\u00e9quence en ligne de la s\u00e9rie Uranus comprennent des entr\u00e9es triphas\u00e9es et des sorties triphas\u00e9es de 10kva-500kva, qui peuvent \u00eatre directement mises en parall\u00e8le avec 8 unit\u00e9s d'onduleurs de mani\u00e8re pratique et rapide en utilisant une technologie parall\u00e8le flexible pour diff\u00e9rentes charges et diff\u00e9rents syst\u00e8mes. Selon les besoins des clients, il peut \u00eatre configur\u00e9 pour une construction N+1 ou N+X, et selon les diff\u00e9rents besoins de capacit\u00e9 des clients, il peut \u00eatre mis en parall\u00e8le de mani\u00e8re al\u00e9atoire avec 8 unit\u00e9s UPS. Toute la charge sera r\u00e9partie uniform\u00e9ment sur les 8 unit\u00e9s du syst\u00e8me ASI parall\u00e8le redondant, et en cas de d\u00e9faillance d'un ASI dans le syst\u00e8me parall\u00e8le redondant, l'ASI partagera imm\u00e9diatement sa charge pour assurer le fonctionnement normal du syst\u00e8me. Au cours du processus de mise en parall\u00e8le des ASI, il n'est pas n\u00e9cessaire de d\u00e9finir l'unit\u00e9 h\u00f4te et l'unit\u00e9 de secours, mais les clients peuvent les s\u00e9lectionner de mani\u00e8re flexible. La premi\u00e8re ASI allum\u00e9e est automatiquement d\u00e9finie comme \u00e9tant l'h\u00f4te, et lorsque le syst\u00e8me h\u00f4te tombe en panne, l'identit\u00e9 de l'h\u00f4te est imm\u00e9diatement transf\u00e9r\u00e9e \u00e0 une autre ASI, garantissant la fourniture d'\u00e9lectricit\u00e9 aux clients pendant le processus d'utilisation, ce qui en fait une v\u00e9ritable alimentation \u00e9lectrique sans coupure.<\/p>\n<p>\u00a0<\/p>\n<hr>\n<p>\u00a0<\/p>\n<p><span style=\"font-size:18px;\"><b>Caract\u00e9ristiques Introduction<\/b><\/span><\/p>\n<p>\u00a0<\/p>\n<p>\u25cf La technologie de contr\u00f4le enti\u00e8rement num\u00e9rique DSP am\u00e9liore efficacement les performances du produit et la fiabilit\u00e9 du syst\u00e8me.<\/p>\n<p>\n\u25cf La technologie avanc\u00e9e de l'onduleur IGBT r\u00e9duit le bruit du syst\u00e8me et la perte de puissance, avec un rendement d'entr\u00e9e sup\u00e9rieur \u00e0 95%.<\/p>\n<p>\n\u25cf La technologie en ligne pure \u00e0 double conversion assure une protection continue et \u00e0 temps plein de la charge.<\/p>\n<p>\n\u25cf Des fonctions de protection compl\u00e8tes, notamment des protections contre les surcharges de sortie, les courts-circuits, la surchauffe de l'onduleur, l'avertissement de sous-tension de la batterie et la surcharge de la batterie, sont incluses.<\/p>\n<p>\n\u25cf La puissante capacit\u00e9 parall\u00e8le redondante prend en charge les configurations N+1 ou N+X avec jusqu'\u00e0 8 unit\u00e9s en parall\u00e8le.<\/p>\n<p>\n\u25cf Des fonctions de communication avanc\u00e9es, notamment les interfaces RS232, RS485, de contact sec et de mise hors tension d'urgence (EPO), sont fournies en standard.<\/p>\n<p>\n\u25cf Un syst\u00e8me d'alarme pr\u00e9dictif et une fonction d'autodiagnostic au d\u00e9marrage sont inclus pour \u00e9viter \u00e0 temps les risques de d\u00e9faillance potentiels caus\u00e9s par les probl\u00e8mes cach\u00e9s de l'ASI.<\/p>\n<p>\n\u25cf Le produit est dot\u00e9 d'un grand \u00e9cran tactile couleur de 7 pouces avec un affichage multilingue.<\/p>\n<p>\n\u25cf Le produit pr\u00e9sente une forte adaptabilit\u00e9 aux environnements complexes et comprend un transformateur d'isolation de sortie standard.<\/p>\n<p>\u00a0<\/p>\n<hr>\n<p>\u00a0<\/p>\n<p><big><span style=\"font-size:20px;\"><b>Caract\u00e9ristiques de performance<\/b><\/span><\/big><\/p>\n<h2 style=\"font-style:italic;\">\u00a0<\/h2>\n<p><strong>Technologie de contr\u00f4le num\u00e9rique int\u00e9gral DSP<\/strong><br \/>\nLe syst\u00e8me central de cet onduleur utilise une technologie de contr\u00f4le DSP enti\u00e8rement num\u00e9rique, qui garantit un fonctionnement pr\u00e9cis et rapide.<\/p>\n<p>\u00a0<\/p>\n<p><strong>Technologie avanc\u00e9e d'onduleur IGBT<\/strong><br \/>\nLa technologie d'onduleur IGBT \u00e0 haut rendement et haute fiabilit\u00e9, associ\u00e9e \u00e0 la technologie de modulation de largeur d'impulsion \u00e0 haute fr\u00e9quence, r\u00e9duit le bruit du syst\u00e8me et la perte de puissance, ce qui permet d'atteindre un rendement d'entr\u00e9e de plus de 95%.<\/p>\n<p>\u00a0<\/p>\n<p><strong>Technologie en ligne pure \u00e0 double conversion<\/strong><br \/>\nLa technologie en ligne pure \u00e0 double conversion fournit une sortie sinuso\u00efdale fiable et stable avec des filtres de suppression des perturbations atmosph\u00e9riques et des transformateurs d'isolation de sortie standard, un by-pass statique et un by-pass de maintenance pour une meilleure r\u00e9sistance au courant de court-circuit. Il peut \u00eatre utilis\u00e9 dans les environnements de travail les plus difficiles.<\/p>\n<p>\u00a0<\/p>\n<p><strong>Fonctions de protection<\/strong><br \/>\nL'onduleur est dot\u00e9 de fonctions de protection compl\u00e8tes, notamment en cas de surtension ou de sous-tension du courant alternatif, de surtension ou de sous-tension de la sortie, de surcharge de la sortie, de protection contre les courts-circuits, de protection contre la surchauffe de l'onduleur\/redresseur, d'avertissement de sous-tension, de protection contre la surcharge de la batterie, et bien d'autres encore, ce qui garantit un fonctionnement stable et fiable du syst\u00e8me.<\/p>\n<p>\u00a0<\/p>\n<p><strong>Fonction parall\u00e8le redondante puissante<\/strong><br \/>\nDot\u00e9 d'une structure modulaire industrielle fiable et d'une technologie de contr\u00f4le enti\u00e8rement num\u00e9rique DSP, cet onduleur prend en charge le parall\u00e9lisme redondant N+1 ou N+X ou l'augmentation de capacit\u00e9, avec des machines de puissance et de dur\u00e9e diff\u00e9rentes pouvant \u00eatre utilis\u00e9es en parall\u00e8le jusqu'\u00e0 8 unit\u00e9s. Cela permet de r\u00e9duire consid\u00e9rablement les co\u00fbts d'achat et d'augmentation de la capacit\u00e9 pour l'utilisateur.<\/p>\n<p>\u00a0<\/p>\n<p><strong>Syst\u00e8me d'alarme pr\u00e9dictif<\/strong><br \/>\nLa fonction de d\u00e9tection automatique de l'\u00e9cran LCD et la fonction d'autodiagnostic permettent d'\u00e9viter les risques de d\u00e9faillance potentiels caus\u00e9s par les probl\u00e8mes cach\u00e9s de l'ASI, avec des alarmes automatiques lorsque la batterie est d\u00e9charg\u00e9e et que le temps de veille est inf\u00e9rieur \u00e0 une certaine valeur.<\/p>\n<p>\u00a0<\/p>\n<p><strong>Un syst\u00e8me de communication puissant<\/strong><br \/>\nL'onduleur est \u00e9quip\u00e9 en standard d'interfaces RS232, RS485, de contact sec et d'arr\u00eat d'urgence (EPO), avec un adaptateur SNMP prenant en charge la fonction de gestion de r\u00e9seau \u00e0 distance, fournissant des informations instantan\u00e9es sur les donn\u00e9es et l'alimentation de l'onduleur, la communication et la gestion par le biais de divers syst\u00e8mes de gestion de r\u00e9seau. Il peut \u00e9galement surveiller et envoyer des informations d'alarme sous forme de WeChat ou de SMS.<\/p>\n<p>\u00a0<\/p>\n<p><strong>Faible consommation d'\u00e9nergie et haut rendement<\/strong><br \/>\nLe mode \u00e9conomique ECO permet d'atteindre une efficacit\u00e9 op\u00e9rationnelle tr\u00e8s \u00e9lev\u00e9e de plus de 98%, r\u00e9duisant ainsi efficacement la consommation d'\u00e9nergie du syst\u00e8me.<\/p>\n<p>\u00a0<\/p>\n<p><strong>Grand \u00e9cran tactile couleur<\/strong><br \/>\nL'\u00e9cran tactile couleur de 7 pouces dispose d'un affichage multilingue et fournit un affichage graphique et num\u00e9rique de l'\u00e9tat, des donn\u00e9es et du contr\u00f4le des op\u00e9rations. Les utilisateurs peuvent r\u00e9gler les param\u00e8tres du syst\u00e8me, la date, la tension de sortie, la capacit\u00e9 de la batterie, la fonction d'alarme, l'arr\u00eat en cas de charge l\u00e9g\u00e8re, la minuterie du syst\u00e8me, les param\u00e8tres MODEM, etc. Il peut stocker jusqu'\u00e0 120 messages de d\u00e9fauts anormaux pour les requ\u00eates de l'utilisateur.<\/p>\n<p>\u00a0<\/p>\n<p><strong>Adaptabilit\u00e9 environnementale sup\u00e9rieure<\/strong><br \/>\nCet onduleur pr\u00e9sente une excellente adaptabilit\u00e9 \u00e0 l'environnement, avec une large plage d'entr\u00e9e CA, r\u00e9duisant consid\u00e9rablement la fr\u00e9quence d'utilisation de la batterie et prolongeant efficacement sa dur\u00e9e de vie. Les cartes de circuits imprim\u00e9s sont trois fois anti-processus, r\u00e9sistantes \u00e0 la poussi\u00e8re, au brouillard et au sel, ce qui permet de l'utiliser dans des environnements difficiles.<\/p>\n<p>\u00a0<\/p>\n<p><strong>Fonctions de communication avanc\u00e9es<\/strong><br \/>\nL'ASI dispose de divers param\u00e8tres de fonctionnement, d'informations sur les alarmes, de commandes, de r\u00e9glages de param\u00e8tres, de fonctions de gestion de la batterie et d'une interface logicielle pour Windows et d'autres syst\u00e8mes.<\/p>\n<p>\u00a0<\/p>\n<p><strong>Puissante capacit\u00e9 de surcharge<\/strong><br \/>\nL'onduleur utilise la technologie en ligne pure \u00e0 double conversion, avec en standard un transformateur d'isolation de sortie, un by-pass statique, un by-pass de maintenance et une technologie de contr\u00f4le DSP. Il est dot\u00e9 d'une fonction de d\u00e9marrage \u00e0 froid de la batterie et sa capacit\u00e9 de surcharge de l'onduleur atteint 110%\/125%\/150%, avec un maintien de 300min\/10min\/1min. La capacit\u00e9 de surcharge du bypass peut maintenir 60min\/10min\/1min \u00e0 une surcharge de 150%\/170%\/250%.<\/p>\n<p>\u00a0<\/p>\n<hr>\n<p>\u00a0<\/p>\n<p><!--StartFragment --><\/p>\n<\/p><\/div>","protected":false},"excerpt":{"rendered":"<p class=\"e_text-32 s_summary\">\n    ASI en ligne basse fr\u00e9quence de la s\u00e9rie Uranus | Capacit\u00e9 : 10kVA-500kVA | Facteur de puissance : 0.8 | Phase : 3\/3 | Tension d'entr\u00e9e\/sortie : 380VAC\/400VAC | Fr\u00e9quence : 50Hz\/60Hz<\/p>","protected":false},"featured_media":0,"comment_status":"open","ping_status":"closed","template":"","meta":{"_acf_changed":false},"product_cat":[15],"product_tag":[],"acf":[],"_links":{"self":[{"href":"https:\/\/prostarsolar.com\/fr\/wp-json\/wp\/v2\/product\/4252"}],"collection":[{"href":"https:\/\/prostarsolar.com\/fr\/wp-json\/wp\/v2\/product"}],"about":[{"href":"https:\/\/prostarsolar.com\/fr\/wp-json\/wp\/v2\/types\/product"}],"replies":[{"embeddable":true,"href":"https:\/\/prostarsolar.com\/fr\/wp-json\/wp\/v2\/comments?post=4252"}],"wp:attachment":[{"href":"https:\/\/prostarsolar.com\/fr\/wp-json\/wp\/v2\/media?parent=4252"}],"wp:term":[{"taxonomy":"product_cat","embeddable":true,"href":"https:\/\/prostarsolar.com\/fr\/wp-json\/wp\/v2\/product_cat?post=4252"},{"taxonomy":"product_tag","embeddable":true,"href":"https:\/\/prostarsolar.com\/fr\/wp-json\/wp\/v2\/product_tag?post=4252"}],"curies":[{"name":"wp","href":"https:\/\/api.w.org\/{rel}","templated":true}]}}