{"id":4250,"date":"2024-10-18T08:39:03","date_gmt":"2024-10-18T08:39:03","guid":{"rendered":"https:\/\/prostarsolar.com\/high-frequency-ups-10kva-20kva-3-1-pf0-9\/"},"modified":"2024-10-18T08:39:05","modified_gmt":"2024-10-18T08:39:05","slug":"high-frequency-ups-10kva-20kva-3-1-pf0-9","status":"publish","type":"product","link":"https:\/\/prostarsolar.com\/fr\/high-frequency-ups-10kva-20kva-3-1-pf0-9\/","title":{"rendered":"Onduleur haute fr\u00e9quence 10kVA-20kVA (3\/1 PF:0,9)"},"content":{"rendered":"<div class=\"p_infoItem\">\n<p>Les onduleurs en ligne \u00e0 haute fr\u00e9quence de la s\u00e9rie PHTH de Prostar constituent une solution robuste con\u00e7ue pour les applications n\u00e9cessitant une protection fiable de l'alimentation \u00e0 grande \u00e9chelle. D'une capacit\u00e9 de 10kVA \u00e0 20kVA avec des tensions de sortie de 220VAC\/230VAC\/240VAC, ces syst\u00e8mes ASI sont \u00e9quip\u00e9s d'un contr\u00f4le DSP avanc\u00e9, garantissant une r\u00e9gulation pr\u00e9cise de l'alimentation. Ils sont dot\u00e9s d'une correction active du facteur de puissance d'entr\u00e9e, maintenant un facteur de puissance d'entr\u00e9e sup\u00e9rieur \u00e0 0,99, ce qui est crucial pour l'efficacit\u00e9 \u00e9nerg\u00e9tique et la r\u00e9duction de la charge sur l'infrastructure \u00e9lectrique. La technologie de l'onduleur \u00e0 trois niveaux r\u00e9duit la distorsion harmonique, fournissant une alimentation propre et stable aux \u00e9quipements sensibles.<\/p>\n<p>\u00a0<\/p>\n<p>Ces syst\u00e8mes ASI sont con\u00e7us pour s'adapter \u00e0 une large gamme d'environnements \u00e9lectriques avec une tension d'entr\u00e9e de 90V \u00e0 300V et une fr\u00e9quence de 40 \u00e0 70Hz, ce qui les rend compatibles avec les groupes \u00e9lectrog\u00e8nes et les diff\u00e9rents r\u00e9seaux \u00e9lectriques. Ils sont dot\u00e9s d'une fonction de d\u00e9marrage \u00e0 froid pour fonctionner en cas de coupure de courant et d'une fonction marche\/arr\u00eat \u00e0 distance en option pour plus de commodit\u00e9. Le mode de fonctionnement \u00e9conomique (mode ECO) optimise les co\u00fbts d'exploitation, et la d\u00e9tection automatique des fr\u00e9quences d'entr\u00e9e permet une int\u00e9gration transparente avec diff\u00e9rentes sources d'\u00e9nergie. Le mode convertisseur de fr\u00e9quence et la capacit\u00e9 \u00e0 g\u00e9rer des charges sp\u00e9cialis\u00e9es, telles que les imprimantes laser et les syst\u00e8mes \u00e0 ultrasons, am\u00e9liorent encore la polyvalence de ces onduleurs. La communication RS232 standard et les cartes USB\/MODBUS\/RS485\/SNMP\/AS400 en option permettent l'int\u00e9gration avec diff\u00e9rents syst\u00e8mes de surveillance. La conception fiable, avec une base solide en fibre de verre, une ventilation efficace et un rev\u00eatement conforme, garantit la durabilit\u00e9 et la fiabilit\u00e9 \u00e0 long terme dans les applications critiques.<\/p>\n<p>\u00a0<\/p>\n<hr>\n<p>\u00a0<\/p>\n<p><strong><span style=\"font-size:18px;\">Caract\u00e9ristiques Introduction<\/span><\/strong><\/p>\n<p>\u00a0<\/p>\n<p>1. Contr\u00f4le par DSP (Digital Signal Processors)<br \/>\n2. Correction active du facteur de puissance d'entr\u00e9e, avec un facteur de puissance d'entr\u00e9e &gt; 0,99<br \/>\n3. Technologie d'onduleur \u00e0 trois niveaux, qui r\u00e9duit les harmoniques et augmente l'efficacit\u00e9<br \/>\n4. Large plage de tension d'entr\u00e9e de 90V \u00e0 300V et plage de fr\u00e9quence de 40 \u00e0 70Hz<br \/>\n5. Compatible avec les g\u00e9n\u00e9rateurs<br \/>\n6. Fonction de d\u00e9marrage \u00e0 froid<br \/>\n7. Fonction marche\/arr\u00eat \u00e0 distance (ROO) (en option)<br \/>\n8. Mode de fonctionnement \u00e9conomique (mode ECO)<br \/>\n9. D\u00e9tection automatique de la fr\u00e9quence 50Hz\/60Hz<br \/>\n10. Mode convertisseur de fr\u00e9quence : Entr\u00e9e 50Hz vers sortie 60Hz ou entr\u00e9e 60Hz vers sortie 50Hz<br \/>\n11. Acceptable pour des charges telles que les imprimantes laser et les syst\u00e8mes \u00e0 ultrasons (personnalis\u00e9s)<br \/>\n12. Communications : RS232 (standard), carte USB\/MODBUS\/RS485\/SNMP\/AS400 (en option)<br \/>\n13. Conception fiable, avec une base solide en fibre de verre (FR4), un circuit imprim\u00e9 double face, une ventilation bien con\u00e7ue et un rev\u00eatement conforme.<br \/>\n14. Configuration polyvalente de la phase d'entr\u00e9e, fonctionne avec une entr\u00e9e secteur monophas\u00e9e ou triphas\u00e9e sans r\u00e9glages complexes ni d\u00e9classement de la puissance.<\/p>\n<h2 style=\"font-style:italic;\">\u00a0<\/h2>\n<hr>\n<p>\u00a0<\/p>\n<\/p><\/div>","protected":false},"excerpt":{"rendered":"<p class=\"e_text-32 s_summary\">\n    Onduleur en ligne haute fr\u00e9quence de la s\u00e9rie PHTH | Capacit\u00e9 : 10kVA-20kVA | Facteur de puissance : 0.9 | Phase : 31\/1 | Tension d'entr\u00e9e\/sortie : 220VAC\/230VAC\/240VAC | Fr\u00e9quence : 50Hz\/60Hz<\/p>","protected":false},"featured_media":0,"comment_status":"open","ping_status":"closed","template":"","meta":{"_acf_changed":false},"product_cat":[15],"product_tag":[],"acf":[],"_links":{"self":[{"href":"https:\/\/prostarsolar.com\/fr\/wp-json\/wp\/v2\/product\/4250"}],"collection":[{"href":"https:\/\/prostarsolar.com\/fr\/wp-json\/wp\/v2\/product"}],"about":[{"href":"https:\/\/prostarsolar.com\/fr\/wp-json\/wp\/v2\/types\/product"}],"replies":[{"embeddable":true,"href":"https:\/\/prostarsolar.com\/fr\/wp-json\/wp\/v2\/comments?post=4250"}],"wp:attachment":[{"href":"https:\/\/prostarsolar.com\/fr\/wp-json\/wp\/v2\/media?parent=4250"}],"wp:term":[{"taxonomy":"product_cat","embeddable":true,"href":"https:\/\/prostarsolar.com\/fr\/wp-json\/wp\/v2\/product_cat?post=4250"},{"taxonomy":"product_tag","embeddable":true,"href":"https:\/\/prostarsolar.com\/fr\/wp-json\/wp\/v2\/product_tag?post=4250"}],"curies":[{"name":"wp","href":"https:\/\/api.w.org\/{rel}","templated":true}]}}