{"id":4248,"date":"2024-10-18T08:36:06","date_gmt":"2024-10-18T08:36:06","guid":{"rendered":"https:\/\/prostarsolar.com\/high-frequency-ups-10kva-80kva-3-3-pf1-0\/"},"modified":"2024-10-18T08:36:08","modified_gmt":"2024-10-18T08:36:08","slug":"high-frequency-ups-10kva-80kva-3-3-pf1-0","status":"publish","type":"product","link":"https:\/\/prostarsolar.com\/fr\/high-frequency-ups-10kva-80kva-3-3-pf1-0\/","title":{"rendered":"Onduleur haute fr\u00e9quence 10kVA-80kVA (3\/3 PF:1.0)"},"content":{"rendered":"<div class=\"p_infoItem\">\n<p>Les onduleurs Prostar de la s\u00e9rie Jupiter offrent des solutions d'alimentation critique de 10KVA \u00e0 80KVA avec une grande fiabilit\u00e9 assur\u00e9e par la technologie DSP et l'architecture \u00e0 double puce. Il atteint une efficacit\u00e9 optimale avec un facteur de puissance de sortie de 1,0, ce qui est crucial pour les op\u00e9rations exigeantes. Am\u00e9lior\u00e9 par des diodes en carbure de silicium, le rendement d\u00e9passe 96% dans tous les modes. Offrant des entr\u00e9es doubles et une capacit\u00e9 parall\u00e8le jusqu'\u00e0 six unit\u00e9s, il assure une configuration flexible du syst\u00e8me et une capacit\u00e9 de puissance accrue.<\/p>\n<p>\u00a0<\/p>\n<p>\u00c9quip\u00e9e d'un chargeur puissant pour une recharge rapide et d'un courant de charge r\u00e9glable, la s\u00e9rie Jupiter s'adapte \u00e0 diff\u00e9rentes configurations de batterie. Un \u00e9cran LCD couleur tactile de 5\u2033 facilite le contr\u00f4le et l'acc\u00e8s aux journaux. L'onduleur comprend des avertissements vocaux, un support de surcharge \u00e9lev\u00e9 et une conception de batterie ajustable pour plus de flexibilit\u00e9. La fonction de mot de passe dynamique et la fonction de marche \u00e0 pied renforcent la s\u00e9curit\u00e9 et l'efficacit\u00e9 op\u00e9rationnelle, ce qui en fait un choix id\u00e9al pour l'alimentation \u00e9lectrique ininterrompue.<\/p>\n<p>\u00a0<\/p>\n<hr>\n<p>\u00a0<\/p>\n<p><strong><span style=\"font-size:18px;\">Caract\u00e9ristiques Introduction<\/span><\/strong><\/p>\n<p>\u00a0<\/p>\n<p>1. Fiabilit\u00e9 \u00e9lev\u00e9e gr\u00e2ce au DSP et au MCU<br \/>\n2. 1.0 Facteur de puissance de sortie pour l'efficacit\u00e9<br \/>\n3. Diodes en carbure de silicium pour un meilleur rendement<br \/>\n4. Flexibilit\u00e9 de la double entr\u00e9e<br \/>\n5. Chargeur puissant pour une recharge rapide<br \/>\n6. Courant de charge r\u00e9glable<br \/>\n7. Fonctionnement en parall\u00e8le pour l'\u00e9volutivit\u00e9<br \/>\n8. \u00c9cran LCD tactile couleur de 5<br \/>\n9. Carte de relais programmable pour la personnalisation<br \/>\n10. Syst\u00e8me d'alerte vocale<br \/>\n11. Capacit\u00e9 de surcharge \u00e9lev\u00e9e<br \/>\n12. Configuration r\u00e9glable de la batterie<br \/>\n13. Mot de passe dynamique pour un acc\u00e8s s\u00e9curis\u00e9 aux services<br \/>\n14. Power Walk-In pour l'optimisation des g\u00e9n\u00e9rateurs<\/p>\n<h2 style=\"font-style:italic;\">\u00a0<\/h2>\n<hr>\n<p>\u00a0<\/p>\n<\/p><\/div>","protected":false},"excerpt":{"rendered":"<p class=\"e_text-32 s_summary\">\n    Jupiter Series High Frequency Online UPS | Capacity : 10kVA-80kVA | Power Factor : 1.0 | Phase : 3\/3 | Tension d'entr\u00e9e\/sortie : 380VAC\/400VAC\/415VAC | Fr\u00e9quence : 50Hz\/60Hz<\/p>","protected":false},"featured_media":0,"comment_status":"open","ping_status":"closed","template":"","meta":{"_acf_changed":false},"product_cat":[15],"product_tag":[],"acf":[],"_links":{"self":[{"href":"https:\/\/prostarsolar.com\/fr\/wp-json\/wp\/v2\/product\/4248"}],"collection":[{"href":"https:\/\/prostarsolar.com\/fr\/wp-json\/wp\/v2\/product"}],"about":[{"href":"https:\/\/prostarsolar.com\/fr\/wp-json\/wp\/v2\/types\/product"}],"replies":[{"embeddable":true,"href":"https:\/\/prostarsolar.com\/fr\/wp-json\/wp\/v2\/comments?post=4248"}],"wp:attachment":[{"href":"https:\/\/prostarsolar.com\/fr\/wp-json\/wp\/v2\/media?parent=4248"}],"wp:term":[{"taxonomy":"product_cat","embeddable":true,"href":"https:\/\/prostarsolar.com\/fr\/wp-json\/wp\/v2\/product_cat?post=4248"},{"taxonomy":"product_tag","embeddable":true,"href":"https:\/\/prostarsolar.com\/fr\/wp-json\/wp\/v2\/product_tag?post=4248"}],"curies":[{"name":"wp","href":"https:\/\/api.w.org\/{rel}","templated":true}]}}