{"id":4246,"date":"2024-10-18T07:21:06","date_gmt":"2024-10-18T07:21:06","guid":{"rendered":"https:\/\/prostarsolar.com\/high-frequency-ups-6kva-10kva-1-1-pf0-9\/"},"modified":"2024-10-18T07:21:08","modified_gmt":"2024-10-18T07:21:08","slug":"high-frequency-ups-6kva-10kva-1-1-pf0-9","status":"publish","type":"product","link":"https:\/\/prostarsolar.com\/fr\/high-frequency-ups-6kva-10kva-1-1-pf0-9\/","title":{"rendered":"Onduleur haute fr\u00e9quence 6kVA-10kVA (1\/1 PF:0,9)"},"content":{"rendered":"<div class=\"p_infoItem\">\n<p>Les onduleurs en ligne \u00e0 haute fr\u00e9quence de la s\u00e9rie PHTH de Prostar sont con\u00e7us pour offrir une protection fiable de l'alimentation pour une gamme d'applications, allant de 6 kVA \u00e0 10 kVA avec des tensions de sortie de 220 VCA\/230 VCA\/240 VCA. Cette s\u00e9rie est reconnue pour sa technologie de double conversion en ligne \u00e0 haute fr\u00e9quence, garantissant une sortie d'alimentation propre et stable. Le contr\u00f4le DSP offre une r\u00e9gulation pr\u00e9cise de la puissance, tandis que la correction active du facteur de puissance d'entr\u00e9e maintient un facteur de puissance d'entr\u00e9e sup\u00e9rieur \u00e0 0,99, ce qui est essentiel pour l'efficacit\u00e9 \u00e9nerg\u00e9tique. L'onduleur peut d\u00e9marrer sans batterie, et ses larges plages de tension et de fr\u00e9quence d'entr\u00e9e lui permettent de s'adapter \u00e0 divers environnements \u00e9lectriques, y compris ceux o\u00f9 le courant est instable ou qui utilisent des groupes \u00e9lectrog\u00e8nes.<\/p>\n<p>\u00a0<\/p>\n<p>La s\u00e9rie PHTH est \u00e9galement \u00e9quip\u00e9e d'une fonction de d\u00e9marrage \u00e0 froid, d'une fonction marche\/arr\u00eat \u00e0 distance en option et d'un mode de fonctionnement \u00e9conomique (mode ECO) pour optimiser les co\u00fbts d'exploitation. Elle peut d\u00e9tecter automatiquement les fr\u00e9quences d'entr\u00e9e de 50 ou 60 Hz et offre un mode convertisseur de fr\u00e9quence, ce qui est utile pour les applications n\u00e9cessitant diff\u00e9rentes conversions de fr\u00e9quence. Les syst\u00e8mes ASI sont con\u00e7us pour g\u00e9rer des charges sp\u00e9cialis\u00e9es, telles que les imprimantes laser et les syst\u00e8mes \u00e0 ultrasons, et offrent une communication RS232 standard avec des cartes USB\/MODBUS\/RS485\/SNMP\/AS400 en option pour l'int\u00e9gration avec divers syst\u00e8mes de surveillance. La conception fiable, avec une base solide en fibre de verre, une ventilation efficace et un rev\u00eatement conforme, garantit la durabilit\u00e9 et la fiabilit\u00e9 \u00e0 long terme dans les applications critiques.<\/p>\n<p>\u00a0<\/p>\n<hr>\n<p>\u00a0<\/p>\n<p><strong><span style=\"font-size:18px;\">Caract\u00e9ristiques Introduction<\/span><\/strong><\/p>\n<p>\u00a0<\/p>\n<p>1. Contr\u00f4le par DSP (Digital Signal Processors)<br \/>\n2. Correction active du facteur de puissance d'entr\u00e9e, avec un facteur de puissance d'entr\u00e9e &gt; 0,99<br \/>\n3. Technologie d'onduleur \u00e0 trois niveaux, qui r\u00e9duit les harmoniques et augmente l'efficacit\u00e9<br \/>\n4. Large plage de tension d'entr\u00e9e de 90V \u00e0 300V et plage de fr\u00e9quence de 40 \u00e0 70Hz<br \/>\n5. Compatible avec les g\u00e9n\u00e9rateurs<br \/>\n6. Fonction de d\u00e9marrage \u00e0 froid<br \/>\n7. Fonction marche\/arr\u00eat \u00e0 distance (ROO) (en option)<br \/>\n8. Mode de fonctionnement \u00e9conomique (mode ECO)<br \/>\n9. D\u00e9tection automatique de la fr\u00e9quence 50Hz\/60Hz<br \/>\n10. Mode convertisseur de fr\u00e9quence : Entr\u00e9e 50Hz vers sortie 60Hz ou entr\u00e9e 60Hz vers sortie 50Hz<br \/>\n11. Acceptable pour des charges telles que les imprimantes laser et les syst\u00e8mes \u00e0 ultrasons (personnalis\u00e9s)<br \/>\n12. Communications : RS232 (standard), carte USB\/MODBUS\/RS485\/SNMP\/AS400 (en option)<br \/>\n13. Conception fiable, avec une base solide en fibre de verre (FR4), un circuit imprim\u00e9 double face, une ventilation bien con\u00e7ue et un rev\u00eatement conforme.<\/p>\n<h2 style=\"font-style:italic;\">\u00a0<\/h2>\n<hr>\n<p>\u00a0<\/p>\n<\/p><\/div>","protected":false},"excerpt":{"rendered":"<p class=\"e_text-32 s_summary\">\n    Onduleur en ligne haute fr\u00e9quence de la s\u00e9rie PHTH | Capacit\u00e9 : 6kVA-10kVA | Facteur de puissance : 0.9 | Phase : 1\/1 | Tension d'entr\u00e9e\/sortie : 220VAC\/230VAC\/240VAC | Fr\u00e9quence : 50Hz\/60Hz<\/p>","protected":false},"featured_media":0,"comment_status":"open","ping_status":"closed","template":"","meta":{"_acf_changed":false},"product_cat":[15],"product_tag":[],"acf":[],"_links":{"self":[{"href":"https:\/\/prostarsolar.com\/fr\/wp-json\/wp\/v2\/product\/4246"}],"collection":[{"href":"https:\/\/prostarsolar.com\/fr\/wp-json\/wp\/v2\/product"}],"about":[{"href":"https:\/\/prostarsolar.com\/fr\/wp-json\/wp\/v2\/types\/product"}],"replies":[{"embeddable":true,"href":"https:\/\/prostarsolar.com\/fr\/wp-json\/wp\/v2\/comments?post=4246"}],"wp:attachment":[{"href":"https:\/\/prostarsolar.com\/fr\/wp-json\/wp\/v2\/media?parent=4246"}],"wp:term":[{"taxonomy":"product_cat","embeddable":true,"href":"https:\/\/prostarsolar.com\/fr\/wp-json\/wp\/v2\/product_cat?post=4246"},{"taxonomy":"product_tag","embeddable":true,"href":"https:\/\/prostarsolar.com\/fr\/wp-json\/wp\/v2\/product_tag?post=4246"}],"curies":[{"name":"wp","href":"https:\/\/api.w.org\/{rel}","templated":true}]}}