{"id":4237,"date":"2024-05-10T03:41:06","date_gmt":"2024-05-10T03:41:06","guid":{"rendered":"https:\/\/prostarsolar.com\/low-frequency-ups-1-30kva-1-1-3-1-pf0-8\/"},"modified":"2024-05-10T03:41:13","modified_gmt":"2024-05-10T03:41:13","slug":"low-frequency-ups-1-30kva-1-1-3-1-pf0-8","status":"publish","type":"product","link":"https:\/\/prostarsolar.com\/fr\/low-frequency-ups-1-30kva-1-1-3-1-pf0-8\/","title":{"rendered":"Onduleur basse fr\u00e9quence 1-30kVA (1\/1 3\/1 PF:0.8)"},"content":{"rendered":"<div class=\"p_infoItem\">\n<p>La s\u00e9rie Prostar 6000 comprend des onduleurs en ligne basse fr\u00e9quence 1P\/1P 1kVA-20kVA et 3P\/1P 6KVA-30KVA. Elle adopte la technologie IGBT avanc\u00e9e combin\u00e9e \u00e0 la technologie de modulation de largeur d'impulsion (MLI) \u00e0 haute fr\u00e9quence, ce qui permet aux clients d'obtenir une tension de sortie de haute qualit\u00e9 et un rendement \u00e9lev\u00e9 dans diverses conditions de charge de travail. La conception modulaire avanc\u00e9e r\u00e9duit le temps moyen de r\u00e9paration (MTTR), ce qui facilite la maintenance. Il utilise une technologie d'\u00e9quilibrage de phase de pointe, ce qui lui conf\u00e8re une bonne stabilit\u00e9 et de bonnes performances. Il peut fonctionner normalement m\u00eame en cas de perte de phase, ce qui le rend particuli\u00e8rement adapt\u00e9 aux environnements \u00e9lectriques difficiles. La sortie sinuso\u00efdale pure en ligne \u00e0 double conversion peut fournir une puissance sinuso\u00efdale pure \u00e0 faible distorsion, assurant la protection de l'\u00e9quipement de charge des utilisateurs. La sortie est livr\u00e9e avec un transformateur d'isolation, assurant une isolation compl\u00e8te entre la charge et le r\u00e9seau \u00e9lectrique public.<\/p>\n<p>\u00a0<\/p>\n<hr>\n<p>\u00a0<\/p>\n<p><strong><span style=\"font-size:18px;\">Caract\u00e9ristiques Introduction<\/span><\/strong><\/p>\n<p>\u00a0<\/p>\n<p>\u00a0<\/p>\n<p>\u25cf Plusieurs groupes de contr\u00f4le intelligent de l'unit\u00e9 centrale, contr\u00f4le pr\u00e9cis des param\u00e8tres de l'onduleur et de son contr\u00f4le total.<\/p>\n<p>\n\u25cf Interface d'affichage humanis\u00e9e pour comprendre rapidement l'\u00e9tat de fonctionnement de l'onduleur.<\/p>\n<p>\n\u25cf Isolation de la sortie transformateur basse fr\u00e9quence, forte capacit\u00e9 anti-interf\u00e9rence.<\/p>\n<p>\n\u25cf Contr\u00f4le du r\u00e9seau \u00e0 haute intelligence, mieux adapt\u00e9 aux utilisateurs d\u00e9centralis\u00e9s pour une gestion centralis\u00e9e.<\/p>\n<p>\n\u25cf Technologie avanc\u00e9e d'\u00e9quilibrage des phases, adapt\u00e9e au travail dans un environnement \u00e9lectrique difficile.<\/p>\n<p>\n\u25cf Bonne compatibilit\u00e9 avec les charges, peut \u00eatre appliqu\u00e9e \u00e0 diff\u00e9rents types de charges.<\/p>\n<p>\n\u25cf Technologie parall\u00e8le non principale et subordonn\u00e9e, elle peut \u00eatre arbitrairement \u00e9tendue en parall\u00e8le en ligne ou redondance N+1 en parall\u00e8le.<\/p>\n<p>\n\u25cf Gestion intelligente de la batterie pour prolonger son autonomie.<\/p>\n<h2 style=\"font-style:italic;\">\u00a0<\/h2>\n<hr>\n<p>\u00a0<\/p>\n<\/p><\/div>","protected":false},"excerpt":{"rendered":"<p class=\"e_text-32 s_summary\">\n    Onduleur en ligne basse fr\u00e9quence s\u00e9rie 6000 | Capacit\u00e9 : 1kVA-30kVA | Facteur de puissance : 0.8 | Phase : 1\/1 \/ Tension d'entr\u00e9e : 220VAC \/ Tension de sortie : 220VAC | Phase : 3\/1 \/ Tension d'entr\u00e9e : 380VAC \/ Tension de sortie : 220VAC | Fr\u00e9quence : 50Hz\/60Hz<\/p>","protected":false},"featured_media":0,"comment_status":"open","ping_status":"closed","template":"","meta":{"_acf_changed":false},"product_cat":[15],"product_tag":[],"acf":[],"_links":{"self":[{"href":"https:\/\/prostarsolar.com\/fr\/wp-json\/wp\/v2\/product\/4237"}],"collection":[{"href":"https:\/\/prostarsolar.com\/fr\/wp-json\/wp\/v2\/product"}],"about":[{"href":"https:\/\/prostarsolar.com\/fr\/wp-json\/wp\/v2\/types\/product"}],"replies":[{"embeddable":true,"href":"https:\/\/prostarsolar.com\/fr\/wp-json\/wp\/v2\/comments?post=4237"}],"wp:attachment":[{"href":"https:\/\/prostarsolar.com\/fr\/wp-json\/wp\/v2\/media?parent=4237"}],"wp:term":[{"taxonomy":"product_cat","embeddable":true,"href":"https:\/\/prostarsolar.com\/fr\/wp-json\/wp\/v2\/product_cat?post=4237"},{"taxonomy":"product_tag","embeddable":true,"href":"https:\/\/prostarsolar.com\/fr\/wp-json\/wp\/v2\/product_tag?post=4237"}],"curies":[{"name":"wp","href":"https:\/\/api.w.org\/{rel}","templated":true}]}}