{"id":4234,"date":"2024-05-10T03:38:06","date_gmt":"2024-05-10T03:38:06","guid":{"rendered":"https:\/\/prostarsolar.com\/low-frequency-ups-8-100kva-3-1-pf0-8\/"},"modified":"2024-05-10T03:38:19","modified_gmt":"2024-05-10T03:38:19","slug":"low-frequency-ups-8-100kva-3-1-pf0-8","status":"publish","type":"product","link":"https:\/\/prostarsolar.com\/fr\/low-frequency-ups-8-100kva-3-1-pf0-8\/","title":{"rendered":"Onduleur basse fr\u00e9quence 8-100kVA (3\/1 PF:0,8)"},"content":{"rendered":"<div class=\"p_infoItem\">\n<p>Les onduleurs de la s\u00e9rie Neptune de Prostar adoptent la technologie qui combine la technologie de contr\u00f4le num\u00e9rique DSP la plus avanc\u00e9e au monde et la technique de modulation de largeur d'impulsion (MLI) \u00e0 haute fr\u00e9quence IGBT. La conception de la topologie en ligne \u00e0 double conversion rend la fr\u00e9quence de sortie de l'onduleur utilis\u00e9e pour le suivi, le verrouillage de phase, le r\u00e9gulateur de tension et le filtrage du bruit et des interf\u00e9rences provenant des fluctuations du r\u00e9seau \u00e9lectrique dans l'alimentation \u00e9lectrique \u00e0 onde sinuso\u00efdale pure.Apr\u00e8s plus de 10 ans de recherche et d\u00e9veloppement au centre de Prostar, Prostar a con\u00e7u une structure modulaire dont le fonctionnement global est 5 fois plus fiable et stable que celui d'un onduleur ordinaire. Le MTBF est sup\u00e9rieur \u00e0 300 000 heures.<\/p>\n<p>\u00a0<\/p>\n<p>Les onduleurs de la s\u00e9rie Neptune sont \u00e9quip\u00e9s de transformateurs d'isolation de sortie, d'un interrupteur de d\u00e9rivation statique et d'un interrupteur de maintien manuel, ce qui conf\u00e8re \u00e0 cette s\u00e9rie d'onduleurs une tr\u00e8s grande capacit\u00e9 \u00e0 s'engager dans un court-circuit et lui permet d'\u00eatre utilis\u00e9e dans les environnements les plus difficiles. En outre, il dispose d'une entr\u00e9e CA, d'une surtension, d'une sous-tension, d'une surtension de sortie, d'une protection contre les courts-circuits, d'une protection contre la surchauffe de l'onduleur et du redresseur, d'un avertissement de sous-tension, d'une protection contre la surcharge de la batterie et d'autres protections en un seul dispositif, afin d'assurer un fonctionnement stable et fiable du syst\u00e8me.<\/p>\n<p>\u00a0<\/p>\n<p>Les onduleurs de la s\u00e9rie Neptune comprennent des entr\u00e9es triphas\u00e9es et des sorties monophas\u00e9es de 8kVA \u00e0 100kVA, qui peuvent \u00eatre mises en parall\u00e8le avec 8 onduleurs directement, de mani\u00e8re pratique et rapide. La technologie parall\u00e8le flexible peut \u00eatre appliqu\u00e9e \u00e0 diff\u00e9rentes charges et syst\u00e8mes. Selon les besoins des clients, elle peut \u00eatre construite en N+1 ou N+X, mais aussi selon les diff\u00e9rents besoins des clients avec diff\u00e9rentes capacit\u00e9s, elle peut \u00eatre mise en parall\u00e8le avec 8 onduleurs al\u00e9atoires, et toutes les charges seront charg\u00e9es par les 8 onduleurs en moyenne du syst\u00e8me d'onduleurs redondants en parall\u00e8le.Si une ASI du syst\u00e8me redondant parall\u00e8le tombe en panne, l'autre ASI partage imm\u00e9diatement sa charge pour assurer le fonctionnement normal du syst\u00e8me. Pendant le processus de l'ASI parall\u00e8le, il n'est pas n\u00e9cessaire de d\u00e9finir l'h\u00f4te et l'h\u00f4te de secours, mais ils sont s\u00e9lectionn\u00e9s par les clients de mani\u00e8re flexible. La premi\u00e8re ASI mise en marche est automatiquement r\u00e9gl\u00e9e sur l'h\u00f4te, lorsque le syst\u00e8me h\u00f4te tombe en panne, l'identit\u00e9 de l'h\u00f4te est imm\u00e9diatement transf\u00e9r\u00e9e \u00e0 une autre ASI, assurant ainsi la fourniture d'\u00e9lectricit\u00e9 aux clients pendant le processus d'utilisation, de sorte qu'elle peut devenir une v\u00e9ritable alimentation \u00e9lectrique sans coupure.<\/p>\n<p>\u00a0<\/p>\n<hr>\n<p>\u00a0<\/p>\n<p><span style=\"font-size:18px;\"><b>Caract\u00e9ristiques Introduction<\/b><\/span><\/p>\n<p>\u00a0<\/p>\n<p>\u00a0<\/p>\n<p>\u25cf Technologie de contr\u00f4le enti\u00e8rement num\u00e9rique DSP, avec des capacit\u00e9s de calcul et de traitement plus rapides.<\/p>\n<p>\n\u25cf Technologie en ligne pure \u00e0 double conversion, adaptable aux environnements de travail difficiles.<\/p>\n<p>\n\u25cf Interface d'affichage LCD conviviale, \u00e9cran tactile couleur de 7 pouces, affichage multilingue.<\/p>\n<p>\n\u25cf Transformateur d'isolation de sortie standard, forte capacit\u00e9 anti-interf\u00e9rence.<\/p>\n<p>\n\u25cf Faible consommation d'\u00e9nergie et haut rendement, atteignant plus de 98% d'efficacit\u00e9 op\u00e9rationnelle en mode ECO.<\/p>\n<p>\n\u25cf Puissante fonction parall\u00e8le redondante, r\u00e9duisant les co\u00fbts d'approvisionnement initiaux des utilisateurs et les co\u00fbts d'extension de capacit\u00e9 ult\u00e9rieurs.<\/p>\n<p>\n\u25cf Fonction d'autodiagnostic au d\u00e9marrage, \u00e9vitant \u00e0 temps les risques de d\u00e9faillance potentiels caus\u00e9s par les probl\u00e8mes cach\u00e9s de l'ASI.<\/p>\n<p>\n\u25cf Interface de communication riche, prenant en charge la surveillance et la gestion \u00e0 distance de l'ASI.<\/p>\n<p>\u00a0<\/p>\n<hr>\n<p>\u00a0<\/p>\n<p><span style=\"font-size:18px;\"><b>Caract\u00e9ristiques de performance<\/b><\/span><\/p>\n<p>\u00a0<\/p>\n<p>\u00a0<\/p>\n<p><strong>Technologie de contr\u00f4le num\u00e9rique DSP<\/strong><\/p>\n<p>Le syst\u00e8me central utilise la technologie de contr\u00f4le DSP enti\u00e8rement num\u00e9rique la plus avanc\u00e9e au monde, ce qui permet de garantir efficacement la pr\u00e9cision et la rapidit\u00e9 de fonctionnement du syst\u00e8me central de l'ASI.<\/p>\n<p>\n<strong>Technologie avanc\u00e9e d'onduleur IGBT<\/strong><\/p>\n<p>Combinaison d'une technologie d'onduleur IGBT tr\u00e8s fiable et \u00e0 haut rendement et d'une technologie de modulation de largeur d'impulsion (MLI) \u00e0 haute fr\u00e9quence. \u00a0 \u00a0\u00a0<br \/>\nIl peut r\u00e9duire le bruit et la perte de puissance, afin de garantir que les utilisateurs peuvent charger dans une vari\u00e9t\u00e9 de situations de travail et obtenir une sortie de tension de haute qualit\u00e9 et une rentabilit\u00e9 maximale, mais aussi rendre l'efficacit\u00e9 de l'entr\u00e9e plus que 95%.<\/p>\n<p>\n<strong>Technologie de double conversion purement en ligne<\/strong><\/p>\n<p>Fiable et stable, apr\u00e8s filtrage et r\u00e9gulation, l'onde sinuso\u00efdale de sortie issue de la technologie de double conversion pure-online dispose non seulement d'un filtre de suppression des perturbations atmosph\u00e9riques, mais aussi de transformateurs d'isolation de sortie standard, d'un by-pass statique et d'un by-pass de maintenance, ce qui conf\u00e8re \u00e0 ce produit une plus grande capacit\u00e9 \u00e0 s'engager dans un courant de court-circuit. Il peut \u00eatre utilis\u00e9 dans les pires conditions de travail.<\/p>\n<p>\n<strong>Une protection parfaite<\/strong><\/p>\n<p>Les fonctions de protection du syst\u00e8me sont parfaites : Il est dot\u00e9 d'une protection contre les surtensions et les sous-tensions en courant alternatif, d'une protection contre les surtensions et les sous-tensions en sortie, d'une protection contre les surcharges en sortie, d'une protection contre les courts-circuits, d'une protection contre la surchauffe de l'onduleur et du redresseur, d'un avertissement de sous-tension, d'une protection contre la surcharge de la batterie et d'autres protections en un seul dispositif pour garantir un fonctionnement stable et fiable du syst\u00e8me.<\/p>\n<p>\n<strong>Puissante fonction de connexion parall\u00e8le redondante<\/strong><\/p>\n<p>La conception durable et fiable de la structure modulaire de type industriel, combin\u00e9e \u00e0 la technologie de contr\u00f4le DSP enti\u00e8rement num\u00e9rique, fait que ce produit peut non seulement \u00eatre utilis\u00e9 pour la redondance N +1 \/ N + X et la capacit\u00e9 d'augmenter la capacit\u00e9, mais aussi permettre \u00e0 diff\u00e9rentes puissances et diff\u00e9rents temps de l'ASI d'\u00eatre en parall\u00e8le. Il r\u00e9duit consid\u00e9rablement les co\u00fbts de l'utilisateur avant et apr\u00e8s l'achat, et augmente les co\u00fbts de capacit\u00e9, mais \u00e9largit \u00e9galement les espaces sup\u00e9rieurs d'augmentation de la capacit\u00e9.<\/p>\n<p>\n<strong>Un syst\u00e8me de communication puissant<\/strong><\/p>\n<p>Le mod\u00e8le standard est \u00e9quip\u00e9 d'une interface RS232, de relais \u00e0 contact, d'un dispositif de commutation d'urgence, d'une interface d'entr\u00e9e EPO.<\/p>\n<p>Faible dissipation de puissance mais haut rendement<\/p>\n<p>Pour atteindre plus de 98% d'efficacit\u00e9 ultra-\u00e9lev\u00e9e dans le cadre du mod\u00e8le \u00e9conomique ECO, ce qui peut r\u00e9duire efficacement la quantit\u00e9 d'\u00e9lectricit\u00e9 et r\u00e9pondre efficacement aux exigences de l'objectif d'\u00e9conomie d'\u00e9nergie du pays.<\/p>\n<p>\n<strong>Syst\u00e8me d'alerte pr\u00e9dictive<\/strong><\/p>\n<p>La fonction de d\u00e9tection automatique de l'\u00e9cran LCD et l'avertissement en temps utile, avec la fonction d'autodiagnostic du d\u00e9marrage. Il peut \u00e9viter \u00e0 temps les dangers cach\u00e9s dus \u00e0 la d\u00e9faillance de l'ASI, ce qui entra\u00eene des risques. Il peut \u00e9galement d\u00e9clencher une alarme automatique lorsque le temps de d\u00e9charge de la batterie est inf\u00e9rieur \u00e0 une valeur d\u00e9finie.<\/p>\n<p>\n<strong>Panneau d'affichage humanis\u00e9<\/strong><\/p>\n<p>Les utilisateurs peuvent r\u00e9gler les param\u00e8tres du syst\u00e8me, la date, la tension de sortie, la capacit\u00e9 de la batterie, la fonction d'alarme, l'arr\u00eat en cas de charge l\u00e9g\u00e8re, l'heure de d\u00e9marrage du syst\u00e8me, les param\u00e8tres MODEM, tels que les commandes, ainsi que jusqu'\u00e0 120 informations sur les d\u00e9faillances anormales que les utilisateurs peuvent interroger.<\/p>\n<p>\n<strong>Tr\u00e8s forte capacit\u00e9 d'adaptation \u00e0 l'environnement<\/strong><\/p>\n<p>Ce produit pr\u00e9sente une adaptabilit\u00e9 environnementale sup\u00e9rieure, une large plage d'entr\u00e9e CA, r\u00e9duit consid\u00e9rablement la fr\u00e9quence d'utilisation des piles et prolonge efficacement leur dur\u00e9e de vie.<\/p>\n<p>\n<strong>Capacit\u00e9 de surcharge puissante<\/strong><\/p>\n<p>Elle utilise la technologie de double conversion en ligne pure, avec des transformateurs d'isolation de sortie, un by-pass statique et un by-pass de maintenance.<br \/>\nLa capacit\u00e9 de surcharge de l'onduleur atteint 110% \/ 125% \/ 150%. Le temps de surcharge peut durer 300min\/10min\/1min.<br \/>\nCapacit\u00e9 de surcharge de la d\u00e9rivation atteinte 150% \/ 170% \/ 250% peut durer 60min\/10min\/1min. \u00a0<\/p>\n<p>\u00a0<\/p>\n<hr>\n<p>\u00a0<\/p>\n<\/p><\/div>","protected":false},"excerpt":{"rendered":"<p class=\"e_text-32 s_summary\">\n    Onduleur en ligne basse fr\u00e9quence de la s\u00e9rie Neptune | Capacit\u00e9 : 8kVA-100kVA | Facteur de puissance : 0.8 | Phase : 3\/1 | Tension d'entr\u00e9e : 380VAC \/ Tension de sortie : 220VAC | Fr\u00e9quence : 50Hz\/60Hz<\/p>","protected":false},"featured_media":0,"comment_status":"open","ping_status":"closed","template":"","meta":{"_acf_changed":false},"product_cat":[15],"product_tag":[],"acf":[],"_links":{"self":[{"href":"https:\/\/prostarsolar.com\/fr\/wp-json\/wp\/v2\/product\/4234"}],"collection":[{"href":"https:\/\/prostarsolar.com\/fr\/wp-json\/wp\/v2\/product"}],"about":[{"href":"https:\/\/prostarsolar.com\/fr\/wp-json\/wp\/v2\/types\/product"}],"replies":[{"embeddable":true,"href":"https:\/\/prostarsolar.com\/fr\/wp-json\/wp\/v2\/comments?post=4234"}],"wp:attachment":[{"href":"https:\/\/prostarsolar.com\/fr\/wp-json\/wp\/v2\/media?parent=4234"}],"wp:term":[{"taxonomy":"product_cat","embeddable":true,"href":"https:\/\/prostarsolar.com\/fr\/wp-json\/wp\/v2\/product_cat?post=4234"},{"taxonomy":"product_tag","embeddable":true,"href":"https:\/\/prostarsolar.com\/fr\/wp-json\/wp\/v2\/product_tag?post=4234"}],"curies":[{"name":"wp","href":"https:\/\/api.w.org\/{rel}","templated":true}]}}