{"id":4231,"date":"2024-05-10T03:35:05","date_gmt":"2024-05-10T03:35:05","guid":{"rendered":"https:\/\/prostarsolar.com\/low-frequency-ups-10-300kva-3-3-pf0-8\/"},"modified":"2024-05-10T03:35:17","modified_gmt":"2024-05-10T03:35:17","slug":"low-frequency-ups-10-300kva-3-3-pf0-8","status":"publish","type":"product","link":"https:\/\/prostarsolar.com\/fr\/low-frequency-ups-10-300kva-3-3-pf0-8\/","title":{"rendered":"Onduleur basse fr\u00e9quence 10-300kVA (3\/3 PF:0.8)"},"content":{"rendered":"<div class=\"p_infoItem\">\n<p>L'onduleur \u00e0 basse fr\u00e9quence Prostar Uranus PLUS Series 3 phases 208V\/220V\/230V\/240V\/440V\/480V 10kVA-300kVA adopte la technologie avanc\u00e9e de traitement du contr\u00f4le num\u00e9rique int\u00e9gral DSP et la technologie de modulation de largeur d'impulsion \u00e0 haute fr\u00e9quence IGBT. La conception de la structure topologique en ligne \u00e0 double conversion permet \u00e0 la sortie de l'onduleur d'\u00eatre une alimentation \u00e0 onde sinuso\u00efdale pure qui suit la fr\u00e9quence, verrouille la phase, stabilise la tension et filtre le bruit sans \u00eatre affect\u00e9e par les fluctuations du r\u00e9seau. La technologie parall\u00e8le flexible peut \u00eatre appliqu\u00e9e \u00e0 diff\u00e9rentes charges et syst\u00e8mes, formant des architectures de travail N+1 ou N+X en fonction des besoins du client, et peut \u00e9galement \u00eatre utilis\u00e9e pour jusqu'\u00e0 8 unit\u00e9s en parall\u00e8le avec diff\u00e9rentes capacit\u00e9s en fonction des diff\u00e9rentes exigences du client. \u00c9quip\u00e9 d'un transformateur d'isolation de sortie, d'un commutateur de d\u00e9rivation statique et d'un commutateur de maintenance manuelle, il pr\u00e9sente une r\u00e9sistance \u00e9lev\u00e9e aux courts-circuits et peut \u00eatre utilis\u00e9 dans des environnements industriels exigeants, ce qui le rend adapt\u00e9 \u00e0 l'alimentation UPS haute performance dans les applications critiques.<\/p>\n<p>\u00a0<\/p>\n<hr>\n<p>\u00a0<\/p>\n<p><span style=\"font-size:18px;\"><b>Caract\u00e9ristiques Introduction<\/b><\/span><\/p>\n<p>\u00a0<\/p>\n<p>\u00a0<\/p>\n<p>\u25cf Supporte 208V\/220V\/230V\/240V\/415V\/440V\/480V \u00e0 50\/60Hz<\/p>\n<p>\u00a0<\/p>\n<p>\u25cf La technologie de contr\u00f4le enti\u00e8rement num\u00e9rique DSP am\u00e9liore efficacement les performances du produit et la fiabilit\u00e9 du syst\u00e8me.<\/p>\n<p>\n\u25cf La technologie avanc\u00e9e de l'onduleur IGBT r\u00e9duit le bruit du syst\u00e8me et la perte de puissance, avec un rendement d'entr\u00e9e sup\u00e9rieur \u00e0 95%.<\/p>\n<p>\n\u25cf La technologie en ligne pure \u00e0 double conversion assure une protection \u00e0 temps plein de la charge.<\/p>\n<p>\n\u25cf Des fonctions de protection compl\u00e8tes incluent des protections contre les surcharges de sortie, les courts-circuits, la surchauffe de l'onduleur, l'avertissement de sous-tension de la batterie et la surcharge de la batterie.<\/p>\n<p>\n\u25cf La puissante capacit\u00e9 parall\u00e8le redondante prend en charge les configurations N+1 ou N+X avec jusqu'\u00e0 8 unit\u00e9s en parall\u00e8le.<\/p>\n<p>\n\u25cf Des fonctions de communication avanc\u00e9es sont propos\u00e9es en standard avec des interfaces RS232, RS485, de contact sec et de mise hors tension d'urgence (EPO).<\/p>\n<p>\n\u25cf Syst\u00e8me d'alarme pr\u00e9dictive et fonction d'autodiagnostic au d\u00e9marrage pour \u00e9viter \u00e0 temps les risques de d\u00e9faillance potentiels caus\u00e9s par les probl\u00e8mes cach\u00e9s de l'ASI.<\/p>\n<p>\n\u25cf Grand \u00e9cran tactile couleur, \u00e9cran tactile couleur de 7 pouces, affichage multilingue.<\/p>\n<p>\u00a0<\/p>\n<hr>\n<p>\u00a0<\/p>\n<p><!--StartFragment --><\/p>\n<\/p><\/div>","protected":false},"excerpt":{"rendered":"<p class=\"e_text-32 s_summary\">\n    Onduleur en ligne basse fr\u00e9quence Uranus PLUS Series | Capacit\u00e9 : 10kVA-300kVA | Facteur de puissance : 0.8 | Phase : 3\/3 | Tension d'entr\u00e9e\/sortie : 208VAC\/220VAC\/230VAC\/240VAC\/440VAC\/480VAC | Fr\u00e9quence : 50Hz\/60Hz<\/p>","protected":false},"featured_media":0,"comment_status":"open","ping_status":"closed","template":"","meta":{"_acf_changed":false},"product_cat":[15],"product_tag":[],"acf":[],"_links":{"self":[{"href":"https:\/\/prostarsolar.com\/fr\/wp-json\/wp\/v2\/product\/4231"}],"collection":[{"href":"https:\/\/prostarsolar.com\/fr\/wp-json\/wp\/v2\/product"}],"about":[{"href":"https:\/\/prostarsolar.com\/fr\/wp-json\/wp\/v2\/types\/product"}],"replies":[{"embeddable":true,"href":"https:\/\/prostarsolar.com\/fr\/wp-json\/wp\/v2\/comments?post=4231"}],"wp:attachment":[{"href":"https:\/\/prostarsolar.com\/fr\/wp-json\/wp\/v2\/media?parent=4231"}],"wp:term":[{"taxonomy":"product_cat","embeddable":true,"href":"https:\/\/prostarsolar.com\/fr\/wp-json\/wp\/v2\/product_cat?post=4231"},{"taxonomy":"product_tag","embeddable":true,"href":"https:\/\/prostarsolar.com\/fr\/wp-json\/wp\/v2\/product_tag?post=4231"}],"curies":[{"name":"wp","href":"https:\/\/api.w.org\/{rel}","templated":true}]}}