{"id":4224,"date":"2024-05-10T03:29:13","date_gmt":"2024-05-10T03:29:13","guid":{"rendered":"https:\/\/prostarsolar.com\/industrial-digital-ups-10-100kva-lv-3-3-pf0-8\/"},"modified":"2024-05-10T03:29:20","modified_gmt":"2024-05-10T03:29:20","slug":"industrial-digital-ups-10-100kva-lv-3-3-pf0-8","status":"publish","type":"product","link":"https:\/\/prostarsolar.com\/fr\/industrial-digital-ups-10-100kva-lv-3-3-pf0-8\/","title":{"rendered":"Onduleur num\u00e9rique industriel 10-100kVA (LV 3\/3 PF:0.8)"},"content":{"rendered":"<div class=\"p_infoItem\">\n<p>L'onduleur \u00e0 double conversion en ligne Prostar ET LV Series 3 phases 208V\/120V 220V\/127V offre une protection compl\u00e8te contre les interruptions et les fluctuations de l'alimentation, qui peuvent entra\u00eener des pannes d'\u00e9quipement et des pertes de donn\u00e9es. Cet onduleur est recommand\u00e9 pour les centres de donn\u00e9es critiques, les t\u00e9l\u00e9communications, les r\u00e9seaux informatiques, la fabrication et les applications financi\u00e8res.<\/p>\n<p>\nSa conception int\u00e8gre un processeur num\u00e9rique DSP avanc\u00e9 et la modulation de largeur d'impulsion \u00e0 vecteur spatial (SVPWM) GBT, ce qui am\u00e9liore consid\u00e9rablement les inconv\u00e9nients des applications traditionnelles qui utilisent de nombreux circuits analogiques avec une faible pr\u00e9cision de contr\u00f4le et une vitesse de contr\u00f4le lente.<\/p>\n<p>\u00a0<\/p>\n<p>La conception ind\u00e9pendante de la tension et de la fr\u00e9quence (VFI) permet un fonctionnement continu \u00e0 50 ou 60 Hz. Le temps de transfert nul entre le mode en ligne et le mode batterie garantit l'absence de perturbation des charges des \u00e9quipements connect\u00e9s. L'onduleur de la s\u00e9rie ET LV affiche un rendement de 93% en fonctionnement normal et de 98% en mode ECO, r\u00e9duisant ainsi les pertes d'\u00e9nergie pour un fonctionnement rentable. Le by-pass automatique maintient l'alimentation de l'\u00e9quipement connect\u00e9 m\u00eame en cas de surcharge et de diverses conditions de d\u00e9faillance potentielle de l'ASI. Gr\u00e2ce \u00e0 sa conception robuste et \u00e0 ses performances de pointe, l'onduleur de la s\u00e9rie ET LV constitue l'\u00e9pine dorsale id\u00e9ale pour les infrastructures critiques.<br \/>\n\u00a0<\/p>\n<p>\u00a0<\/p>\n<hr>\n<p>\u00a0<\/p>\n<p><span style=\"font-size:16px;\"><big><b>Caract\u00e9ristiques Introduction<\/b><\/big><\/span><\/p>\n<p style=\"text-align: center;\">\u00a0<\/p>\n<p style=\"text-align: center;\">\u00a0<\/p>\n<p>\u25cf Contr\u00f4le num\u00e9rique int\u00e9gral par DSP haute performance<\/p>\n<p>\n\u25cf Technologie avanc\u00e9e de gestion de la batterie (ABM), prolongeant la dur\u00e9e de vie de la batterie en fonction de ses caract\u00e9ristiques de charge et de d\u00e9charge.<\/p>\n<p>\n\u25cf Sortie sinuso\u00efdale avec temps de transfert nul compatible avec tous les types d'\u00e9quipement.<\/p>\n<p>\n\u25cf Grande adaptabilit\u00e9 \u00e0 diverses charges, comme les moteurs, les impacts, les charges inductives, capacitives, non lin\u00e9aires, etc.\u00a0<\/p>\n<p>\n\u25cf Prise en charge de la charge d\u00e9s\u00e9quilibr\u00e9e 100%, de la charge compl\u00e8te monophas\u00e9e, de toute charge compl\u00e8te biphas\u00e9e.\u00a0<\/p>\n<p>\n\u25cf Avec fonction d'autod\u00e9tection pour assurer la s\u00e9curit\u00e9 du d\u00e9marrage initial de l'ASI.<\/p>\n<p>\n\u25cf Avec une fonction d'alarme en cas de d\u00e9faillance du ventilateur pour avertir les utilisateurs de le remplacer \u00e0 temps afin de garantir la fiabilit\u00e9 du fonctionnement du syst\u00e8me ASI.<\/p>\n<p>\n\u25cf La technologie haute densit\u00e9 et l'acc\u00e8s frontal complet font de l'UPS un \u00e9conomiseur d'espace bien adapt\u00e9 aux espaces restreints.<\/p>\n<p>\n\u25cf Prend en charge 208\/120V ou 220\/127V \u00e0 50\/60Hz<\/p>\n<p>\n\u25cf Prise en charge de la fonction parall\u00e8le<\/p>\n<p>\n\u25cf \u00c9cran tactile capacitif LCD de 7 pouces, offrant aux utilisateurs une exp\u00e9rience d'utilisation intuitive et pratique.\u00a0<\/p>\n<p>\n\u25cf Registre de donn\u00e9es complet pour l'enregistrement des pannes, des op\u00e9rations et de l'\u00e9tat, afin de faciliter la maintenance.\u00a0<\/p>\n<p>\n\u25cf Prise en charge de RS232,RS485,CAN,USB, contact sec, carte SNMP, carte WiFi\/GPRS, etc. pour r\u00e9pondre \u00e0 diff\u00e9rents besoins.<\/p>\n<p>\u00a0<\/p>\n<hr>\n<p>\u00a0<\/p>\n<p><span style=\"font-size:16px;\"><big><b>Caract\u00e9ristiques de performance<\/b><\/big><\/span><\/p>\n<p>\u00a0<\/p>\n<p>\u00a0<\/p>\n<p><strong>Contr\u00f4le num\u00e9rique DSP complet<\/strong><\/p>\n<p>Le syst\u00e8me central de l'ASI adopte une technologie avanc\u00e9e de contr\u00f4le enti\u00e8rement num\u00e9rique DSP pour le contr\u00f4le de l'onduleur de l'ASI, la synchronisation des phases, le contr\u00f4le du redressement de l'entr\u00e9e et le contr\u00f4le logique avec une grande pr\u00e9cision, une grande vitesse et de meilleures performances.<\/p>\n<p>\n<strong>Technologie avanc\u00e9e d'onduleur IGBT<\/strong><\/p>\n<p>Gr\u00e2ce \u00e0 la combinaison de la technologie des onduleurs IGBT \u00e0 haut rendement et \u00e0 haute fiabilit\u00e9 et de la modulation de largeur d'impulsion \u00e0 vecteur spatial (SVPWM), l'ASI peut r\u00e9duire le bruit et la perte de puissance du syst\u00e8me, ce qui permet aux utilisateurs d'obtenir une tension de sortie de haute qualit\u00e9 et les meilleurs avantages \u00e9conomiques dans diverses conditions de charge de travail. L'efficacit\u00e9 de l'ensemble du syst\u00e8me ASI d\u00e9passe 93%.<\/p>\n<p>\u00a0<\/p>\n<p style=\"text-align: center;\"><img decoding=\"async\" src=\"https:\/\/prostarsolar.com\/wp-content\/uploads\/2024\/04\/a616989d-ffb0-4da6-a538-51b4f1410d66.jpg\" style=\"width: auto; height: auto; max-width: 100%;\"><\/p>\n<p>\n<strong>Interface homme-machine<\/strong><\/p>\n<p>L'\u00e9cran tactile couleur de 7 pouces peut afficher simultan\u00e9ment du texte et des diagrammes, ce qui permet aux utilisateurs de visualiser l'\u00e9tat, les donn\u00e9es et le contr\u00f4le des op\u00e9rations. L'unit\u00e9 centrale interne peut enregistrer des \u00e9v\u00e9nements historiques et des informations sur les alarmes, et la capacit\u00e9 de stockage des informations peut atteindre 10 000.<\/p>\n<p>Le contenu de l'affichage comprend : tension d'entr\u00e9e, fr\u00e9quence d'entr\u00e9e, tension de sortie, courant de sortie, fr\u00e9quence de sortie, puissance active, puissance apparente, taux de charge, tension de charge flottante, tension de charge d'\u00e9galisation, courant de charge, temp\u00e9rature du chargeur, tension de la batterie, temp\u00e9rature de l'ensemble de la batterie, temps de d\u00e9charge restant de la batterie, pourcentage de la capacit\u00e9 restante de la batterie, \u00e9tat de la batterie, enregistrements historiques, etc.<\/p>\n<p>\n<strong>Intelligent<\/strong><\/p>\n<p>Fonction d'\u00e9talonnage num\u00e9rique avanc\u00e9e, la tension et le courant peuvent \u00eatre \u00e9talonn\u00e9s par logiciel sans r\u00e9sistance r\u00e9glable.<\/p>\n<p>Technologie d'autodiagnostic, surveillance en temps r\u00e9el de l'\u00e9tat de fonctionnement de l'onduleur, du redresseur et d'autres circuits, d\u00e9tection de la capacit\u00e9 et de l'\u00e9tat de la batterie, d\u00e9tection de la temp\u00e9rature ambiante de fonctionnement de l'ASI, et d\u00e9tection de la d\u00e9faillance de chaque ventilateur afin d'\u00e9viter une panne de l'ASI.<\/p>\n<p>\u00a0<\/p>\n<p style=\"text-align: center;\"><img decoding=\"async\" src=\"https:\/\/prostarsolar.com\/wp-content\/uploads\/2024\/05\/ef98991f-04ae-4ed5-84b3-75fd1c8139bd.jpg\" style=\"width: auto; height: auto; max-width: 100%;\"><\/p>\n<p>\n<strong>Faible consommation d'\u00e9nergie et haut rendement<\/strong><\/p>\n<p>Prend en charge le fonctionnement en mode \u00e9conomique ECO. En cas de d\u00e9faillance du mode ECO, l'appareil est automatiquement transf\u00e9r\u00e9 \u00e0 l'onduleur. Permet aux utilisateurs de s\u00e9lectionner les modes de fonctionnement Online \/ ECO \/Bypass. En mode \u00e9conomique ECO, l'efficacit\u00e9 de fonctionnement de l'onduleur peut atteindre plus de 98%, ce qui permet de r\u00e9duire efficacement la consommation d'\u00e9nergie du syst\u00e8me de l'onduleur. C'est le premier choix pour une \u00e9poque \u00e0 faible \u00e9mission de carbone.<\/p>\n<p>\u00a0<\/p>\n<p style=\"text-align: center;\"><img decoding=\"async\" src=\"https:\/\/prostarsolar.com\/wp-content\/uploads\/2024\/05\/abc4f51e-d786-48f5-9099-ad078d8bc633.jpg\" style=\"width: auto; height: auto; max-width: 100%;\"><\/p>\n<p>\n<strong>Gestion avanc\u00e9e de la batterie<\/strong><\/p>\n<p>Adopte une technologie intelligente de gestion avanc\u00e9e de la batterie (ABM) pour r\u00e9duire les temps d'entretien de la batterie. La technologie avanc\u00e9e de charge \u00e0 conversion automatique \u00e0 courant et tension constants permet d'activer la batterie au maximum et d'\u00e9conomiser du temps de charge.<\/p>\n<p>Le syst\u00e8me de gestion de la batterie comporte des fonctions telles que la pr\u00e9diction de la capacit\u00e9 de la batterie, l'estimation du temps de d\u00e9charge et le r\u00e9chauffement en cas de basse tension. En outre, il peut effectuer un autodiagnostic et un autocontr\u00f4le du bloc-batterie, avec compensation de la temp\u00e9rature de la tension de charge, r\u00e9glage intelligent de la tension de fin de d\u00e9charge de la batterie, activation automatique de la d\u00e9charge de la batterie \u00e0 intervalles r\u00e9guliers, r\u00e9glage automatique du courant de charge de la batterie et autres fonctions (cette partie de la fonction n\u00e9cessite des composants de configuration distincts, non standard), prise en charge des batteries lithium-ion (n\u00e9cessite des composants de configuration distincts, non standard).<\/p>\n<p>\n<strong>Syst\u00e8me d'alarme pr\u00e9dictif<\/strong><\/p>\n<p>L'\u00e9cran LCD est dot\u00e9 d'une fonction de d\u00e9tection automatique, de pr\u00e9visions et d'alarmes en temps utile, ainsi que d'une fonction d'autodiagnostic lors du d\u00e9marrage initial de l'ASI, ce qui permet d'\u00e9viter \u00e0 temps les risques de d\u00e9faillance et la s\u00e9curit\u00e9 des personnes pouvant \u00eatre caus\u00e9s par les dangers cach\u00e9s de l'ASI.<\/p>\n<p>Prise en charge des fonctions de test en ligne automatique et manuel de la batterie. Les utilisateurs peuvent d\u00e9finir diff\u00e9rents cycles de test, tels que le jour, la semaine et le mois, pour effectuer un test automatique de la batterie, d\u00e9clencher des alarmes sonores et lumineuses et afficher les informations correspondantes sur l'\u00e9cran LCD afin de d\u00e9tecter \u00e0 temps les d\u00e9faillances potentielles de la batterie.<\/p>\n<p>\u00a0<\/p>\n<p style=\"text-align: center;\"><img decoding=\"async\" src=\"https:\/\/prostarsolar.com\/wp-content\/uploads\/2024\/05\/4d6dd3f2-ccab-43f9-b975-307ceb9b5472.jpg\" style=\"width: auto; height: auto; max-width: 100%;\"><\/p>\n<p>\n<strong>Fonction puissante de redondance et de capacit\u00e9 parall\u00e8le<\/strong><\/p>\n<p>Gr\u00e2ce \u00e0 la technologie de contr\u00f4le enti\u00e8rement num\u00e9rique DSP au c\u0153ur du syst\u00e8me, les onduleurs en ligne de la s\u00e9rie ET-LV ont non seulement une redondance parall\u00e8le N+1 ou N+X, mais ils augmentent \u00e9galement la capacit\u00e9 de puissance totale, ils peuvent \u00eatre simultan\u00e9ment mis en parall\u00e8le dans 8 unit\u00e9s, ce qui r\u00e9duit consid\u00e9rablement les co\u00fbts d'achat initiaux de l'utilisateur et les co\u00fbts de croissance ult\u00e9rieurs.<\/p>\n<p>\n<strong>Adaptabilit\u00e9 environnementale sup\u00e9rieure<\/strong><\/p>\n<p>Les onduleurs en ligne de la s\u00e9rie ET-LV b\u00e9n\u00e9ficient d'une meilleure adaptabilit\u00e9 environnementale et d'une large plage de tension d'entr\u00e9e CA, ce qui permet de r\u00e9duire la fr\u00e9quence d'utilisation des batteries et d'allonger leur dur\u00e9e de vie.<\/p>\n<p>La large gamme de fr\u00e9quences d'entr\u00e9e AC est adapt\u00e9e \u00e0 la connexion de divers g\u00e9n\u00e9rateurs de carburant.<\/p>\n<p>La sortie triphas\u00e9e permet au 100% d'\u00eatre d\u00e9s\u00e9quilibr\u00e9 pour les charges triphas\u00e9es.<\/p>\n<p>La grande adaptabilit\u00e9 \u00e0 la charge permet de supporter une charge non lin\u00e9aire RCD, une charge d'impact de qualit\u00e9 industrielle, une charge de moteur, etc.<\/p>\n<p>Toutes les cartes de circuits imprim\u00e9s adoptent une technologie \u00e0 trois rev\u00eatements, c'est-\u00e0-dire anti-poussi\u00e8re, anti-humidit\u00e9 et anti-salissures. L'onduleur peut \u00eatre utilis\u00e9 dans des environnements difficiles et prolonger sa dur\u00e9e de vie.<\/p>\n<p>\n<strong>Technologie de double conversion en ligne<\/strong><\/p>\n<p>La technologie de double conversion en ligne permet \u00e0 l'onduleur de fournir une sortie sinuso\u00efdale pure avec suivi de la fr\u00e9quence, verrouillage de la phase, stabilisation de la tension et filtrage du bruit, qui n'est pas perturb\u00e9e par les fluctuations du r\u00e9seau \u00e9lectrique. Le temps de transfert nul de la sortie permet \u00e0 l'onduleur d'assurer une protection plus compl\u00e8te des \u00e9quipements de pr\u00e9cision des utilisateurs.<\/p>\n<p>L'onduleur ET-LV est \u00e9quip\u00e9 d'un transformateur d'isolation, d'un commutateur de d\u00e9rivation statique et d'un commutateur de d\u00e9rivation pour la maintenance manuelle.<\/p>\n<p>\u00a0<\/p>\n<p style=\"text-align: center;\"><img decoding=\"async\" src=\"https:\/\/prostarsolar.com\/wp-content\/uploads\/2024\/05\/65c1e401-26b1-427e-839c-09294bba58c9.jpg\" style=\"width: auto; height: auto; max-width: 100%;\"><\/p>\n<p>\n<strong>Interfaces de communication multiples<\/strong><\/p>\n<p>Il existe une vari\u00e9t\u00e9 d'interfaces de communication pour surveiller l'\u00e9tat de fonctionnement de l'ASI, comme RS232, RS485, USB, CAN, NET, contact sec d'entr\u00e9e\/sortie, carte SNMP, carte WIFI, carte GPRS et carte 4G, etc.<\/p>\n<p>Gr\u00e2ce \u00e0 la connexion externe d'un bo\u00eetier intelligent \"Prostar IOT\" (en option), il est possible d'effectuer une surveillance par ordinateur et par APP mobile (y compris IOS et Android), avec des fonctions de gestion de r\u00e9seau \u00e0 distance. Il peut \u00e9galement envoyer des informations d'alarme via Wechat ou des messages texte mobiles pour fournir en temps r\u00e9el des donn\u00e9es sur l'ASI et des informations sur l'alimentation.<\/p>\n<p>\n<strong>D\u00e9marrage \u00e0 froid de la batterie<\/strong><\/p>\n<p>En cas d'anomalie de l'alimentation \u00e9lectrique, l'onduleur \u00e9quip\u00e9 d'un interrupteur de d\u00e9marrage \u00e0 froid de la batterie peut \u00eatre d\u00e9marr\u00e9 directement avec la batterie pour r\u00e9pondre aux besoins d'urgence. Lorsque la batterie est d\u00e9charg\u00e9e, l'onduleur d\u00e9marre automatiquement pendant que l'alimentation est r\u00e9tablie, et il dispose d'une fonction sans surveillance.<\/p>\n<p>\n<strong>Transformateur d'isolation int\u00e9gr\u00e9<\/strong><\/p>\n<p>Les onduleurs de la s\u00e9rie ET-LV sont \u00e9quip\u00e9s d'un transformateur d'isolation, enti\u00e8rement int\u00e9gr\u00e9 \u00e0 l'onduleur en fonction des besoins d'isolation galvanique du client (sortie et entr\u00e9e). L'int\u00e9gration du transformateur directement \u00e0 l'ASI permet d'\u00e9conomiser de l'espace et offre tous les avantages de l'isolation galvanique, y compris un tampon tr\u00e8s robuste entre l'alimentation et la charge critique.<\/p>\n<p>\n<strong>Protection compl\u00e8te<\/strong><\/p>\n<p>L'onduleur offre une protection logicielle et mat\u00e9rielle parfaite, ainsi qu'une alarme en cas de d\u00e9faillance du ventilateur. Il fournit \u00e9galement diverses protections, telles que la protection contre les surtensions\/sous-tensions \u00e0 l'entr\u00e9e AC, la protection contre les surtensions\/sous-tensions \u00e0 la sortie AC, la protection contre les surcharges, les courts-circuits, la protection contre les surchauffes pour l'onduleur et le redresseur, l'avertissement de sous-tension de la batterie et la protection contre la sous-tension, la protection contre la surcharge de la batterie et d'autres protections pour assurer la stabilit\u00e9 et la fiabilit\u00e9 du fonctionnement du syst\u00e8me de l'onduleur. Puissante capacit\u00e9 de surcharge, il peut maintenir 60 minutes \/ 10 minutes \/ 1 minute sous une surcharge de 110%\/125%\/ 150%.<\/p>\n<p>\u00a0<\/p>\n<hr>\n<p>\u00a0<\/p>\n<\/p><\/div>","protected":false},"excerpt":{"rendered":"<p class=\"e_text-32 s_summary\">\n    Onduleur num\u00e9rique industriel de la s\u00e9rie ET-LV | Capacit\u00e9 : 10kVA-100kVA | Facteur de puissance : 0.8 | Phase : 3\/3 | Tension d'entr\u00e9e\/sortie : 208VAC\/220VAC | Fr\u00e9quence : 40Hz-70Hz<\/p>","protected":false},"featured_media":0,"comment_status":"open","ping_status":"closed","template":"","meta":{"_acf_changed":false},"product_cat":[15],"product_tag":[],"acf":[],"_links":{"self":[{"href":"https:\/\/prostarsolar.com\/fr\/wp-json\/wp\/v2\/product\/4224"}],"collection":[{"href":"https:\/\/prostarsolar.com\/fr\/wp-json\/wp\/v2\/product"}],"about":[{"href":"https:\/\/prostarsolar.com\/fr\/wp-json\/wp\/v2\/types\/product"}],"replies":[{"embeddable":true,"href":"https:\/\/prostarsolar.com\/fr\/wp-json\/wp\/v2\/comments?post=4224"}],"wp:attachment":[{"href":"https:\/\/prostarsolar.com\/fr\/wp-json\/wp\/v2\/media?parent=4224"}],"wp:term":[{"taxonomy":"product_cat","embeddable":true,"href":"https:\/\/prostarsolar.com\/fr\/wp-json\/wp\/v2\/product_cat?post=4224"},{"taxonomy":"product_tag","embeddable":true,"href":"https:\/\/prostarsolar.com\/fr\/wp-json\/wp\/v2\/product_tag?post=4224"}],"curies":[{"name":"wp","href":"https:\/\/api.w.org\/{rel}","templated":true}]}}