{"id":4108,"date":"2024-04-28T09:43:06","date_gmt":"2024-04-28T09:43:06","guid":{"rendered":"https:\/\/prostarsolar.com\/rack-mount-line-interactive-ups-0-5-6-5kva-1-1-pf0-6\/"},"modified":"2024-04-29T07:47:30","modified_gmt":"2024-04-29T07:47:30","slug":"rack-mount-line-interactive-ups-0-5-6-5kva-1-1-pf0-6","status":"publish","type":"product","link":"https:\/\/prostarsolar.com\/fr\/rack-mount-line-interactive-ups-0-5-6-5kva-1-1-pf0-6\/","title":{"rendered":"Onduleur interactif de ligne \u00e0 montage en rack 0,5-6,5kVA (1\/1 PF:0,6)"},"content":{"rendered":"<div class=\"p_infoItem\">\n<p>L'onduleur interactif de ligne \u00e0 montage en rack de la s\u00e9rie PLR de Prostar adopte trois contr\u00f4leurs CPU et fournit une sortie sinuso\u00efdale pure avec un contr\u00f4le enti\u00e8rement num\u00e9rique. Il est dot\u00e9 d'un contr\u00f4leur solaire MPPT int\u00e9gr\u00e9, pratique et concis. Le sch\u00e9ma de fr\u00e9quence pr\u00e9sente une forte r\u00e9sistance aux chocs et convient \u00e0 diverses charges. La tension et le courant de charge de l'alimentation secteur sont r\u00e9glables, et le mode de fonctionnement peut \u00eatre s\u00e9lectionn\u00e9 librement pour r\u00e9pondre aux besoins des diff\u00e9rents types d'utilisateurs.<\/p>\n<hr \/>\n<p><strong><span style=\"font-size: 18px;\">Caract\u00e9ristiques Introduction<\/span><\/strong><\/p>\n<p>\u25cf Technologie de commutation \u00e0 haute fr\u00e9quence<\/p>\n<p>\u25cf Technologie de protection multiple<\/p>\n<p>\u25cf Deux modes de fonctionnement peuvent \u00eatre s\u00e9lectionn\u00e9s arbitrairement.<\/p>\n<p>\u25cf Peut \u00eatre raccord\u00e9 \u00e0 un g\u00e9n\u00e9rateur<\/p>\n<p>\u25cf Courant de charge \u00e9lev\u00e9 \u00e0 partir de l'alimentation secteur, r\u00e9pondant aux exigences de charge rapide du client.<\/p>\n<p>\u25cf Tension de charge r\u00e9glable \u00e0 partir du secteur, s'adaptant aux diff\u00e9rents types de batteries.<\/p>\n<p>\u25cf Courant de charge r\u00e9glable \u00e0 partir du secteur, s'adaptant \u00e0 des batteries de diff\u00e9rentes capacit\u00e9s.<\/p>\n<p>\u25cf Port de sortie CC r\u00e9serv\u00e9 et interface de charge USB, adapt\u00e9 \u00e0 l'utilisation de charges CC.<\/p>\n<h2 style=\"font-style: italic;\"><\/h2>\n<hr \/>\n<\/div>","protected":false},"excerpt":{"rendered":"<p class=\"e_text-32 s_summary\">Onduleur interactif en ligne de la s\u00e9rie PLR | Capacit\u00e9 : 500VA-6.5kVA | Facteur de puissance : 0.6 | Phase : 1\/1 | Tension d'entr\u00e9e\/sortie : 100VAC\/110VAC\/120VAC\/127VAC\/220VAC\/230VAC | Fr\u00e9quence : 50Hz\/60Hz<\/p>","protected":false},"featured_media":3683,"comment_status":"open","ping_status":"closed","template":"","meta":{"_acf_changed":false},"product_cat":[15],"product_tag":[],"acf":[],"_links":{"self":[{"href":"https:\/\/prostarsolar.com\/fr\/wp-json\/wp\/v2\/product\/4108"}],"collection":[{"href":"https:\/\/prostarsolar.com\/fr\/wp-json\/wp\/v2\/product"}],"about":[{"href":"https:\/\/prostarsolar.com\/fr\/wp-json\/wp\/v2\/types\/product"}],"replies":[{"embeddable":true,"href":"https:\/\/prostarsolar.com\/fr\/wp-json\/wp\/v2\/comments?post=4108"}],"wp:featuredmedia":[{"embeddable":true,"href":"https:\/\/prostarsolar.com\/fr\/wp-json\/wp\/v2\/media\/3683"}],"wp:attachment":[{"href":"https:\/\/prostarsolar.com\/fr\/wp-json\/wp\/v2\/media?parent=4108"}],"wp:term":[{"taxonomy":"product_cat","embeddable":true,"href":"https:\/\/prostarsolar.com\/fr\/wp-json\/wp\/v2\/product_cat?post=4108"},{"taxonomy":"product_tag","embeddable":true,"href":"https:\/\/prostarsolar.com\/fr\/wp-json\/wp\/v2\/product_tag?post=4108"}],"curies":[{"name":"wp","href":"https:\/\/api.w.org\/{rel}","templated":true}]}}