{"id":3799,"date":"2024-04-27T22:30:07","date_gmt":"2024-04-27T22:30:07","guid":{"rendered":"https:\/\/prostarsolar.com\/product\/low-frequency-inverter-300w-40kw\/"},"modified":"2024-04-28T07:07:59","modified_gmt":"2024-04-28T07:07:59","slug":"low-frequency-inverter-300w-40kw","status":"publish","type":"product","link":"https:\/\/prostarsolar.com\/fr\/low-frequency-inverter-300w-40kw\/","title":{"rendered":"Convertisseur basse fr\u00e9quence 300W-40kW"},"content":{"rendered":"<div class=\"p_infoItem\">\n<p><span style=\"font-family: &quot;font-size:14px;\"><span style=\"font-family: &quot;&quot;;\">L'onduleur basse fr\u00e9quence de type tour de la s\u00e9rie PIH de Prostar a adopt\u00e9 le contr\u00f4le intelligent de l'unit\u00e9 centrale num\u00e9rique, la sortie d'onde sinuso\u00efdale pure, la conception du circuit \u00e9lectronique basse fr\u00e9quence avec une forte r\u00e9sistance aux chocs pour s'appliquer \u00e0 diff\u00e9rentes charges. Il dispose d'une charge intelligente, d'un courant de charge r\u00e9glable et d'une fonction compl\u00e8te de protection contre les courts-circuits, les surtensions, les sous-tensions et les surcharges.\u00a0<\/span><\/span><\/p>\n<hr \/>\n<p><span style=\"font-size: 16px;\"><big><b>Caract\u00e9ristiques Introduction<\/b><\/big><\/span><\/p>\n<p>1. conception du transformateur toro\u00efdal, faible consommation \u00e0 vide, rendement de conversion \u00e9lev\u00e9<\/p>\n<p>2. courant de charge CA \u00e9lev\u00e9 pour r\u00e9pondre aux exigences du client en mati\u00e8re de charge rapide<\/p>\n<p>3. tension de charge r\u00e9glable pour s'adapter \u00e0 diff\u00e9rents types de batteries<\/p>\n<p>4. courant de charge r\u00e9glable pour s'adapter aux diff\u00e9rentes capacit\u00e9s des batteries<\/p>\n<p>5.R\u00e9serve Borne de sortie DC et port de charge USB pour supporter l'application de charge DC<\/p>\n<hr \/>\n<p><span style=\"font-size: 16px;\"><big><b>Diagramme d'application<\/b><\/big><\/span><\/p>\n<p style=\"text-align: center;\"><img decoding=\"async\" style=\"width: auto; height: auto; max-width: 100%;\" src=\"https:\/\/prostarsolar.com\/wp-content\/uploads\/2024\/04\/5e198bdb-732c-47d6-98b2-5493ef9a990d.jpg\" \/><\/p>\n<hr \/>\n<\/div>","protected":false},"excerpt":{"rendered":"<p class=\"e_text-32 s_summary\">Onduleur basse fr\u00e9quence s\u00e9rie PIH | Capacit\u00e9 : 300W-40kW | Tension d'entr\u00e9e\/sortie : 100VAC\/110VAC\/120VDC\/127VDC\/220VAC\/230VAC | Fr\u00e9quence : 50Hz\/60Hz | Forme d'onde : Onde sinuso\u00efdale pure<\/p>","protected":false},"featured_media":3800,"comment_status":"open","ping_status":"closed","template":"","meta":{"_acf_changed":false},"product_cat":[15],"product_tag":[],"acf":[],"_links":{"self":[{"href":"https:\/\/prostarsolar.com\/fr\/wp-json\/wp\/v2\/product\/3799"}],"collection":[{"href":"https:\/\/prostarsolar.com\/fr\/wp-json\/wp\/v2\/product"}],"about":[{"href":"https:\/\/prostarsolar.com\/fr\/wp-json\/wp\/v2\/types\/product"}],"replies":[{"embeddable":true,"href":"https:\/\/prostarsolar.com\/fr\/wp-json\/wp\/v2\/comments?post=3799"}],"wp:featuredmedia":[{"embeddable":true,"href":"https:\/\/prostarsolar.com\/fr\/wp-json\/wp\/v2\/media\/3800"}],"wp:attachment":[{"href":"https:\/\/prostarsolar.com\/fr\/wp-json\/wp\/v2\/media?parent=3799"}],"wp:term":[{"taxonomy":"product_cat","embeddable":true,"href":"https:\/\/prostarsolar.com\/fr\/wp-json\/wp\/v2\/product_cat?post=3799"},{"taxonomy":"product_tag","embeddable":true,"href":"https:\/\/prostarsolar.com\/fr\/wp-json\/wp\/v2\/product_tag?post=3799"}],"curies":[{"name":"wp","href":"https:\/\/api.w.org\/{rel}","templated":true}]}}