{"id":2998,"date":"2024-04-26T14:24:44","date_gmt":"2024-04-26T14:24:44","guid":{"rendered":"https:\/\/prostarsolar.com\/?page_id=2998"},"modified":"2024-04-28T09:02:11","modified_gmt":"2024-04-28T09:02:11","slug":"solutions","status":"publish","type":"page","link":"https:\/\/prostarsolar.com\/fr\/solutions\/","title":{"rendered":"Solutions"},"content":{"rendered":"<div id=\"page-header-1975563355\" class=\"page-header-wrapper\">\n  <div class=\"page-title dark simple-title\">\n\n        <div class=\"page-title-bg\">\n      <div class=\"title-bg fill bg-fill\"\n        data-parallax-container=\".page-title\"\n        data-parallax-background\n data-parallax=\"-\">\n      <\/div>\n      <div class=\"title-overlay fill\"><\/div>\n    <\/div>\n    \n    <div class=\"page-title-inner container align-center text-center flex-row-col medium-flex-wrap\" >\n              <div class=\"title-wrapper is-xlarge flex-col\">\n          <h1 class=\"entry-title mb-0\">\n            Solutions          <\/h1>\n        <\/div>\n                    <div class=\"title-content flex-col\">\n        <ul class=\"nav sm-touch-scroll nav-line nav-uppercase text-center nav-center\"><li class=\"nav-single-page hidden\"><\/li><\/ul>      <\/div>\n    <\/div>\n\n     \n<style>\n#page-header-1975563355 .page-title-inner {\n  min-height: 31.25vw;\n}\n#page-header-1975563355 .title-bg {\n  background-image: url(https:\/\/prostarsolar.com\/wp-content\/uploads\/2024\/04\/Prostar-12.jpg);\n}\n<\/style>\n  <\/div>\n    <\/div>\n  \n\n\t<section class=\"section\" id=\"section_1157118767\">\n\t\t<div class=\"bg section-bg fill bg-fill  bg-loaded\" >\n\n\t\t\t\n\t\t\t\n\t\t\t\n\n\t\t<\/div>\n\n\t\t\n\n\t\t<div class=\"section-content relative\">\n\t\t\t\n\n<div class=\"row row-collapse align-middle\"  id=\"row-1224650717\">\n\n\n\t<div id=\"col-903880151\" class=\"col medium-6 small-12 large-6\"  >\n\t\t\t\t<div class=\"col-inner\"  >\n\t\t\t\n\t\t\t\n\n<a href=\"https:\/\/prostarsolar.com\/fr\/solutions\/\" class=\"button secondary lowercase\"  style=\"padding:0px 30px 0px 30px;\">\n    <span>Solutions et cas<\/span>\n  <\/a>\n\n\n<a href=\"https:\/\/prostarsolar.com\/fr\/ourcases\/\" class=\"button white lowercase\"  style=\"padding:0px 30px 0px 30px;\">\n    <span>Cas<\/span>\n  <\/a>\n\n\n<a href=\"https:\/\/prostarsolar.com\/fr\/cooperation\/\" class=\"button white lowercase\"  style=\"padding:0px 30px 0px 30px;\">\n    <span>La coop\u00e9ration<\/span>\n  <\/a>\n\n\n\n\t\t<\/div>\n\t\t\t\t\n<style>\n#col-903880151 > .col-inner {\n  padding: 10px 0px 0px 0px;\n}\n<\/style>\n\t<\/div>\n\n\t\n\n\t<div id=\"col-910585305\" class=\"col medium-6 small-12 large-6\"  >\n\t\t\t\t<div class=\"col-inner text-right\"  >\n\t\t\t\n\t\t\t\n\n\n\n<nav aria-label=\"chapelure\" class=\"rank-math-breadcrumb\"><p><span class=\"last\">Accueil<\/span><\/p><\/nav>\n\n\n\t\t<\/div>\n\t\t\t\t\n<style>\n#col-910585305 > .col-inner {\n  padding: 10px 0px 0px 0px;\n}\n<\/style>\n\t<\/div>\n\n\t\n\n<\/div>\n\n\t\t<\/div>\n\n\t\t\n<style>\n#section_1157118767 {\n  padding-top: 0px;\n  padding-bottom: 0px;\n  background-color: #eff1f5;\n}\n<\/style>\n\t<\/section>\n\t\n\n\t<section class=\"section\" id=\"section_1980761672\">\n\t\t<div class=\"bg section-bg fill bg-fill  bg-loaded\" >\n\n\t\t\t\n\t\t\t\n\t\t\t\n\n\t\t<\/div>\n\n\t\t\n\n\t\t<div class=\"section-content relative\">\n\t\t\t\n\n<div class=\"row\"  id=\"row-1364810940\">\n\n\n\t<div id=\"col-1853337236\" class=\"col small-12 large-12\"  >\n\t\t\t\t<div class=\"col-inner\"  >\n\t\t\t\n\t\t\t\n\n\n  \n    <div class=\"row large-columns-4 medium-columns-3 small-columns-2 row-small\" >\n  <div class=\"page-col col\" >\n          <div class=\"col-inner\" >\n          <a class=\"block plain\" href=\"https:\/\/prostarsolar.com\/fr\/solutions\/rail-transit-solutions-and-cases\/\" title=\"Transport ferroviaire\" target=\"\">\n            <div class=\"page-box box has-hover\">\n                  <div class=\"box-image\" >\n                      <div class=\"box-image image-cover\" style=\"padding-top:56.25%;\">\n                      <img loading=\"lazy\" decoding=\"async\" width=\"640\" height=\"400\" src=\"https:\/\/prostarsolar.com\/wp-content\/uploads\/2024\/04\/Prostar-5.jpg\" class=\"attachment-original size-original\" alt=\"\" srcset=\"https:\/\/prostarsolar.com\/wp-content\/uploads\/2024\/04\/Prostar-5.jpg 640w, https:\/\/prostarsolar.com\/wp-content\/uploads\/2024\/04\/Prostar-5-400x250.jpg 400w, https:\/\/prostarsolar.com\/wp-content\/uploads\/2024\/04\/Prostar-5-510x319.jpg 510w, https:\/\/prostarsolar.com\/wp-content\/uploads\/2024\/04\/Prostar-5-300x188.jpg 300w, https:\/\/prostarsolar.com\/wp-content\/uploads\/2024\/04\/Prostar-5-367x229.jpg 367w\" sizes=\"(max-width: 640px) 100vw, 640px\" \/>                      <\/div>\n                                                              <\/div>\n                  <div class=\"box-text show-on-hover hover-bounce text-center\" style=\"background-color:#f6f7f7;padding:15px 0px 15px 0px;\">\n                        <div class=\"box-text-inner\">\n                            <p>Transport ferroviaire<\/p>\n                        <\/div>\n                  <\/div>\n              <\/div>\n            <\/a>\n            <\/div>\n          <\/div><div class=\"page-col col\" >\n          <div class=\"col-inner\" >\n          <a class=\"block plain\" href=\"https:\/\/prostarsolar.com\/fr\/solutions\/medical-health\/\" title=\"Solutions et cas m\u00e9dicaux en mati\u00e8re de sant\u00e9\" target=\"\">\n            <div class=\"page-box box has-hover\">\n                  <div class=\"box-image\" >\n                      <div class=\"box-image image-cover\" style=\"padding-top:56.25%;\">\n                      <img loading=\"lazy\" decoding=\"async\" width=\"800\" height=\"500\" src=\"https:\/\/prostarsolar.com\/wp-content\/uploads\/2024\/04\/Prostar-15.jpg\" class=\"attachment-original size-original\" alt=\"\" srcset=\"https:\/\/prostarsolar.com\/wp-content\/uploads\/2024\/04\/Prostar-15.jpg 800w, https:\/\/prostarsolar.com\/wp-content\/uploads\/2024\/04\/Prostar-15-600x375.jpg 600w, https:\/\/prostarsolar.com\/wp-content\/uploads\/2024\/04\/Prostar-15-768x480.jpg 768w, https:\/\/prostarsolar.com\/wp-content\/uploads\/2024\/04\/Prostar-15-18x12.jpg 18w, https:\/\/prostarsolar.com\/wp-content\/uploads\/2024\/04\/Prostar-15-400x250.jpg 400w\" sizes=\"(max-width: 800px) 100vw, 800px\" \/>                      <\/div>\n                                                              <\/div>\n                  <div class=\"box-text show-on-hover hover-bounce text-center\" style=\"background-color:#f6f7f7;padding:15px 0px 15px 0px;\">\n                        <div class=\"box-text-inner\">\n                            <p>Solutions et cas m\u00e9dicaux en mati\u00e8re de sant\u00e9<\/p>\n                        <\/div>\n                  <\/div>\n              <\/div>\n            <\/a>\n            <\/div>\n          <\/div><div class=\"page-col col\" >\n          <div class=\"col-inner\" >\n          <a class=\"block plain\" href=\"https:\/\/prostarsolar.com\/fr\/solutions\/intelligent-manufacturing-solutions-and-cases\/\" title=\"Solutions et cas de fabrication intelligente\" target=\"\">\n            <div class=\"page-box box has-hover\">\n                  <div class=\"box-image\" >\n                      <div class=\"box-image image-cover\" style=\"padding-top:56.25%;\">\n                      <img loading=\"lazy\" decoding=\"async\" width=\"800\" height=\"500\" src=\"https:\/\/prostarsolar.com\/wp-content\/uploads\/2024\/04\/Prostar-16.jpg\" class=\"attachment-original size-original\" alt=\"\" srcset=\"https:\/\/prostarsolar.com\/wp-content\/uploads\/2024\/04\/Prostar-16.jpg 800w, https:\/\/prostarsolar.com\/wp-content\/uploads\/2024\/04\/Prostar-16-600x375.jpg 600w, https:\/\/prostarsolar.com\/wp-content\/uploads\/2024\/04\/Prostar-16-768x480.jpg 768w, https:\/\/prostarsolar.com\/wp-content\/uploads\/2024\/04\/Prostar-16-18x12.jpg 18w, https:\/\/prostarsolar.com\/wp-content\/uploads\/2024\/04\/Prostar-16-400x250.jpg 400w\" sizes=\"(max-width: 800px) 100vw, 800px\" \/>                      <\/div>\n                                                              <\/div>\n                  <div class=\"box-text show-on-hover hover-bounce text-center\" style=\"background-color:#f6f7f7;padding:15px 0px 15px 0px;\">\n                        <div class=\"box-text-inner\">\n                            <p>Solutions et cas de fabrication intelligente<\/p>\n                        <\/div>\n                  <\/div>\n              <\/div>\n            <\/a>\n            <\/div>\n          <\/div><div class=\"page-col col\" >\n          <div class=\"col-inner\" >\n          <a class=\"block plain\" href=\"https:\/\/prostarsolar.com\/fr\/solutions\/broadcast-television-solutions-and-cases\/\" title=\"Solutions et cas pour la t\u00e9l\u00e9vision de radiodiffusion\" target=\"\">\n            <div class=\"page-box box has-hover\">\n                  <div class=\"box-image\" >\n                      <div class=\"box-image image-cover\" style=\"padding-top:56.25%;\">\n                      <img loading=\"lazy\" decoding=\"async\" width=\"800\" height=\"500\" src=\"https:\/\/prostarsolar.com\/wp-content\/uploads\/2024\/04\/Prostar-18.jpg\" class=\"attachment-original size-original\" alt=\"\" srcset=\"https:\/\/prostarsolar.com\/wp-content\/uploads\/2024\/04\/Prostar-18.jpg 800w, https:\/\/prostarsolar.com\/wp-content\/uploads\/2024\/04\/Prostar-18-600x375.jpg 600w, https:\/\/prostarsolar.com\/wp-content\/uploads\/2024\/04\/Prostar-18-768x480.jpg 768w, https:\/\/prostarsolar.com\/wp-content\/uploads\/2024\/04\/Prostar-18-18x12.jpg 18w, https:\/\/prostarsolar.com\/wp-content\/uploads\/2024\/04\/Prostar-18-400x250.jpg 400w\" sizes=\"(max-width: 800px) 100vw, 800px\" \/>                      <\/div>\n                                                              <\/div>\n                  <div class=\"box-text show-on-hover hover-bounce text-center\" style=\"background-color:#f6f7f7;padding:15px 0px 15px 0px;\">\n                        <div class=\"box-text-inner\">\n                            <p>Solutions et cas pour la t\u00e9l\u00e9vision de radiodiffusion<\/p>\n                        <\/div>\n                  <\/div>\n              <\/div>\n            <\/a>\n            <\/div>\n          <\/div><div class=\"page-col col\" >\n          <div class=\"col-inner\" >\n          <a class=\"block plain\" href=\"https:\/\/prostarsolar.com\/fr\/solutions\/electric-power-generation-solutions-and-cases\/\" title=\"Solutions et cas de production d&#039;\u00e9nergie \u00e9lectrique\" target=\"\">\n            <div class=\"page-box box has-hover\">\n                  <div class=\"box-image\" >\n                      <div class=\"box-image image-cover\" style=\"padding-top:56.25%;\">\n                      <img loading=\"lazy\" decoding=\"async\" width=\"800\" height=\"500\" src=\"https:\/\/prostarsolar.com\/wp-content\/uploads\/2024\/04\/Prostar-3-3.jpg\" class=\"attachment-original size-original\" alt=\"\" srcset=\"https:\/\/prostarsolar.com\/wp-content\/uploads\/2024\/04\/Prostar-3-3.jpg 800w, https:\/\/prostarsolar.com\/wp-content\/uploads\/2024\/04\/Prostar-3-3-600x375.jpg 600w, https:\/\/prostarsolar.com\/wp-content\/uploads\/2024\/04\/Prostar-3-3-768x480.jpg 768w, https:\/\/prostarsolar.com\/wp-content\/uploads\/2024\/04\/Prostar-3-3-18x12.jpg 18w, https:\/\/prostarsolar.com\/wp-content\/uploads\/2024\/04\/Prostar-3-3-400x250.jpg 400w\" sizes=\"(max-width: 800px) 100vw, 800px\" \/>                      <\/div>\n                                                              <\/div>\n                  <div class=\"box-text show-on-hover hover-bounce text-center\" style=\"background-color:#f6f7f7;padding:15px 0px 15px 0px;\">\n                        <div class=\"box-text-inner\">\n                            <p>Solutions et cas de production d'\u00e9nergie \u00e9lectrique<\/p>\n                        <\/div>\n                  <\/div>\n              <\/div>\n            <\/a>\n            <\/div>\n          <\/div><div class=\"page-col col\" >\n          <div class=\"col-inner\" >\n          <a class=\"block plain\" href=\"https:\/\/prostarsolar.com\/fr\/solutions\/fire-emergency-solutions-and-cases\/\" title=\"Solutions et cas d&#039;urgence en cas d&#039;incendie\" target=\"\">\n            <div class=\"page-box box has-hover\">\n                  <div class=\"box-image\" >\n                      <div class=\"box-image image-cover\" style=\"padding-top:56.25%;\">\n                      <img loading=\"lazy\" decoding=\"async\" width=\"800\" height=\"500\" src=\"https:\/\/prostarsolar.com\/wp-content\/uploads\/2024\/04\/Prostar-28.jpg\" class=\"attachment-original size-original\" alt=\"\" srcset=\"https:\/\/prostarsolar.com\/wp-content\/uploads\/2024\/04\/Prostar-28.jpg 800w, https:\/\/prostarsolar.com\/wp-content\/uploads\/2024\/04\/Prostar-28-600x375.jpg 600w, https:\/\/prostarsolar.com\/wp-content\/uploads\/2024\/04\/Prostar-28-768x480.jpg 768w, https:\/\/prostarsolar.com\/wp-content\/uploads\/2024\/04\/Prostar-28-18x12.jpg 18w, https:\/\/prostarsolar.com\/wp-content\/uploads\/2024\/04\/Prostar-28-400x250.jpg 400w\" sizes=\"(max-width: 800px) 100vw, 800px\" \/>                      <\/div>\n                                                              <\/div>\n                  <div class=\"box-text show-on-hover hover-bounce text-center\" style=\"background-color:#f6f7f7;padding:15px 0px 15px 0px;\">\n                        <div class=\"box-text-inner\">\n                            <p>Solutions et cas d'urgence en cas d'incendie<\/p>\n                        <\/div>\n                  <\/div>\n              <\/div>\n            <\/a>\n            <\/div>\n          <\/div><div class=\"page-col col\" >\n          <div class=\"col-inner\" >\n          <a class=\"block plain\" href=\"https:\/\/prostarsolar.com\/fr\/solutions\/data-center-solutions-and-cases-2\/\" title=\"Solutions et cas pour les centres de donn\u00e9es\" target=\"\">\n            <div class=\"page-box box has-hover\">\n                  <div class=\"box-image\" >\n                      <div class=\"box-image image-cover\" style=\"padding-top:56.25%;\">\n                      <img loading=\"lazy\" decoding=\"async\" width=\"800\" height=\"500\" src=\"https:\/\/prostarsolar.com\/wp-content\/uploads\/2024\/04\/Prostar-30.jpg\" class=\"attachment-original size-original\" alt=\"\" srcset=\"https:\/\/prostarsolar.com\/wp-content\/uploads\/2024\/04\/Prostar-30.jpg 800w, https:\/\/prostarsolar.com\/wp-content\/uploads\/2024\/04\/Prostar-30-600x375.jpg 600w, https:\/\/prostarsolar.com\/wp-content\/uploads\/2024\/04\/Prostar-30-768x480.jpg 768w, https:\/\/prostarsolar.com\/wp-content\/uploads\/2024\/04\/Prostar-30-18x12.jpg 18w, https:\/\/prostarsolar.com\/wp-content\/uploads\/2024\/04\/Prostar-30-400x250.jpg 400w\" sizes=\"(max-width: 800px) 100vw, 800px\" \/>                      <\/div>\n                                                              <\/div>\n                  <div class=\"box-text show-on-hover hover-bounce text-center\" style=\"background-color:#f6f7f7;padding:15px 0px 15px 0px;\">\n                        <div class=\"box-text-inner\">\n                            <p>Solutions et cas pour les centres de donn\u00e9es<\/p>\n                        <\/div>\n                  <\/div>\n              <\/div>\n            <\/a>\n            <\/div>\n          <\/div><div class=\"page-col col\" >\n          <div class=\"col-inner\" >\n          <a class=\"block plain\" href=\"https:\/\/prostarsolar.com\/fr\/solutions\/data-center-solutions-and-cases\/\" title=\"Solutions et cas pour les mines d&#039;acier et de charbon\" target=\"\">\n            <div class=\"page-box box has-hover\">\n                  <div class=\"box-image\" >\n                      <div class=\"box-image image-cover\" style=\"padding-top:56.25%;\">\n                      <img loading=\"lazy\" decoding=\"async\" width=\"640\" height=\"400\" src=\"https:\/\/prostarsolar.com\/wp-content\/uploads\/2024\/04\/Prostar-29.jpg\" class=\"attachment-original size-original\" alt=\"\" srcset=\"https:\/\/prostarsolar.com\/wp-content\/uploads\/2024\/04\/Prostar-29.jpg 640w, https:\/\/prostarsolar.com\/wp-content\/uploads\/2024\/04\/Prostar-29-600x375.jpg 600w, https:\/\/prostarsolar.com\/wp-content\/uploads\/2024\/04\/Prostar-29-18x12.jpg 18w, https:\/\/prostarsolar.com\/wp-content\/uploads\/2024\/04\/Prostar-29-400x250.jpg 400w\" sizes=\"(max-width: 640px) 100vw, 640px\" \/>                      <\/div>\n                                                              <\/div>\n                  <div class=\"box-text show-on-hover hover-bounce text-center\" style=\"background-color:#f6f7f7;padding:15px 0px 15px 0px;\">\n                        <div class=\"box-text-inner\">\n                            <p>Solutions et cas pour les mines d'acier et de charbon<\/p>\n                        <\/div>\n                  <\/div>\n              <\/div>\n            <\/a>\n            <\/div>\n          <\/div><\/div>\n\n\n\t\t<\/div>\n\t\t\t\t\t<\/div>\n\n\t\n\n<\/div>\n\n\t\t<\/div>\n\n\t\t\n<style>\n#section_1980761672 {\n  padding-top: 30px;\n  padding-bottom: 30px;\n}\n<\/style>\n\t<\/section>","protected":false},"excerpt":{"rendered":"","protected":false},"author":1,"featured_media":0,"parent":0,"menu_order":0,"comment_status":"closed","ping_status":"closed","template":"page-blank.php","meta":{"_acf_changed":false,"footnotes":""},"acf":[],"_links":{"self":[{"href":"https:\/\/prostarsolar.com\/fr\/wp-json\/wp\/v2\/pages\/2998"}],"collection":[{"href":"https:\/\/prostarsolar.com\/fr\/wp-json\/wp\/v2\/pages"}],"about":[{"href":"https:\/\/prostarsolar.com\/fr\/wp-json\/wp\/v2\/types\/page"}],"author":[{"embeddable":true,"href":"https:\/\/prostarsolar.com\/fr\/wp-json\/wp\/v2\/users\/1"}],"replies":[{"embeddable":true,"href":"https:\/\/prostarsolar.com\/fr\/wp-json\/wp\/v2\/comments?post=2998"}],"version-history":[{"count":10,"href":"https:\/\/prostarsolar.com\/fr\/wp-json\/wp\/v2\/pages\/2998\/revisions"}],"predecessor-version":[{"id":3249,"href":"https:\/\/prostarsolar.com\/fr\/wp-json\/wp\/v2\/pages\/2998\/revisions\/3249"}],"wp:attachment":[{"href":"https:\/\/prostarsolar.com\/fr\/wp-json\/wp\/v2\/media?parent=2998"}],"curies":[{"name":"wp","href":"https:\/\/api.w.org\/{rel}","templated":true}]}}